{"id":150444,"date":"2018-05-04T09:45:32","date_gmt":"2018-05-04T07:45:32","guid":{"rendered":"http:\/\/cartelesmix.es\/cartelesdecine\/?page_id=150444"},"modified":"2018-05-04T09:46:55","modified_gmt":"2018-05-04T07:46:55","slug":"cine-espanol","status":"publish","type":"page","link":"https:\/\/cartelesmix.es\/cartelesdecine\/?page_id=150444","title":{"rendered":"Cine Espa\u00f1ol"},"content":{"rendered":"<p><a href=\"http:\/\/cartelesmix.es\/cartelesdecine\/?p=10640\" target=\"_blank\" rel=\"noopener\">\u00a0[\u2022REC] (2007)<\/a> Espa\u00f1a<\/p>\n<p><a href=\"http:\/\/cartelesmix.es\/cartelesdecine\/?p=555\" target=\"_blank\" rel=\"noopener\">\u00a1Ay, Carmela! (1990)<\/a> Espa\u00f1a<\/p>\n<p><a href=\"http:\/\/cartelesmix.es\/cartelesdecine\/?p=1328\" target=\"_blank\" rel=\"noopener\">\u00a1Bienvenido, M\u00edster Marshall! (1953)<\/a> Espa\u00f1a<\/p>\n<p><a href=\"http:\/\/cartelesmix.es\/cartelesdecine\/?p=10539\" target=\"_blank\" rel=\"noopener\">\u00bfQu\u00e9 he hecho yo para merecer esto! (1984)<\/a> Espa\u00f1a<\/p>\n<p><a href=\"http:\/\/cartelesmix.es\/cartelesdecine\/?p=148921\" target=\"_blank\" rel=\"noopener\">\u00bfQui\u00e9n puede matar a un ni\u00f1o? (1976)<\/a> Espa\u00f1a<\/p>\n<p><a href=\"http:\/\/cartelesmix.es\/cartelesdecine\/?p=630\" target=\"_blank\" rel=\"noopener\">Abre los ojos (1997)<\/a> Espa\u00f1a<\/p>\n<p><a href=\"http:\/\/cartelesmix.es\/cartelesdecine\/?p=14747\" target=\"_blank\" rel=\"noopener\">\u00c1gora (2009)<\/a> Espa\u00f1a<\/p>\n<p><a href=\"http:\/\/cartelesmix.es\/cartelesdecine\/?p=723\" target=\"_blank\" rel=\"noopener\">Airbag (1997)<\/a> Espa\u00f1a<\/p>\n<p><a href=\"http:\/\/cartelesmix.es\/cartelesdecine\/?p=14174\" target=\"_blank\" rel=\"noopener\">Amanece, que no es poco (1989)<\/a> Espa\u00f1a<\/p>\n<p><a href=\"http:\/\/cartelesmix.es\/cartelesdecine\/?p=1048\">Arrebato (1979)<\/a> Espa\u00f1a<\/p>\n<p><a href=\"http:\/\/cartelesmix.es\/cartelesdecine\/?p=148924\">Arrugas (2011)<\/a> Espa\u00f1a<\/p>\n<p><a href=\"http:\/\/cartelesmix.es\/cartelesdecine\/?p=20604\" target=\"_blank\" rel=\"noopener\">Atraco a las tres (1962)<\/a> Espa\u00f1a<\/p>\n<p><a href=\"http:\/\/cartelesmix.es\/cartelesdecine\/?p=1155\" target=\"_blank\" rel=\"noopener\">AzulOscuroCasiNegro (2006)<\/a> Espa\u00f1a<\/p>\n<p><a href=\"http:\/\/cartelesmix.es\/cartelesdecine\/?p=40112\" target=\"_blank\" rel=\"noopener\">Balada triste de trompeta (2010)<\/a> Espa\u00f1a<\/p>\n<p><a href=\"http:\/\/cartelesmix.es\/cartelesdecine\/?p=1213\">Barrio (1998)<\/a> Espa\u00f1a<\/p>\n<p><a href=\"http:\/\/cartelesmix.es\/cartelesdecine\/?p=1290\" target=\"_blank\" rel=\"noopener\">Belle \u00c9poque (1992)<\/a> Espa\u00f1a<\/p>\n<p><a href=\"http:\/\/cartelesmix.es\/cartelesdecine\/?p=148685\" target=\"_blank\" rel=\"noopener\">Blancanieves (2012)<\/a> Espa\u00f1a<\/p>\n<p><a href=\"http:\/\/cartelesmix.es\/cartelesdecine\/?p=32901\" target=\"_blank\" rel=\"noopener\">Buried (Enterrado) (2010)<\/a> Espa\u00f1a<\/p>\n<p><a href=\"http:\/\/cartelesmix.es\/cartelesdecine\/?p=1553\" target=\"_blank\" rel=\"noopener\">Calle Mayor (1956)<\/a> Espa\u00f1a<\/p>\n<p><a href=\"http:\/\/cartelesmix.es\/cartelesdecine\/?p=1586\" target=\"_blank\" rel=\"noopener\">Camino (2008)<\/a> Espa\u00f1a<\/p>\n<p><a href=\"http:\/\/cartelesmix.es\/cartelesdecine\/?p=148926\" target=\"_blank\" rel=\"noopener\">Carmina y am\u00e9n. (2014)<\/a> Espa\u00f1a<\/p>\n<p><a href=\"http:\/\/cartelesmix.es\/cartelesdecine\/?p=14785\" target=\"_blank\" rel=\"noopener\">Celda 211 (2009)<\/a> Espa\u00f1a<\/p>\n<p><a href=\"http:\/\/cartelesmix.es\/cartelesdecine\/?p=148928\" target=\"_blank\" rel=\"noopener\">Cr\u00eda cuervos&#8230; (1976)<\/a> Espa\u00f1a<\/p>\n<p><a href=\"http:\/\/cartelesmix.es\/cartelesdecine\/?p=5350\" target=\"_blank\" rel=\"noopener\">El bola (2000)<\/a> Espa\u00f1a<\/p>\n<p><a href=\"http:\/\/cartelesmix.es\/cartelesdecine\/?p=31062\" target=\"_blank\" rel=\"noopener\">El bosque animado (1987)<\/a> Espa\u00f1a<\/p>\n<p><a href=\"http:\/\/cartelesmix.es\/cartelesdecine\/?p=5728\" target=\"_blank\" rel=\"noopener\">El cochecito (1960)<\/a> Espa\u00f1a<\/p>\n<p><a href=\"http:\/\/cartelesmix.es\/cartelesdecine\/?p=148907\" target=\"_blank\" rel=\"noopener\">El crack (1981)<\/a> Espa\u00f1a<\/p>\n<p><a href=\"http:\/\/cartelesmix.es\/cartelesdecine\/?p=148931\" target=\"_blank\" rel=\"noopener\">El cuerpo (2012)<\/a> Espa\u00f1a<\/p>\n<p><a href=\"http:\/\/cartelesmix.es\/cartelesdecine\/?p=148933\" target=\"_blank\" rel=\"noopener\">El desconocido (2015)<\/a> Espa\u00f1a<\/p>\n<p><a href=\"http:\/\/cartelesmix.es\/cartelesdecine\/?p=7227\" target=\"_blank\" rel=\"noopener\">El d\u00eda de la bestia (1995)<\/a> Espa\u00f1a<\/p>\n<p><a href=\"http:\/\/cartelesmix.es\/cartelesdecine\/?p=7348\" target=\"_blank\" rel=\"noopener\">El esp\u00edritu de la colmena (1973)<\/a> Espa\u00f1a<\/p>\n<p><a href=\"http:\/\/cartelesmix.es\/cartelesdecine\/?p=148935\" target=\"_blank\" rel=\"noopener\">El extra\u00f1o viaje (1964)<\/a> Espa\u00f1a<\/p>\n<p><a href=\"http:\/\/cartelesmix.es\/cartelesdecine\/?p=7665\" target=\"_blank\" rel=\"noopener\">El laberinto del fauno (2006)<\/a> Espa\u00f1a<\/p>\n<p><a href=\"http:\/\/cartelesmix.es\/cartelesdecine\/?p=7700\" target=\"_blank\" rel=\"noopener\">El maquinista (2004)<\/a> Espa\u00f1a<\/p>\n<p><a href=\"http:\/\/cartelesmix.es\/cartelesdecine\/?p=7719\" target=\"_blank\" rel=\"noopener\">El m\u00e9todo (2005)<\/a> Espa\u00f1a<\/p>\n<p><a href=\"http:\/\/cartelesmix.es\/cartelesdecine\/?p=7725\" target=\"_blank\" rel=\"noopener\">El milagro de P. Tinto (1998)<\/a> Espa\u00f1a<\/p>\n<p><a href=\"http:\/\/cartelesmix.es\/cartelesdecine\/?p=148939\" target=\"_blank\" rel=\"noopener\">El mundo es nuestro (2012)<\/a> Espa\u00f1a<\/p>\n<p><a href=\"http:\/\/cartelesmix.es\/cartelesdecine\/?p=7757\" target=\"_blank\" rel=\"noopener\">El mundo sigue (1965)<\/a> Espa\u00f1a<\/p>\n<p><a href=\"http:\/\/cartelesmix.es\/cartelesdecine\/?p=148941\" target=\"_blank\" rel=\"noopener\">El Ni\u00f1o (2014)<\/a> Espa\u00f1a<\/p>\n<p><a href=\"http:\/\/cartelesmix.es\/cartelesdecine\/?p=7789\" target=\"_blank\" rel=\"noopener\">El orfanato (2007)<\/a> Espa\u00f1a<\/p>\n<p><a href=\"http:\/\/cartelesmix.es\/cartelesdecine\/?p=7797\" target=\"_blank\" rel=\"noopener\">El otro lado de la cama (2002)<\/a> Espa\u00f1a<\/p>\n<p><a href=\"http:\/\/cartelesmix.es\/cartelesdecine\/?p=8072\" target=\"_blank\" rel=\"noopener\">El Sur (1983)<\/a> Espa\u00f1a<\/p>\n<p><a href=\"http:\/\/cartelesmix.es\/cartelesdecine\/?p=59628\" target=\"_blank\" rel=\"noopener\">El verdugo (1963)<\/a> Espa\u00f1a<\/p>\n<p><a href=\"http:\/\/cartelesmix.es\/cartelesdecine\/?p=8190\" target=\"_blank\" rel=\"noopener\">El viaje a ninguna parte (1986)<\/a> Espa\u00f1a<\/p>\n<p><a href=\"http:\/\/cartelesmix.es\/cartelesdecine\/?p=150130\" target=\"_blank\" rel=\"noopener\">Familia (1996)<\/a> Espa\u00f1a<\/p>\n<p><a href=\"http:\/\/cartelesmix.es\/cartelesdecine\/?p=150133\" target=\"_blank\" rel=\"noopener\">Grupo 7 (2012)<\/a> Espa\u00f1a<\/p>\n<p><a href=\"http:\/\/cartelesmix.es\/cartelesdecine\/?p=8903\" target=\"_blank\" rel=\"noopener\">Hable con ella (2002)<\/a> Espa\u00f1a<\/p>\n<p><a href=\"http:\/\/cartelesmix.es\/cartelesdecine\/?p=150143\" target=\"_blank\" rel=\"noopener\">Kiki, el amor se hace (2016)<\/a> Espa\u00f1a<\/p>\n<p><a href=\"http:\/\/cartelesmix.es\/cartelesdecine\/?p=13179\" target=\"_blank\" rel=\"noopener\">La buena estrella (1997)<\/a> Espa\u00f1a<\/p>\n<p><a href=\"http:\/\/cartelesmix.es\/cartelesdecine\/?p=150150\" target=\"_blank\" rel=\"noopener\">La caza (1966)<\/a> Espa\u00f1a<\/p>\n<p><a href=\"http:\/\/cartelesmix.es\/cartelesdecine\/?p=150156\" target=\"_blank\" rel=\"noopener\">La comunidad (2000)<\/a> Espa\u00f1a<\/p>\n<p><a href=\"http:\/\/cartelesmix.es\/cartelesdecine\/?p=13398\" target=\"_blank\" rel=\"noopener\">La escopeta nacional (1978)<\/a> Espa\u00f1a<\/p>\n<p><a href=\"http:\/\/cartelesmix.es\/cartelesdecine\/?p=150160\" target=\"_blank\" rel=\"noopener\">La gran familia espa\u00f1ola (2013)<\/a> Espa\u00f1a<\/p>\n<p><a href=\"http:\/\/cartelesmix.es\/cartelesdecine\/?p=148914\" target=\"_blank\" rel=\"noopener\">La isla m\u00ednima (2014)<\/a> Espa\u00f1a<\/p>\n<p><a href=\"http:\/\/cartelesmix.es\/cartelesdecine\/?p=13619\" target=\"_blank\" rel=\"noopener\">La lengua de las mariposas (1999)<\/a> Espa\u00f1a<\/p>\n<p><a href=\"http:\/\/cartelesmix.es\/cartelesdecine\/?p=13674\" target=\"_blank\" rel=\"noopener\">La mala educaci\u00f3n (2004)<\/a> Espa\u00f1a<\/p>\n<p><a href=\"http:\/\/cartelesmix.es\/cartelesdecine\/?p=150168\" target=\"_blank\" rel=\"noopener\">La novia (2015)<\/a> Espa\u00f1a<\/p>\n<p><a href=\"http:\/\/cartelesmix.es\/cartelesdecine\/?p=60229\" target=\"_blank\" rel=\"noopener\">La piel que habito (2011)<\/a> Espa\u00f1a<\/p>\n<p><a href=\"http:\/\/cartelesmix.es\/cartelesdecine\/?p=14055\" target=\"_blank\" rel=\"noopener\">La vaquilla (1985)<\/a> Espa\u00f1a<\/p>\n<p><a href=\"http:\/\/cartelesmix.es\/cartelesdecine\/?p=14106\" target=\"_blank\" rel=\"noopener\">La vida secreta de las palabras (2005)<\/a> Espa\u00f1a<\/p>\n<p><a href=\"http:\/\/cartelesmix.es\/cartelesdecine\/?p=150172\" target=\"_blank\" rel=\"noopener\">La voz dormida (2011)<\/a> Espa\u00f1a<\/p>\n<p><a href=\"http:\/\/cartelesmix.es\/cartelesdecine\/?p=150177\" target=\"_blank\" rel=\"noopener\">Las brujas de Zugarramurdi<\/a> (2013) Espa\u00f1a<\/p>\n<p><a href=\"http:\/\/cartelesmix.es\/cartelesdecine\/?p=148683\" target=\"_blank\" rel=\"noopener\">Lo Imposible (2012)<\/a> Espa\u00f1a<\/p>\n<p><a href=\"http:\/\/cartelesmix.es\/cartelesdecine\/?p=14447\" target=\"_blank\" rel=\"noopener\">Los amantes del C\u00edrculo Polar (1998)<\/a> Espa\u00f1a<\/p>\n<p><a href=\"http:\/\/cartelesmix.es\/cartelesdecine\/?p=14504\" target=\"_blank\" rel=\"noopener\">Los cronocr\u00edmenes (2007)<\/a> Espa\u00f1a<\/p>\n<p><a href=\"http:\/\/cartelesmix.es\/cartelesdecine\/?p=14578\" target=\"_blank\" rel=\"noopener\">Los lunes al sol (2002)<\/a> Espa\u00f1a<\/p>\n<p><a href=\"http:\/\/cartelesmix.es\/cartelesdecine\/?p=14605\" target=\"_blank\" rel=\"noopener\">Los otros (2001)<\/a> Espa\u00f1a<\/p>\n<p><a href=\"http:\/\/cartelesmix.es\/cartelesdecine\/?p=150242\" target=\"_blank\" rel=\"noopener\">Los santos inocentes (1984)<\/a> Espa\u00f1a<\/p>\n<p><a href=\"http:\/\/cartelesmix.es\/cartelesdecine\/?p=9654\" target=\"_blank\" rel=\"noopener\">Luc\u00eda y el sexo (2001)<\/a> Espa\u00f1a<\/p>\n<p><a href=\"http:\/\/cartelesmix.es\/cartelesdecine\/?p=150262\" target=\"_blank\" rel=\"noopener\">Magical Girl (2014)<\/a> Espa\u00f1a<\/p>\n<p><a href=\"http:\/\/cartelesmix.es\/cartelesdecine\/?p=12706\" target=\"_blank\" rel=\"noopener\">Mar adentro (2004)<\/a> Espa\u00f1a<\/p>\n<p><a href=\"http:\/\/cartelesmix.es\/cartelesdecine\/?p=150280\" target=\"_blank\" rel=\"noopener\">Mi vida sin m\u00ed (2003)<\/a> Espa\u00f1a<\/p>\n<p><a href=\"http:\/\/cartelesmix.es\/cartelesdecine\/?p=150287\" target=\"_blank\" rel=\"noopener\">Mientras duermes (2011)<\/a> Espa\u00f1a<\/p>\n<p><a href=\"http:\/\/cartelesmix.es\/cartelesdecine\/?p=13068\" target=\"_blank\" rel=\"noopener\">Muerte de un ciclista (1955)<\/a> Espa\u00f1a<\/p>\n<p><a href=\"http:\/\/cartelesmix.es\/cartelesdecine\/?p=13088\" target=\"_blank\" rel=\"noopener\">Mujeres al borde de un ataque de nervios (1988)<\/a> Espa\u00f1a<\/p>\n<p><a href=\"http:\/\/cartelesmix.es\/cartelesdecine\/?p=150309\" target=\"_blank\" rel=\"noopener\">No habr\u00e1 paz para los malvados (2011)<\/a> Espa\u00f1a<\/p>\n<p><a href=\"http:\/\/cartelesmix.es\/cartelesdecine\/?p=150315\" target=\"_blank\" rel=\"noopener\">Ocho apellidos vascos (2014)<\/a> Espa\u00f1a<\/p>\n<p><a href=\"http:\/\/cartelesmix.es\/cartelesdecine\/?p=35948\" target=\"_blank\" rel=\"noopener\">Pa negre (Pan negro) (2010)<\/a> Espa\u00f1a<\/p>\n<p><a href=\"http:\/\/cartelesmix.es\/cartelesdecine\/?p=10387\" target=\"_blank\" rel=\"noopener\">Pl\u00e1cido (1961)<\/a> Espa\u00f1a<\/p>\n<p><a href=\"http:\/\/cartelesmix.es\/cartelesdecine\/?p=45626\" target=\"_blank\" rel=\"noopener\">Primos (2011)<\/a> Espa\u00f1a<\/p>\n<p><a href=\"http:\/\/cartelesmix.es\/cartelesdecine\/?p=10493\" target=\"_blank\" rel=\"noopener\">Princesas (2005)<\/a> Espa\u00f1a<\/p>\n<p><a href=\"http:\/\/cartelesmix.es\/cartelesdecine\/?p=150334\" target=\"_blank\" rel=\"noopener\">Que Dios nos perdone (2016)<\/a> Espa\u00f1a<\/p>\n<p><a href=\"http:\/\/cartelesmix.es\/cartelesdecine\/?p=10899\" target=\"_blank\" rel=\"noopener\">Salvador (Puig Antich) (2006)<\/a> Espa\u00f1a<\/p>\n<p><a href=\"http:\/\/cartelesmix.es\/cartelesdecine\/?p=150349\" target=\"_blank\" rel=\"noopener\">Solas (1999)<\/a> Espa\u00f1a<\/p>\n<p><a href=\"http:\/\/cartelesmix.es\/cartelesdecine\/?p=150353\" target=\"_blank\" rel=\"noopener\">Stockholm (2013)<\/a> Espa\u00f1a<\/p>\n<p><a href=\"http:\/\/cartelesmix.es\/cartelesdecine\/?p=150361\" target=\"_blank\" rel=\"noopener\">Surcos (1951)<\/a> Espa\u00f1a<\/p>\n<p><a href=\"http:\/\/cartelesmix.es\/cartelesdecine\/?p=40765\" target=\"_blank\" rel=\"noopener\">Tambi\u00e9n la lluvia (2010)<\/a> Espa\u00f1a<\/p>\n<p><a href=\"http:\/\/cartelesmix.es\/cartelesdecine\/?p=150367\" target=\"_blank\" rel=\"noopener\">Tarde para la ira (2016)<\/a> Espa\u00f1a<\/p>\n<p><a href=\"http:\/\/cartelesmix.es\/cartelesdecine\/?p=11653\" target=\"_blank\" rel=\"noopener\">Te doy mis ojos (2003)<\/a> Espa\u00f1a<\/p>\n<p><a href=\"http:\/\/cartelesmix.es\/cartelesdecine\/?p=11701\" target=\"_blank\" rel=\"noopener\">Tesis (1996)<\/a> Espa\u00f1a<\/p>\n<p><a href=\"http:\/\/cartelesmix.es\/cartelesdecine\/?p=12058\" target=\"_blank\" rel=\"noopener\">Todo sobre mi madre (1999)<\/a> Espa\u00f1a<\/p>\n<p><a href=\"http:\/\/cartelesmix.es\/cartelesdecine\/?p=12101\" target=\"_blank\" rel=\"noopener\">Torrente, el brazo tonto de la ley (1998)<\/a> Espa\u00f1a<\/p>\n<p><a href=\"http:\/\/cartelesmix.es\/cartelesdecine\/?p=12184\" target=\"_blank\" rel=\"noopener\">Tristana (1970)<\/a> Espa\u00f1a<\/p>\n<p><a href=\"http:\/\/cartelesmix.es\/cartelesdecine\/?p=150376\" target=\"_blank\" rel=\"noopener\">Truman (2015)<\/a> Espa\u00f1a<\/p>\n<p><a href=\"http:\/\/cartelesmix.es\/cartelesdecine\/?p=150398\" target=\"_blank\" rel=\"noopener\">Un monstruo viene a verme (2016)<\/a> Espa\u00f1a<\/p>\n<p><a href=\"http:\/\/cartelesmix.es\/cartelesdecine\/?p=150433\" target=\"_blank\" rel=\"noopener\">Verano 1993 (2017)<\/a> Espa\u00f1a<\/p>\n<p><a href=\"http:\/\/cartelesmix.es\/cartelesdecine\/?p=11556\" target=\"_blank\" rel=\"noopener\">Viridiana (1961)<\/a> Espa\u00f1a<\/p>\n<p><a href=\"http:\/\/cartelesmix.es\/cartelesdecine\/?p=150440\" target=\"_blank\" rel=\"noopener\">Vivir es f\u00e1cil con los ojos cerrados (2013)<\/a> Espa\u00f1a<\/p>\n<p><a href=\"http:\/\/cartelesmix.es\/cartelesdecine\/?p=11584\" target=\"_blank\" rel=\"noopener\">Volver (2006)<\/a> Espa\u00f1a<\/p>\n","protected":false},"excerpt":{"rendered":"<p>\u00a0[\u2022REC] (2007) Espa\u00f1a \u00a1Ay, Carmela! (1990) Espa\u00f1a \u00a1Bienvenido, M\u00edster Marshall! (1953) Espa\u00f1a \u00bfQu\u00e9 he hecho yo para merecer esto! (1984) Espa\u00f1a \u00bfQui\u00e9n puede matar a un ni\u00f1o? (1976) Espa\u00f1a Abre los ojos (1997) Espa\u00f1a \u00c1gora (2009) Espa\u00f1a Airbag (1997) Espa\u00f1a Amanece, que no es poco (1989) Espa\u00f1a Arrebato (1979) Espa\u00f1a Arrugas (2011) Espa\u00f1a Atraco a &hellip; <\/p>\n<p class=\"link-more\"><a href=\"https:\/\/cartelesmix.es\/cartelesdecine\/?page_id=150444\" class=\"more-link\">Continuar leyendo<span class=\"screen-reader-text\"> \u00abCine Espa\u00f1ol\u00bb<\/span><\/a><\/p>\n","protected":false},"author":1,"featured_media":150445,"parent":0,"menu_order":0,"comment_status":"closed","ping_status":"closed","template":"","meta":{"footnotes":""},"class_list":["post-150444","page","type-page","status-publish","has-post-thumbnail","hentry"],"_links":{"self":[{"href":"https:\/\/cartelesmix.es\/cartelesdecine\/index.php?rest_route=\/wp\/v2\/pages\/150444","targetHints":{"allow":["GET"]}}],"collection":[{"href":"https:\/\/cartelesmix.es\/cartelesdecine\/index.php?rest_route=\/wp\/v2\/pages"}],"about":[{"href":"https:\/\/cartelesmix.es\/cartelesdecine\/index.php?rest_route=\/wp\/v2\/types\/page"}],"author":[{"embeddable":true,"href":"https:\/\/cartelesmix.es\/cartelesdecine\/index.php?rest_route=\/wp\/v2\/users\/1"}],"replies":[{"embeddable":true,"href":"https:\/\/cartelesmix.es\/cartelesdecine\/index.php?rest_route=%2Fwp%2Fv2%2Fcomments&post=150444"}],"version-history":[{"count":2,"href":"https:\/\/cartelesmix.es\/cartelesdecine\/index.php?rest_route=\/wp\/v2\/pages\/150444\/revisions"}],"predecessor-version":[{"id":150447,"href":"https:\/\/cartelesmix.es\/cartelesdecine\/index.php?rest_route=\/wp\/v2\/pages\/150444\/revisions\/150447"}],"wp:featuredmedia":[{"embeddable":true,"href":"https:\/\/cartelesmix.es\/cartelesdecine\/index.php?rest_route=\/wp\/v2\/media\/150445"}],"wp:attachment":[{"href":"https:\/\/cartelesmix.es\/cartelesdecine\/index.php?rest_route=%2Fwp%2Fv2%2Fmedia&parent=150444"}],"curies":[{"name":"wp","href":"https:\/\/api.w.org\/{rel}","templated":true}]}}