{"id":150660,"date":"2018-05-05T09:25:46","date_gmt":"2018-05-05T07:25:46","guid":{"rendered":"http:\/\/cartelesmix.es\/cartelesdecine\/?page_id=150660"},"modified":"2018-05-05T09:25:46","modified_gmt":"2018-05-05T07:25:46","slug":"comedias","status":"publish","type":"page","link":"https:\/\/cartelesmix.es\/cartelesdecine\/?page_id=150660","title":{"rendered":"Comedias"},"content":{"rendered":"<p><a href=\"http:\/\/cartelesmix.es\/cartelesdecine\/?p=1328\" target=\"_blank\" rel=\"noopener\">\u00a1Bienvenido, M\u00edster Marshall! (1953)<\/a> Espa\u00f1a<\/p>\n<p><a href=\"http:\/\/cartelesmix.es\/cartelesdecine\/?p=11600\" target=\"_blank\" rel=\"noopener\">\u00bfTel\u00e9fono rojo? Volamos hacia Mosc\u00fa (1964)<\/a> Reino Unido<\/p>\n<p><a href=\"http:\/\/cartelesmix.es\/cartelesdecine\/?p=644\" target=\"_blank\" rel=\"noopener\">Ace Ventura, un detective diferente (1994)<\/a> Estados Unidos<\/p>\n<p><a href=\"http:\/\/cartelesmix.es\/cartelesdecine\/?p=643\" target=\"_blank\" rel=\"noopener\">Ace Ventura: Operaci\u00f3n \u00c1frica (1995)<\/a> Estados Unidos<\/p>\n<p><a href=\"http:\/\/cartelesmix.es\/cartelesdecine\/?p=150448\" target=\"_blank\" rel=\"noopener\">Ag\u00e1rralo como puedas (1988)<\/a> Estados Unidos<\/p>\n<p><a href=\"http:\/\/cartelesmix.es\/cartelesdecine\/?p=723\" target=\"_blank\" rel=\"noopener\">Airbag (1997)<\/a> Espa\u00f1a<\/p>\n<p><a href=\"http:\/\/cartelesmix.es\/cartelesdecine\/?p=792\" target=\"_blank\" rel=\"noopener\">Algo pasa con Mary (1998)<\/a> Estados Unidos<\/p>\n<p><a href=\"http:\/\/cartelesmix.es\/cartelesdecine\/?p=803\" target=\"_blank\" rel=\"noopener\">Ali G anda suelto (2002)<\/a> Reino Unido<\/p>\n<p><a href=\"http:\/\/cartelesmix.es\/cartelesdecine\/?p=14174\" target=\"_blank\" rel=\"noopener\">Amanece, que no es poco (1989)<\/a> Espa\u00f1a<\/p>\n<p><a href=\"http:\/\/cartelesmix.es\/cartelesdecine\/?p=858\" target=\"_blank\" rel=\"noopener\">Amelie (2001)<\/a> Francia<\/p>\n<p><a href=\"http:\/\/cartelesmix.es\/cartelesdecine\/?p=874\" target=\"_blank\" rel=\"noopener\">American Pie (1999)<\/a> Estados Unidos<\/p>\n<p><a href=\"http:\/\/cartelesmix.es\/cartelesdecine\/?p=875\" target=\"_blank\" rel=\"noopener\">American Pie 2 (2001)<\/a> Estados Unidos<\/p>\n<p><a href=\"http:\/\/cartelesmix.es\/cartelesdecine\/?p=970\" target=\"_blank\" rel=\"noopener\">Annie Hall (1977)<\/a> Estados Unidos<\/p>\n<p><a href=\"http:\/\/cartelesmix.es\/cartelesdecine\/?p=1034\" target=\"_blank\" rel=\"noopener\">Arma fatal (2007)<\/a> Reino Unido<\/p>\n<p><a href=\"http:\/\/cartelesmix.es\/cartelesdecine\/?p=1054\" target=\"_blank\" rel=\"noopener\">Ars\u00e9nico por compasi\u00f3n (1944)<\/a> Estados Unidos<\/p>\n<p><a href=\"http:\/\/cartelesmix.es\/cartelesdecine\/?p=1104\" target=\"_blank\" rel=\"noopener\">Aterriza como puedas (1980)<\/a> Estados Unidos<\/p>\n<p><a href=\"http:\/\/cartelesmix.es\/cartelesdecine\/?p=150457\" target=\"_blank\" rel=\"noopener\">Atrapado en el tiempo (1993)<\/a> Estados Unidos<\/p>\n<p><a href=\"http:\/\/cartelesmix.es\/cartelesdecine\/?p=1138\" target=\"_blank\" rel=\"noopener\">Austin Powers 2: La esp\u00eda que me achuch\u00f3 (1999)<\/a> Estados Unidos<\/p>\n<p><a href=\"http:\/\/cartelesmix.es\/cartelesdecine\/?p=1136\" target=\"_blank\" rel=\"noopener\">Austin Powers: Misterioso agente internacional (1997)<\/a> Estados Unidos<\/p>\n<p><a href=\"http:\/\/cartelesmix.es\/cartelesdecine\/?p=14828\" target=\"_blank\" rel=\"noopener\">Bienvenidos a Zombieland (2009)<\/a> Estados Unidos<\/p>\n<p><a href=\"http:\/\/cartelesmix.es\/cartelesdecine\/?p=1331\" target=\"_blank\" rel=\"noopener\">Bienvenidos al Norte (2008)<\/a> Francia<\/p>\n<p><a href=\"http:\/\/cartelesmix.es\/cartelesdecine\/?p=1402\" target=\"_blank\" rel=\"noopener\">Borat: Lecciones culturales de Am\u00e9rica para beneficio de la gloriosa naci\u00f3n de Kazajist\u00e1n (2006)<\/a> Estados Unidos<\/p>\n<p><a href=\"http:\/\/cartelesmix.es\/cartelesdecine\/?p=1868\" target=\"_blank\" rel=\"noopener\">Clerks (1994)<\/a> Estados Unidos<\/p>\n<p><a href=\"http:\/\/cartelesmix.es\/cartelesdecine\/?p=1954\" target=\"_blank\" rel=\"noopener\">Como Dios (2003)<\/a> Estados Unidos<\/p>\n<p><a href=\"http:\/\/cartelesmix.es\/cartelesdecine\/?p=1986\" target=\"_blank\" rel=\"noopener\">Con faldas y a lo loco (1959)<\/a> Estados Unidos<\/p>\n<p><a href=\"http:\/\/cartelesmix.es\/cartelesdecine\/?p=4862\" target=\"_blank\" rel=\"noopener\">Desmontando a Harry (1997)<\/a> Estados Unidos<\/p>\n<p><a href=\"http:\/\/cartelesmix.es\/cartelesdecine\/?p=4912\" target=\"_blank\" rel=\"noopener\">D\u00edas de f\u00fatbol (2003)<\/a> Espa\u00f1a<\/p>\n<p><a href=\"http:\/\/cartelesmix.es\/cartelesdecine\/?p=5082\" target=\"_blank\" rel=\"noopener\">Dos tontos muy tontos (1994)<\/a> Estados Unidos<\/p>\n<p><a href=\"http:\/\/cartelesmix.es\/cartelesdecine\/?p=5149\" target=\"_blank\" rel=\"noopener\">Ed Wood (1994)<\/a> Estados Unidos<\/p>\n<p><a href=\"http:\/\/cartelesmix.es\/cartelesdecine\/?p=5221\" target=\"_blank\" rel=\"noopener\">El apartamento (1960)<\/a> Estados Unidos<\/p>\n<p><a href=\"http:\/\/cartelesmix.es\/cartelesdecine\/?p=5433\" target=\"_blank\" rel=\"noopener\">El chico (1921)<\/a> Estados Unidos<\/p>\n<p><a href=\"http:\/\/cartelesmix.es\/cartelesdecine\/?p=7227\" target=\"_blank\" rel=\"noopener\">El d\u00eda de la bestia (1995)<\/a> Espa\u00f1a<\/p>\n<p><a href=\"http:\/\/cartelesmix.es\/cartelesdecine\/?p=7294\" target=\"_blank\" rel=\"noopener\">El diario de Bridget Jones (2001)<\/a> Reino Unido<\/p>\n<p><a href=\"http:\/\/cartelesmix.es\/cartelesdecine\/?p=7422\" target=\"_blank\" rel=\"noopener\">El gran dictador (1940)<\/a> Estados Unidos<\/p>\n<p><a href=\"http:\/\/cartelesmix.es\/cartelesdecine\/?p=150463\" target=\"_blank\" rel=\"noopener\">El Gran Hotel Budapest (2014)<\/a> Estados Unidos<\/p>\n<p><a href=\"http:\/\/cartelesmix.es\/cartelesdecine\/?p=7433\" target=\"_blank\" rel=\"noopener\">El gran Lebowski (1998)<\/a> Estados Unidos<\/p>\n<p><a href=\"http:\/\/cartelesmix.es\/cartelesdecine\/?p=7461\" target=\"_blank\" rel=\"noopener\">El guateque (1968)<\/a> Estados Unidos<\/p>\n<p><a href=\"http:\/\/cartelesmix.es\/cartelesdecine\/?p=7648\" target=\"_blank\" rel=\"noopener\">El jovencito Frankenstein (1974)<\/a> Estados Unidos<\/p>\n<p><a href=\"http:\/\/cartelesmix.es\/cartelesdecine\/?p=150497\" target=\"_blank\" rel=\"noopener\">El lobo de Wall Street (2013)<\/a> Estados Unidos<\/p>\n<p><a href=\"http:\/\/cartelesmix.es\/cartelesdecine\/?p=7701\" target=\"_blank\" rel=\"noopener\">El maquinista de La General (1926)<\/a> Estados Unidos<\/p>\n<p><a href=\"http:\/\/cartelesmix.es\/cartelesdecine\/?p=7725\" target=\"_blank\" rel=\"noopener\">El milagro de P. Tinto (1998)<\/a> Espa\u00f1a<\/p>\n<p><a href=\"http:\/\/cartelesmix.es\/cartelesdecine\/?p=8020\" target=\"_blank\" rel=\"noopener\">El sentido de la vida (1983)<\/a> Reino Unido<\/p>\n<p><a href=\"http:\/\/cartelesmix.es\/cartelesdecine\/?p=8039\" target=\"_blank\" rel=\"noopener\">El show de Truman (1998)<\/a> Estados Unidos<\/p>\n<p><a href=\"http:\/\/cartelesmix.es\/cartelesdecine\/?p=59628\" target=\"_blank\" rel=\"noopener\">El verdugo (1963)<\/a> Espa\u00f1a<\/p>\n<p><a href=\"http:\/\/cartelesmix.es\/cartelesdecine\/?p=8268\" target=\"_blank\" rel=\"noopener\">En bandeja de plata (1966)<\/a> Estados Unidos<\/p>\n<p><a href=\"http:\/\/cartelesmix.es\/cartelesdecine\/?p=8659\" target=\"_blank\" rel=\"noopener\">Forrest Gump (1994)<\/a> Estados Unidos<\/p>\n<p><a href=\"http:\/\/cartelesmix.es\/cartelesdecine\/?p=8728\" target=\"_blank\" rel=\"noopener\">Full Monty (1997)<\/a> Reino Unido<\/p>\n<p><a href=\"http:\/\/cartelesmix.es\/cartelesdecine\/?p=9084\" target=\"_blank\" rel=\"noopener\">Historias de Filadelfia (1940)<\/a> Estados Unidos<\/p>\n<p><a href=\"http:\/\/cartelesmix.es\/cartelesdecine\/?p=9146\" target=\"_blank\" rel=\"noopener\">Hot Shots \u00a1La madre de todos los desmadres! (1991)<\/a> Estados Unidos<\/p>\n<p><a href=\"http:\/\/cartelesmix.es\/cartelesdecine\/?p=59550\" target=\"_blank\" rel=\"noopener\">Intocable (2011)<\/a> Francia<\/p>\n<p><a href=\"http:\/\/cartelesmix.es\/cartelesdecine\/?p=9394\" target=\"_blank\" rel=\"noopener\">Irma la dulce (1963)<\/a> Estados Unidos<\/p>\n<p><a href=\"http:\/\/cartelesmix.es\/cartelesdecine\/?p=9703\" target=\"_blank\" rel=\"noopener\">Juno (2007)<\/a> Estados Unidos<\/p>\n<p><a href=\"http:\/\/cartelesmix.es\/cartelesdecine\/?p=13278\" target=\"_blank\" rel=\"noopener\">La cena de los idiotas (1998)<\/a> Francia<\/p>\n<p><a href=\"http:\/\/cartelesmix.es\/cartelesdecine\/?p=13418\" target=\"_blank\" rel=\"noopener\">La extra\u00f1a pareja (1968)<\/a> Estados Unidos<\/p>\n<p><a href=\"http:\/\/cartelesmix.es\/cartelesdecine\/?p=13456\" target=\"_blank\" rel=\"noopener\">La fiera de mi ni\u00f1a (1938)<\/a> Estados Unidos<\/p>\n<p><a href=\"http:\/\/cartelesmix.es\/cartelesdecine\/?p=13681\" target=\"_blank\" rel=\"noopener\">La maldici\u00f3n del escorpi\u00f3n de jade (2001)<\/a> Estados Unidos<\/p>\n<p><a href=\"http:\/\/cartelesmix.es\/cartelesdecine\/?p=13701\" target=\"_blank\" rel=\"noopener\">La m\u00e1scara (1994)<\/a> Estados Unidos<\/p>\n<p><a href=\"http:\/\/cartelesmix.es\/cartelesdecine\/?p=13902\" target=\"_blank\" rel=\"noopener\">La quimera del oro (1925)<\/a> Estados Unidos<\/p>\n<p><a href=\"http:\/\/cartelesmix.es\/cartelesdecine\/?p=14040\" target=\"_blank\" rel=\"noopener\">La \u00faltima noche de Boris Grushenko (1975)<\/a> Estados Unidos<\/p>\n<p><a href=\"http:\/\/cartelesmix.es\/cartelesdecine\/?p=14084\" target=\"_blank\" rel=\"noopener\">La vida de Brian (1979)<\/a> Reino Unido<\/p>\n<p><a href=\"http:\/\/cartelesmix.es\/cartelesdecine\/?p=14094\" target=\"_blank\" rel=\"noopener\">La vida es bella (1997)<\/a> Italia<\/p>\n<p><a href=\"http:\/\/cartelesmix.es\/cartelesdecine\/?p=14472\" target=\"_blank\" rel=\"noopener\">Los caballeros de la mesa cuadrada y sus locos seguidores (1975)<\/a> Reino Unido<\/p>\n<p><a href=\"http:\/\/cartelesmix.es\/cartelesdecine\/?p=14480\" target=\"_blank\" rel=\"noopener\">Los cazafantasmas (1984)<\/a> Estados Unidos<\/p>\n<p><a href=\"http:\/\/cartelesmix.es\/cartelesdecine\/?p=14607\" target=\"_blank\" rel=\"noopener\">Los padres de \u00e9l (2004)<\/a> Estados Unidos<\/p>\n<p><a href=\"http:\/\/cartelesmix.es\/cartelesdecine\/?p=14608\" target=\"_blank\" rel=\"noopener\">Los padres de ella (2000)<\/a> Estados Unidos<\/p>\n<p><a href=\"http:\/\/cartelesmix.es\/cartelesdecine\/?p=14698\" target=\"_blank\" rel=\"noopener\">Love Actually (2003)<\/a> Reino Unido<\/p>\n<p><a href=\"http:\/\/cartelesmix.es\/cartelesdecine\/?p=14718\" target=\"_blank\" rel=\"noopener\">Luces de la ciudad (1931)<\/a> Estados Unidos<\/p>\n<p><a href=\"http:\/\/cartelesmix.es\/cartelesdecine\/?p=12690\" target=\"_blank\" rel=\"noopener\">Manhattan (1979)<\/a> Estados Unidos<\/p>\n<p><a href=\"http:\/\/cartelesmix.es\/cartelesdecine\/?p=12602\" target=\"_blank\" rel=\"noopener\">Mars Attacks! (1996)<\/a> Estados Unidos<\/p>\n<p><a href=\"http:\/\/cartelesmix.es\/cartelesdecine\/?p=12828\" target=\"_blank\" rel=\"noopener\">Mejor&#8230; imposible (1997)<\/a> Estados Unidos<\/p>\n<p><a href=\"http:\/\/cartelesmix.es\/cartelesdecine\/?p=12856\" target=\"_blank\" rel=\"noopener\">Mentiroso compulsivo (1997)<\/a> Estados Unidos<\/p>\n<p><a href=\"http:\/\/cartelesmix.es\/cartelesdecine\/?p=12992\" target=\"_blank\" rel=\"noopener\">Misterioso asesinato en Manhattan (1993)<\/a> Estados Unidos<\/p>\n<p><a href=\"http:\/\/cartelesmix.es\/cartelesdecine\/?p=13088\" target=\"_blank\" rel=\"noopener\">Mujeres al borde de un ataque de nervios (1988)<\/a> Espa\u00f1a<\/p>\n<p><a href=\"http:\/\/cartelesmix.es\/cartelesdecine\/?p=10303\" target=\"_blank\" rel=\"noopener\">Peque\u00f1a Miss Sunshine (2006)<\/a> Estados Unidos<\/p>\n<p><a href=\"http:\/\/cartelesmix.es\/cartelesdecine\/?p=10488\" target=\"_blank\" rel=\"noopener\">Primera plana (1974)<\/a> Estados Unidos<\/p>\n<p><a href=\"http:\/\/cartelesmix.es\/cartelesdecine\/?p=10573\" target=\"_blank\" rel=\"noopener\">Quemar despu\u00e9s de leer (2008)<\/a> Estados Unidos<\/p>\n<p><a href=\"http:\/\/cartelesmix.es\/cartelesdecine\/?p=10694\" target=\"_blank\" rel=\"noopener\">Resac\u00f3n en Las Vegas (2009)<\/a> Estados Unidos<\/p>\n<p><a href=\"http:\/\/cartelesmix.es\/cartelesdecine\/?p=10946\" target=\"_blank\" rel=\"noopener\">Scary Movie (2000)<\/a> Estados Unidos<\/p>\n<p><a href=\"http:\/\/cartelesmix.es\/cartelesdecine\/?p=10955\" target=\"_blank\" rel=\"noopener\">Scoop (2006)<\/a> Reino Unido<\/p>\n<p><a href=\"http:\/\/cartelesmix.es\/cartelesdecine\/?p=13948\" target=\"_blank\" rel=\"noopener\">Se\u00f1ora Doubtfire (1993)<\/a> Estados Unidos<\/p>\n<p><a href=\"http:\/\/cartelesmix.es\/cartelesdecine\/?p=11023\" target=\"_blank\" rel=\"noopener\">Ser o no ser (1942)<\/a> Estados Unidos<\/p>\n<p><a href=\"http:\/\/cartelesmix.es\/cartelesdecine\/?p=11078\" target=\"_blank\" rel=\"noopener\">Shrek (2001)<\/a> Estados Unidos<\/p>\n<p><a href=\"http:\/\/cartelesmix.es\/cartelesdecine\/?p=11176\" target=\"_blank\" rel=\"noopener\">Snatch. Cerdos y diamantes (2000)<\/a> Reino Unido<\/p>\n<p><a href=\"http:\/\/cartelesmix.es\/cartelesdecine\/?p=11208\" target=\"_blank\" rel=\"noopener\">Solo en casa (1990)<\/a> Estados Unidos<\/p>\n<p><a href=\"http:\/\/cartelesmix.es\/cartelesdecine\/?p=11248\" target=\"_blank\" rel=\"noopener\">Sopa de ganso (1933)<\/a> Estados Unidos<\/p>\n<p><a href=\"http:\/\/cartelesmix.es\/cartelesdecine\/?p=11424\" target=\"_blank\" rel=\"noopener\">Supersalidos (2007)<\/a> Estados Unidos<\/p>\n<p><a href=\"http:\/\/cartelesmix.es\/cartelesdecine\/?p=11998\" target=\"_blank\" rel=\"noopener\">Tiempos modernos (1936)<\/a> Estados Unidos<\/p>\n<p><a href=\"http:\/\/cartelesmix.es\/cartelesdecine\/?p=12075\" target=\"_blank\" rel=\"noopener\">Toma el dinero y corre (1969)<\/a> Estados Unidos<\/p>\n<p><a href=\"http:\/\/cartelesmix.es\/cartelesdecine\/?p=12085\" target=\"_blank\" rel=\"noopener\">Tootsie (1982)<\/a> Estados Unidos<\/p>\n<p><a href=\"http:\/\/cartelesmix.es\/cartelesdecine\/?p=12087\" target=\"_blank\" rel=\"noopener\">Top Secret! (1984)<\/a> Estados Unidos<\/p>\n<p><a href=\"http:\/\/cartelesmix.es\/cartelesdecine\/?p=12099\" target=\"_blank\" rel=\"noopener\">Torrente 2: Misi\u00f3n en Marbella (2001)<\/a> Espa\u00f1a<\/p>\n<p><a href=\"http:\/\/cartelesmix.es\/cartelesdecine\/?p=12101\" target=\"_blank\" rel=\"noopener\">Torrente, el brazo tonto de la ley (1998)<\/a> Espa\u00f1a<\/p>\n<p><a href=\"http:\/\/cartelesmix.es\/cartelesdecine\/?p=12295\" target=\"_blank\" rel=\"noopener\">Un funeral de muerte (2007)<\/a> Reino Unido<\/p>\n<p><a href=\"http:\/\/cartelesmix.es\/cartelesdecine\/?p=12356\" target=\"_blank\" rel=\"noopener\">Un pez llamado Wanda (1988)<\/a> Reino Unido<\/p>\n<p><a href=\"http:\/\/cartelesmix.es\/cartelesdecine\/?p=12456\" target=\"_blank\" rel=\"noopener\">Una noche en la \u00f3pera (1935)<\/a> Estados Unidos<\/p>\n<p><a href=\"http:\/\/cartelesmix.es\/cartelesdecine\/?p=12484\" target=\"_blank\" rel=\"noopener\">Una terapia peligrosa (1999)<\/a> Estados Unidos<\/p>\n<p><a href=\"http:\/\/cartelesmix.es\/cartelesdecine\/?p=12507\" target=\"_blank\" rel=\"noopener\">Uno, dos, tres (1961)<\/a> Estados Unidos<\/p>\n<p><a href=\"http:\/\/cartelesmix.es\/cartelesdecine\/?p=9454\" target=\"_blank\" rel=\"noopener\">Yo, yo mismo e Irene (2000)<\/a> Estados Unidos<\/p>\n<p><a href=\"http:\/\/cartelesmix.es\/cartelesdecine\/?p=9483\" target=\"_blank\" rel=\"noopener\">Zombies party (2004)<\/a> Reino Unido<\/p>\n<p><a href=\"http:\/\/cartelesmix.es\/cartelesdecine\/?p=9485\" target=\"_blank\" rel=\"noopener\">Zoolander: Un descerebrado de moda (2001)<\/a> Estados Unidos<\/p>\n","protected":false},"excerpt":{"rendered":"<p>\u00a1Bienvenido, M\u00edster Marshall! (1953) Espa\u00f1a \u00bfTel\u00e9fono rojo? Volamos hacia Mosc\u00fa (1964) Reino Unido Ace Ventura, un detective diferente (1994) Estados Unidos Ace Ventura: Operaci\u00f3n \u00c1frica (1995) Estados Unidos Ag\u00e1rralo como puedas (1988) Estados Unidos Airbag (1997) Espa\u00f1a Algo pasa con Mary (1998) Estados Unidos Ali G anda suelto (2002) Reino Unido Amanece, que no es &hellip; <\/p>\n<p class=\"link-more\"><a href=\"https:\/\/cartelesmix.es\/cartelesdecine\/?page_id=150660\" class=\"more-link\">Continuar leyendo<span class=\"screen-reader-text\"> \u00abComedias\u00bb<\/span><\/a><\/p>\n","protected":false},"author":1,"featured_media":150661,"parent":0,"menu_order":0,"comment_status":"closed","ping_status":"closed","template":"","meta":{"footnotes":""},"class_list":["post-150660","page","type-page","status-publish","has-post-thumbnail","hentry"],"_links":{"self":[{"href":"https:\/\/cartelesmix.es\/cartelesdecine\/index.php?rest_route=\/wp\/v2\/pages\/150660","targetHints":{"allow":["GET"]}}],"collection":[{"href":"https:\/\/cartelesmix.es\/cartelesdecine\/index.php?rest_route=\/wp\/v2\/pages"}],"about":[{"href":"https:\/\/cartelesmix.es\/cartelesdecine\/index.php?rest_route=\/wp\/v2\/types\/page"}],"author":[{"embeddable":true,"href":"https:\/\/cartelesmix.es\/cartelesdecine\/index.php?rest_route=\/wp\/v2\/users\/1"}],"replies":[{"embeddable":true,"href":"https:\/\/cartelesmix.es\/cartelesdecine\/index.php?rest_route=%2Fwp%2Fv2%2Fcomments&post=150660"}],"version-history":[{"count":1,"href":"https:\/\/cartelesmix.es\/cartelesdecine\/index.php?rest_route=\/wp\/v2\/pages\/150660\/revisions"}],"predecessor-version":[{"id":150662,"href":"https:\/\/cartelesmix.es\/cartelesdecine\/index.php?rest_route=\/wp\/v2\/pages\/150660\/revisions\/150662"}],"wp:featuredmedia":[{"embeddable":true,"href":"https:\/\/cartelesmix.es\/cartelesdecine\/index.php?rest_route=\/wp\/v2\/media\/150661"}],"wp:attachment":[{"href":"https:\/\/cartelesmix.es\/cartelesdecine\/index.php?rest_route=%2Fwp%2Fv2%2Fmedia&parent=150660"}],"curies":[{"name":"wp","href":"https:\/\/api.w.org\/{rel}","templated":true}]}}