{"id":233562,"date":"2021-04-27T12:11:10","date_gmt":"2021-04-27T11:11:10","guid":{"rendered":"https:\/\/cartelesmix.es\/cartelesdecine\/?page_id=233562"},"modified":"2021-04-27T12:11:44","modified_gmt":"2021-04-27T11:11:44","slug":"premios-oscar-1930-edicion-numero-2","status":"publish","type":"page","link":"https:\/\/cartelesmix.es\/cartelesdecine\/?page_id=233562","title":{"rendered":"Premios Oscar 1930 (1) \u2013 Edici\u00f3n n\u00famero 2"},"content":{"rendered":"<p class=\"western\" align=\"center\"><b>Premios Oscar 1930<\/b><\/p>\n<p class=\"western\" align=\"center\"><b>Segunda <\/b><b>Edici\u00f3n <\/b><\/p>\n<p class=\"western\">03\/04\/1930 &#8211; La segunda ceremonia de entrega de los Premios \u00d3scar se celebr\u00f3 el 3 de abril de 1930 en el The Ambassador Hotel de Los \u00c1ngeles, California y fue conducida por William C. DeMille. La pel\u00edculas de esta edici\u00f3n deb\u00edan haberse estrenado en Los \u00c1ngeles entre el 1 de agosto de 1928 y el 31 de julio de 1929.<\/p>\n<p class=\"western\">La Academia decidi\u00f3 que la 3.\u00aa ceremonia se celebrar\u00eda en noviembre de 1930, para as\u00ed acercar la celebraci\u00f3n de la ceremonia m\u00e1s cerca del periodo de elecci\u00f3n. As\u00ed 1930 es el \u00fanico a\u00f1o en el que se han celebrado dos ceremonias de entrega.<\/p>\n<p class=\"western\">Esta segunda ceremonia incluy\u00f3 varios cambios con respecto a la primera. El m\u00e1s importante de todos fue el hecho de que los ganadores no fueran anunciados previamente a la ceremonia. Adem\u00e1s, el n\u00famero de categor\u00edas se redujo de doce a siete.<\/p>\n<p class=\"western\">Esta edici\u00f3n es \u00fanica, ya que en esta ocasi\u00f3n no hubo nominados oficiales. B\u00fasquedas posteriores han dado como resultado una lista de nominados no oficiales o \u00abde facto\u00bb, basados en registros de cuales fueron las pel\u00edculas evaluadas por los jueces.<\/p>\n<p class=\"western\">Trafalgar es la \u00fanica pel\u00edcula ganadora del premio al mejor director sin haber conseguido la nominaci\u00f3n a mejor pel\u00edcula, sin tener en cuenta la primera edici\u00f3n donde hubo un premio para el mejor director de comedia.<\/p>\n<p class=\"western\">Esta ha sido la \u00fanica edici\u00f3n en la que ninguna pel\u00edcula ha ganado m\u00e1s de un premio.<\/p>\n<p class=\"western\"><strong>Mejor pel\u00edcula<\/strong><\/p>\n<ul>\n<li>\n<p class=\"western\"><span style=\"color: #000080;\"><span lang=\"zxx\"><u><a href=\"https:\/\/cartelesmix.es\/cartelesdecine\/?p=13716\" target=\"_blank\" rel=\"noopener\">La melod\u00eda de Broadway<\/a><\/u><\/span><\/span> dirigida por Harry Beaumont \u00a0\u00a0<span lang=\"zxx\"><u><a href=\"https:\/\/cartelesmix.es\/cartelesdecine\/?p=152589\" target=\"_blank\" rel=\"noopener\"><strong><img decoding=\"async\" src=\"http:\/\/cartelesmix.es\/images\/CartelesA\/oscar.gif\" \/><\/strong><\/a><\/u><\/span><\/p>\n<\/li>\n<li>\n<p class=\"western\"><span style=\"color: #000080;\"><span lang=\"zxx\"><u><a href=\"https:\/\/cartelesmix.es\/cartelesdecine\/?p=10829\" target=\"_blank\" rel=\"noopener\">Ronda nocturna (Alibi)<\/a><\/u><\/span><\/span> dirigida por Roland West<\/p>\n<\/li>\n<li>\n<p class=\"western\"><span style=\"color: #000080;\"><span lang=\"zxx\"><u><a href=\"https:\/\/cartelesmix.es\/cartelesdecine\/?p=8299\" target=\"_blank\" rel=\"noopener\">En el viejo Arizona<\/a><\/u><\/span><\/span> dirigida por Irving Cummings, Raoul Walsh<\/p>\n<\/li>\n<li>\n<p class=\"western\"><span style=\"color: #000080;\"><span lang=\"zxx\"><u><a href=\"https:\/\/cartelesmix.es\/cartelesdecine\/?p=11812\" target=\"_blank\" rel=\"noopener\">The Hollywood Revue of 1929<\/a><\/u><\/span><\/span> dirigida por Charles Reisner<\/p>\n<\/li>\n<li>\n<p class=\"western\"><span style=\"color: #000080;\"><span lang=\"zxx\"><u><a href=\"https:\/\/cartelesmix.es\/cartelesdecine\/?p=7818\" target=\"_blank\" rel=\"noopener\">El patriota<\/a><\/u><\/span><\/span> dirigida por Ernst Lubitsch<\/p>\n<\/li>\n<\/ul>\n<p class=\"western\"><strong>Mejor direcci\u00f3n<\/strong><\/p>\n<ul>\n<li>\n<p class=\"western\">Frank Lloyd por <span style=\"color: #000080;\"><span lang=\"zxx\"><u><a href=\"https:\/\/cartelesmix.es\/cartelesdecine\/?p=12116\" target=\"_blank\" rel=\"noopener\">Trafalgar <\/a> <a href=\"https:\/\/cartelesmix.es\/cartelesdecine\/?p=152589\" target=\"_blank\" rel=\"noopener\"><strong>\u00a0 <img decoding=\"async\" src=\"http:\/\/cartelesmix.es\/images\/CartelesA\/oscar.gif\" \/><\/strong><\/a><\/u><\/span><\/span><\/p>\n<\/li>\n<li>\n<p class=\"western\">Harry Beaumont por <span style=\"color: #000080;\"><span lang=\"zxx\"><u><a href=\"https:\/\/cartelesmix.es\/cartelesdecine\/?p=13716\" target=\"_blank\" rel=\"noopener\">La melod\u00eda de Broadway<\/a><\/u><\/span><\/span><\/p>\n<\/li>\n<li>\n<p class=\"western\">Lionel Barrymore por <span style=\"color: #000080;\"><span lang=\"zxx\"><u><a href=\"https:\/\/cartelesmix.es\/cartelesdecine\/?p=233367\" target=\"_blank\" rel=\"noopener\">La mujer X<\/a><\/u><\/span><\/span><\/p>\n<\/li>\n<li>\n<p class=\"western\">Irving Cummings por <span style=\"color: #000080;\"><span lang=\"zxx\"><u><a href=\"https:\/\/cartelesmix.es\/cartelesdecine\/?p=8299\" target=\"_blank\" rel=\"noopener\">En el viejo Arizona<\/a><\/u><\/span><\/span><\/p>\n<\/li>\n<li>\n<p class=\"western\">Frank Lloyd por <span style=\"color: #000080;\"><span lang=\"zxx\"><u><a href=\"https:\/\/cartelesmix.es\/cartelesdecine\/?p=233372\" target=\"_blank\" rel=\"noopener\">Drag<\/a><\/u><\/span><\/span><\/p>\n<\/li>\n<li>\n<p class=\"western\">Frank Lloyd por <span style=\"color: #000080;\"><span lang=\"zxx\"><u><a href=\"https:\/\/cartelesmix.es\/cartelesdecine\/?p=1653\" target=\"_blank\" rel=\"noopener\">La c\u00e1rcel redentora<\/a><\/u><\/span><\/span><\/p>\n<\/li>\n<li>\n<p class=\"western\">Ernst Lubitsch por <span style=\"color: #000080;\"><span lang=\"zxx\"><u><a href=\"https:\/\/cartelesmix.es\/cartelesdecine\/?p=7818\" target=\"_blank\" rel=\"noopener\">El patriota<\/a><\/u><\/span><\/span><\/p>\n<\/li>\n<\/ul>\n<p class=\"western\"><strong>Mejor actriz principal<\/strong><\/p>\n<ul>\n<li>\n<p class=\"western\">Mary Pickford en <span style=\"color: #000080;\"><span lang=\"zxx\"><u><a href=\"https:\/\/cartelesmix.es\/cartelesdecine\/?p=2048\" target=\"_blank\" rel=\"noopener\">Coqueta\u00a0 <\/a> <a href=\"https:\/\/cartelesmix.es\/cartelesdecine\/?p=152589\" target=\"_blank\" rel=\"noopener\"><strong><img decoding=\"async\" src=\"http:\/\/cartelesmix.es\/images\/CartelesA\/oscar.gif\" \/><\/strong><\/a><\/u><\/span><\/span><\/p>\n<\/li>\n<li>\n<p class=\"western\">Jeanne Eagels en <span style=\"color: #000080;\"><span lang=\"zxx\"><u><a href=\"https:\/\/cartelesmix.es\/cartelesdecine\/?p=233377\" target=\"_blank\" rel=\"noopener\">La carta<\/a><\/u><\/span><\/span><\/p>\n<\/li>\n<li>\n<p class=\"western\">Bessie Love en <span style=\"color: #000080;\"><span lang=\"zxx\"><u><a href=\"https:\/\/cartelesmix.es\/cartelesdecine\/?p=13716\" target=\"_blank\" rel=\"noopener\">La melod\u00eda de Broadway<\/a><\/u><\/span><\/span><\/p>\n<\/li>\n<li>\n<p class=\"western\">Ruth Chatterton en <span style=\"color: #000080;\"><span lang=\"zxx\"><u><a href=\"https:\/\/cartelesmix.es\/cartelesdecine\/?p=233367\" target=\"_blank\" rel=\"noopener\">La mujer X<\/a><\/u><\/span><\/span><\/p>\n<\/li>\n<li>\n<p class=\"western\">Corinne Griffith en <span style=\"color: #000080;\"><span lang=\"zxx\"><u><a href=\"https:\/\/cartelesmix.es\/cartelesdecine\/?p=12116\" target=\"_blank\" rel=\"noopener\">Trafalgar<\/a><\/u><\/span><\/span><\/p>\n<\/li>\n<li>\n<p class=\"western\">Betty Compson <a href=\"https:\/\/cartelesmix.es\/cartelesdecine\/?p=233431\" target=\"_blank\" rel=\"noopener\">El barquero<\/a><\/p>\n<\/li>\n<\/ul>\n<p class=\"western\"><strong>Mejor actor principal<\/strong><\/p>\n<ul>\n<li>\n<p class=\"western\">Warner Baxter en <span style=\"color: #000080;\"><span lang=\"zxx\"><u><a href=\"https:\/\/cartelesmix.es\/cartelesdecine\/?p=8299\" target=\"_blank\" rel=\"noopener\">En el viejo Arizona\u00a0 <\/a><a href=\"https:\/\/cartelesmix.es\/cartelesdecine\/?p=152589\" target=\"_blank\" rel=\"noopener\"><strong><img decoding=\"async\" src=\"http:\/\/cartelesmix.es\/images\/CartelesA\/oscar.gif\" \/><\/strong><\/a><\/u><\/span><\/span><\/p>\n<\/li>\n<li>\n<p class=\"western\">Chester Morris en <span style=\"color: #000080;\"><span lang=\"zxx\"><u><a href=\"https:\/\/cartelesmix.es\/cartelesdecine\/?p=10829\" target=\"_blank\" rel=\"noopener\">Ronda nocturna (Alibi)<\/a><\/u><\/span><\/span><\/p>\n<\/li>\n<li>\n<p class=\"western\">George Bancroft en <a href=\"https:\/\/cartelesmix.es\/cartelesdecine\/?p=233525\" target=\"_blank\" rel=\"noopener\">Thunderbolt<\/a><\/p>\n<\/li>\n<li>\n<p class=\"western\">Paul Muni en <a href=\"https:\/\/cartelesmix.es\/cartelesdecine\/?p=233527\" target=\"_blank\" rel=\"noopener\">El valiente<\/a><\/p>\n<\/li>\n<li>\n<p class=\"western\">Lewis Stone en <span style=\"color: #000080;\"><span lang=\"zxx\"><u><a href=\"https:\/\/cartelesmix.es\/cartelesdecine\/?p=7818\" target=\"_blank\" rel=\"noopener\">El patriota<\/a><\/u><\/span><\/span><\/p>\n<\/li>\n<\/ul>\n<p class=\"western\"><strong>Mejor guion<\/strong><\/p>\n<ul>\n<li>\n<p class=\"western\">Hanns Kr\u00e4ly por <span style=\"color: #000080;\"><span lang=\"zxx\"><u><a href=\"https:\/\/cartelesmix.es\/cartelesdecine\/?p=7818\" target=\"_blank\" rel=\"noopener\">El patriota\u00a0 <\/a><a href=\"https:\/\/cartelesmix.es\/cartelesdecine\/?p=152589\" target=\"_blank\" rel=\"noopener\"><strong><img decoding=\"async\" src=\"http:\/\/cartelesmix.es\/images\/CartelesA\/oscar.gif\" \/><\/strong><\/a><\/u><\/span><\/span><\/p>\n<\/li>\n<li>\n<p class=\"western\">Tom Barry por <span style=\"color: #000080;\"><span lang=\"zxx\"><u><a href=\"https:\/\/cartelesmix.es\/cartelesdecine\/?p=8299\" target=\"_blank\" rel=\"noopener\">En el viejo Arizona<\/a><\/u><\/span><\/span><\/p>\n<\/li>\n<li>\n<p class=\"western\">Tom Barry por <a href=\"https:\/\/cartelesmix.es\/cartelesdecine\/?p=233527\" target=\"_blank\" rel=\"noopener\">El valiente<\/a><\/p>\n<\/li>\n<li>\n<p class=\"western\">Elliot Clawson por <a href=\"https:\/\/cartelesmix.es\/cartelesdecine\/?p=233531\" target=\"_blank\" rel=\"noopener\">The Cop<\/a><\/p>\n<\/li>\n<li>\n<p class=\"western\">Elliot Clawson por <a href=\"https:\/\/cartelesmix.es\/cartelesdecine\/?p=233534\" target=\"_blank\" rel=\"noopener\">The Leatherneck<\/a><\/p>\n<\/li>\n<li>\n<p class=\"western\">Elliot Clawson por <a href=\"https:\/\/cartelesmix.es\/cartelesdecine\/?p=233536\" target=\"_blank\" rel=\"noopener\">Sal of Singapore<\/a><\/p>\n<\/li>\n<li>\n<p class=\"western\">Elliot Clawson por <a href=\"https:\/\/cartelesmix.es\/cartelesdecine\/?p=233538\" target=\"_blank\" rel=\"noopener\">Skyscraper<\/a><\/p>\n<\/li>\n<li>\n<p class=\"western\">Hanns Kr\u00e4ly por <a href=\"https:\/\/cartelesmix.es\/cartelesdecine\/?p=233540\" target=\"_blank\" rel=\"noopener\">The Last of Mrs. Cheyney <\/a><\/p>\n<\/li>\n<li>\n<p class=\"western\">Josephine Lovett por <a href=\"https:\/\/cartelesmix.es\/cartelesdecine\/?p=233542\" target=\"_blank\" rel=\"noopener\">V\u00edrgenes modernas<\/a><\/p>\n<\/li>\n<li>\n<p class=\"western\">Bess Meredyth por <span style=\"color: #000080;\"><span lang=\"zxx\"><u><a href=\"https:\/\/cartelesmix.es\/cartelesdecine\/?p=13766\" target=\"_blank\" rel=\"noopener\">La mujer ligera<\/a><\/u><\/span><\/span><\/p>\n<\/li>\n<li>\n<p class=\"western\">Bess Meredyth por <a href=\"https:\/\/cartelesmix.es\/cartelesdecine\/?p=233544\" target=\"_blank\" rel=\"noopener\">El poder de una mujer<\/a><\/p>\n<\/li>\n<\/ul>\n<p class=\"western\"><strong>Mejor fotograf\u00eda<\/strong><\/p>\n<ul>\n<li>\n<p class=\"western\">Clyde De Vinna por <a href=\"https:\/\/cartelesmix.es\/cartelesdecine\/?p=11720\" target=\"_blank\" rel=\"noopener\">Sombras blancas \u00a0 <u><\/u><\/a><u><a href=\"https:\/\/cartelesmix.es\/cartelesdecine\/?p=152589\" target=\"_blank\" rel=\"noopener\"><strong><img decoding=\"async\" src=\"http:\/\/cartelesmix.es\/images\/CartelesA\/oscar.gif\" \/><\/strong><\/a><\/u><\/p>\n<\/li>\n<li>\n<p class=\"western\">George Barnes por <a href=\"https:\/\/cartelesmix.es\/cartelesdecine\/?p=233542\" target=\"_blank\" rel=\"noopener\">V\u00edrgenes modernas<\/a><\/p>\n<\/li>\n<li>\n<p class=\"western\">Arthur Edeson por <span style=\"color: #000080;\"><span lang=\"zxx\"><u><a href=\"https:\/\/cartelesmix.es\/cartelesdecine\/?p=8299\" target=\"_blank\" rel=\"noopener\">En el viejo Arizona<\/a><\/u><\/span><\/span><\/p>\n<\/li>\n<li>\n<p class=\"western\">John F. Seitz por <span style=\"color: #000080;\"><span lang=\"zxx\"><u><a href=\"https:\/\/cartelesmix.es\/cartelesdecine\/?p=12116\" target=\"_blank\" rel=\"noopener\">Trafalgar<\/a><\/u><\/span><\/span><\/p>\n<\/li>\n<li>\n<p class=\"western\">Ernest Palmer por <a href=\"https:\/\/cartelesmix.es\/cartelesdecine\/?p=233554\" target=\"_blank\" rel=\"noopener\">Los cuatro diablos<\/a><\/p>\n<\/li>\n<li>\n<p class=\"western\"><a name=\"__DdeLink__304_3516013276\"><\/a> Ernest Palmer por <span style=\"color: #000080;\"><span lang=\"zxx\"><u><a href=\"https:\/\/cartelesmix.es\/cartelesdecine\/?p=5205\" target=\"_blank\" rel=\"noopener\">El \u00e1ngel de la calle<\/a><\/u><\/span><\/span><\/p>\n<\/li>\n<\/ul>\n<p class=\"western\"><strong>Mejor dise\u00f1o de producci\u00f3n<\/strong><\/p>\n<ul>\n<li>\n<p class=\"western\">Cedric Gibbons por <a href=\"https:\/\/cartelesmix.es\/cartelesdecine\/?p=233556\" target=\"_blank\" rel=\"noopener\">El puente de San Luis Rey <u><\/u><\/a><span lang=\"zxx\"><u><strong> \u00a0\u00a0<\/strong><\/u><\/span><u><\/u><u><a href=\"https:\/\/cartelesmix.es\/cartelesdecine\/?p=152589\" target=\"_blank\" rel=\"noopener\"><strong> <img decoding=\"async\" src=\"http:\/\/cartelesmix.es\/images\/CartelesA\/oscar.gif\" \/><\/strong><\/a><\/u><\/p>\n<\/li>\n<li>\n<p class=\"western\">William Cameron Menzies por <span style=\"color: #000080;\"><span lang=\"zxx\"><u><a href=\"https:\/\/cartelesmix.es\/cartelesdecine\/?p=10829\" target=\"_blank\" rel=\"noopener\">Ronda nocturna (Alibi)<\/a><\/u><\/span><\/span><\/p>\n<\/li>\n<li>\n<p class=\"western\">William Cameron Menzies por <a href=\"https:\/\/cartelesmix.es\/cartelesdecine\/?p=233558\" target=\"_blank\" rel=\"noopener\">The Awakening<\/a><\/p>\n<\/li>\n<li>\n<p class=\"western\">Hans Dreier por <span style=\"color: #000080;\"><span lang=\"zxx\"><u><a href=\"https:\/\/cartelesmix.es\/cartelesdecine\/?p=7818\" target=\"_blank\" rel=\"noopener\">El patriota<\/a><\/u><\/span><\/span><\/p>\n<\/li>\n<li>\n<p class=\"western\">Mitchell Leisen por <a href=\"https:\/\/cartelesmix.es\/cartelesdecine\/?p=233560\" target=\"_blank\" rel=\"noopener\">Dinamita<\/a><\/p>\n<\/li>\n<li>\n<p class=\"western\">Harry Oliver por <span style=\"color: #000080;\"><span lang=\"zxx\"><u><a href=\"https:\/\/cartelesmix.es\/cartelesdecine\/?p=5205\" target=\"_blank\" rel=\"noopener\">El \u00e1ngel de la calle<\/a><\/u><\/span><\/span><\/p>\n<\/li>\n<\/ul>\n","protected":false},"excerpt":{"rendered":"<p>Premios Oscar 1930 Segunda Edici\u00f3n 03\/04\/1930 &#8211; La segunda ceremonia de entrega de los Premios \u00d3scar se celebr\u00f3 el 3 de abril de 1930 en el The Ambassador Hotel de Los \u00c1ngeles, California y fue conducida por William C. DeMille. La pel\u00edculas de esta edici\u00f3n deb\u00edan haberse estrenado en Los \u00c1ngeles entre el 1 de &hellip; <\/p>\n<p class=\"link-more\"><a href=\"https:\/\/cartelesmix.es\/cartelesdecine\/?page_id=233562\" class=\"more-link\">Continuar leyendo<span class=\"screen-reader-text\"> \u00abPremios Oscar 1930 (1) \u2013 Edici\u00f3n n\u00famero 2\u00bb<\/span><\/a><\/p>\n","protected":false},"author":1,"featured_media":0,"parent":0,"menu_order":0,"comment_status":"closed","ping_status":"closed","template":"","meta":{"footnotes":""},"class_list":["post-233562","page","type-page","status-publish","hentry"],"_links":{"self":[{"href":"https:\/\/cartelesmix.es\/cartelesdecine\/index.php?rest_route=\/wp\/v2\/pages\/233562","targetHints":{"allow":["GET"]}}],"collection":[{"href":"https:\/\/cartelesmix.es\/cartelesdecine\/index.php?rest_route=\/wp\/v2\/pages"}],"about":[{"href":"https:\/\/cartelesmix.es\/cartelesdecine\/index.php?rest_route=\/wp\/v2\/types\/page"}],"author":[{"embeddable":true,"href":"https:\/\/cartelesmix.es\/cartelesdecine\/index.php?rest_route=\/wp\/v2\/users\/1"}],"replies":[{"embeddable":true,"href":"https:\/\/cartelesmix.es\/cartelesdecine\/index.php?rest_route=%2Fwp%2Fv2%2Fcomments&post=233562"}],"version-history":[{"count":4,"href":"https:\/\/cartelesmix.es\/cartelesdecine\/index.php?rest_route=\/wp\/v2\/pages\/233562\/revisions"}],"predecessor-version":[{"id":233566,"href":"https:\/\/cartelesmix.es\/cartelesdecine\/index.php?rest_route=\/wp\/v2\/pages\/233562\/revisions\/233566"}],"wp:attachment":[{"href":"https:\/\/cartelesmix.es\/cartelesdecine\/index.php?rest_route=%2Fwp%2Fv2%2Fmedia&parent=233562"}],"curies":[{"name":"wp","href":"https:\/\/api.w.org\/{rel}","templated":true}]}}