{"id":233699,"date":"2021-04-30T13:07:07","date_gmt":"2021-04-30T12:07:07","guid":{"rendered":"https:\/\/cartelesmix.es\/cartelesdecine\/?page_id=233699"},"modified":"2022-04-30T12:44:05","modified_gmt":"2022-04-30T11:44:05","slug":"premios-oscar-1932-edicion-numero-5","status":"publish","type":"page","link":"https:\/\/cartelesmix.es\/cartelesdecine\/?page_id=233699","title":{"rendered":"Premios Oscar 1932 &#8211; Edici\u00f3n n\u00famero 5"},"content":{"rendered":"<p class=\"western\" align=\"center\"><strong>Premios Oscar 1932 &#8211;\u00a0Edici\u00f3n n\u00famero 5<\/strong><\/p>\n<p class=\"western\">18\/11\/1932 \u2013 La quinta ceremonia de entrega de los Premios \u00d3scar se celebr\u00f3 el 18 de noviembre de 1932 en el The Ambassador Hotel de Los \u00c1ngeles, California y fue conducida por Conrad Nagel. Las pel\u00edculas nominadas en esta edici\u00f3n deb\u00edan haberse estrenado en Los \u00c1ngeles entre el 1 de agosto de 1931 y el 31 de julio de 1932.<\/p>\n<p class=\"western\">Walt Disney cre\u00f3 un cortometraje animado especialmente para el banquete, llamado Parade of the Award Nominees.<\/p>\n<p class=\"western\"><i>Grand Hotel<\/i> se convirti\u00f3 en la \u00fanica pel\u00edcula ganadora del premio a la mejor pel\u00edcula sin haber obtenido ninguna otra nominaci\u00f3n. Tambi\u00e9n fue la \u00faltima pel\u00edcula en ganar ese premio sin conseguir la nominaci\u00f3n a mejor director, hasta Paseando a Miss Daisy en 1989 y la tercera, de siete pel\u00edculas, en ganar el premio sin obtener la nominaci\u00f3n por guion.<\/p>\n<p class=\"western\">Esta fue la primera edici\u00f3n en la que dos pel\u00edculas no nominadas a mejor pel\u00edcula obtuvieron m\u00e1s premios que la pel\u00edcula ganadora, <i>El hombre y el monstruo<\/i> y <i>The Guardsman<\/i>. Este hecho se ha repetido dos veces m\u00e1s, en la 25.\u00aa y en la 79.\u00aa edici\u00f3n.<\/p>\n<p class=\"western\">Esta fue la primera y \u00fanica edici\u00f3n en la que ha habido un empate en la categor\u00eda de mejor actor, y la \u00faltima ceremonia en la que ninguna pel\u00edcula obtuvo m\u00e1s de dos premios.<\/p>\n<p class=\"western\"><b>Mejor pel\u00edcula<\/b><\/p>\n<p class=\"western\"><span style=\"color: #000080;\"><span lang=\"zxx\"><u><a href=\"https:\/\/cartelesmix.es\/cartelesdecine\/?p=8847\" target=\"_blank\" rel=\"noopener\">Gran hotel \u00a0\u00a0<img loading=\"lazy\" decoding=\"async\" class=\"alignnone\" title=\"oscar\" src=\"http:\/\/cartelesmix.es\/images\/CartelesA\/oscar.gif\" alt=\"\" width=\"51\" height=\"13\" \/><\/a><\/u><\/span><\/span><\/p>\n<p class=\"western\"><span style=\"color: #000080;\"><span lang=\"zxx\"><u><a href=\"https:\/\/cartelesmix.es\/cartelesdecine\/?p=7302\" target=\"_blank\" rel=\"noopener\">El doctor Arrowsmith<\/a><\/u><\/span><\/span><\/p>\n<p class=\"western\"><span style=\"color: #000080;\"><span lang=\"zxx\"><u><a href=\"https:\/\/cartelesmix.es\/cartelesdecine\/?p=1165\" target=\"_blank\" rel=\"noopener\">Bad Girl<\/a><\/u><\/span><\/span><\/p>\n<p class=\"western\"><span style=\"color: #000080;\"><span lang=\"zxx\"><u><a href=\"https:\/\/cartelesmix.es\/cartelesdecine\/?p=5387\" target=\"_blank\" rel=\"noopener\">El campe\u00f3n<\/a><\/u><\/span><\/span><\/p>\n<p class=\"western\"><span style=\"color: #000080;\"><span lang=\"zxx\"><u><a href=\"https:\/\/cartelesmix.es\/cartelesdecine\/?p=194365\" target=\"_blank\" rel=\"noopener\">Sed de esc\u00e1ndalo<\/a><\/u><\/span><\/span><\/p>\n<p class=\"western\"><span style=\"color: #000080;\"><span lang=\"zxx\"><u><a href=\"https:\/\/cartelesmix.es\/cartelesdecine\/?p=12432\" target=\"_blank\" rel=\"noopener\">Una hora contigo<\/a><\/u><\/span><\/span><\/p>\n<p class=\"western\"><span style=\"color: #000080;\"><span lang=\"zxx\"><u><a href=\"https:\/\/cartelesmix.es\/cartelesdecine\/?p=7357\" target=\"_blank\" rel=\"noopener\">El expreso de Shanghai<\/a><\/u><\/span><\/span><\/p>\n<p class=\"western\"><span style=\"color: #000080;\"><span lang=\"zxx\"><u><a href=\"https:\/\/cartelesmix.es\/cartelesdecine\/?p=8080\" target=\"_blank\" rel=\"noopener\">El teniente seductor<\/a><\/u><\/span><\/span><\/p>\n<p class=\"western\"><b>Mejor direcci\u00f3n<\/b><\/p>\n<p class=\"western\">Frank Borzage por <span style=\"color: #000080;\"><span lang=\"zxx\"><u><a href=\"https:\/\/cartelesmix.es\/cartelesdecine\/?p=1165\" target=\"_blank\" rel=\"noopener\">Bad Girl\u00a0 \u00a0<img loading=\"lazy\" decoding=\"async\" class=\"alignnone\" title=\"oscar\" src=\"http:\/\/cartelesmix.es\/images\/CartelesA\/oscar.gif\" alt=\"\" width=\"51\" height=\"13\" \/><\/a><\/u><\/span><\/span><\/p>\n<p class=\"western\">King Vidor por <span style=\"color: #000080;\"><span lang=\"zxx\"><u><a href=\"https:\/\/cartelesmix.es\/cartelesdecine\/?p=5387\" target=\"_blank\" rel=\"noopener\">El campe\u00f3n<\/a><\/u><\/span><\/span><\/p>\n<p class=\"western\">Josef von Sternberg por <span style=\"color: #000080;\"><span lang=\"zxx\"><u><a href=\"https:\/\/cartelesmix.es\/cartelesdecine\/?p=7357\" target=\"_blank\" rel=\"noopener\">El expreso de Shanghai<\/a><\/u><\/span><\/span><\/p>\n<p class=\"western\"><b>Mejor actriz principal<\/b><\/p>\n<p class=\"western\">Helen Hayes &#8211; <span style=\"color: #000080;\"><span lang=\"zxx\"><u><a href=\"https:\/\/cartelesmix.es\/cartelesdecine\/?p=7821\" target=\"_blank\" rel=\"noopener\">El pecado de Madelon Claudet \u00a0 \u00a0 \u00a0<img loading=\"lazy\" decoding=\"async\" class=\"alignnone\" title=\"oscar\" src=\"http:\/\/cartelesmix.es\/images\/CartelesA\/oscar.gif\" alt=\"\" width=\"51\" height=\"13\" \/><\/a><\/u><\/span><\/span><\/p>\n<p class=\"western\">Marie Dressler &#8211; <a href=\"https:\/\/cartelesmix.es\/cartelesdecine\/?p=233683\" target=\"_blank\" rel=\"noopener\">Emma<\/a><\/p>\n<p class=\"western\">Lynn Fontanne &#8211; <span style=\"color: #000080;\"><span lang=\"zxx\"><u><a href=\"https:\/\/cartelesmix.es\/cartelesdecine\/?p=11798\" target=\"_blank\" rel=\"noopener\">S\u00f3lo ella lo sabe<\/a><\/u><\/span><\/span><\/p>\n<p class=\"western\"><b>Mejor actor principal<\/b><\/p>\n<p class=\"western\">Wallace Beery &#8211; <span style=\"color: #000080;\"><span lang=\"zxx\"><u><a href=\"https:\/\/cartelesmix.es\/cartelesdecine\/?p=5387\" target=\"_blank\" rel=\"noopener\">El campe\u00f3n \u00a0 \u00a0 \u00a0<img loading=\"lazy\" decoding=\"async\" class=\"alignnone\" title=\"oscar\" src=\"http:\/\/cartelesmix.es\/images\/CartelesA\/oscar.gif\" alt=\"\" width=\"51\" height=\"13\" \/><\/a><\/u><\/span><\/span><\/p>\n<p class=\"western\"><a name=\"__DdeLink__82_475829922\"><\/a> Fredric March &#8211; <span style=\"color: #000080;\"><span lang=\"zxx\"><u><a href=\"https:\/\/cartelesmix.es\/cartelesdecine\/?p=7593\" target=\"_blank\" rel=\"noopener\">El hombre y el monstruo<\/a><\/u><\/span><\/span><\/p>\n<p class=\"western\">Alfred Lunt &#8211; <span style=\"color: #000080;\"><span lang=\"zxx\"><u><a href=\"https:\/\/cartelesmix.es\/cartelesdecine\/?p=11798\" target=\"_blank\" rel=\"noopener\">S\u00f3lo ella lo sabe<\/a><\/u><\/span><\/span><\/p>\n<p class=\"western\"><b>Mejor guion<\/b><\/p>\n<p class=\"western\">Edwin J. Burke &#8211; <span style=\"color: #000080;\"><span lang=\"zxx\"><u><a href=\"https:\/\/cartelesmix.es\/cartelesdecine\/?p=1165\" target=\"_blank\" rel=\"noopener\">Bad Girl \u00a0 \u00a0 \u00a0<img loading=\"lazy\" decoding=\"async\" class=\"alignnone\" title=\"oscar\" src=\"http:\/\/cartelesmix.es\/images\/CartelesA\/oscar.gif\" alt=\"\" width=\"51\" height=\"13\" \/><\/a><\/u><\/span><\/span><\/p>\n<p class=\"western\">Sidney Howard &#8211; <span style=\"color: #000080;\"><span lang=\"zxx\"><u><a href=\"https:\/\/cartelesmix.es\/cartelesdecine\/?p=7302\" target=\"_blank\" rel=\"noopener\">El doctor Arrowsmith<\/a><\/u><\/span><\/span><\/p>\n<p class=\"western\">Percy Heath, Samuel Hoffenstein &#8211; <span style=\"color: #000080;\"><span lang=\"zxx\"><u><a href=\"https:\/\/cartelesmix.es\/cartelesdecine\/?p=7593\" target=\"_blank\" rel=\"noopener\">El hombre y el monstruo<\/a><\/u><\/span><\/span><\/p>\n<p class=\"western\"><b>Mejor argumento<\/b><\/p>\n<p class=\"western\">Frances Marion &#8211; <span style=\"color: #000080;\"><span lang=\"zxx\"><u><a href=\"https:\/\/cartelesmix.es\/cartelesdecine\/?p=5387\" target=\"_blank\" rel=\"noopener\">El campe\u00f3n \u00a0 \u00a0 \u00a0<img loading=\"lazy\" decoding=\"async\" class=\"alignnone\" title=\"oscar\" src=\"http:\/\/cartelesmix.es\/images\/CartelesA\/oscar.gif\" alt=\"\" width=\"51\" height=\"13\" \/><\/a><\/u><\/span><\/span><\/p>\n<p class=\"western\">Grover Jones, William Slavens McNutt &#8211; <a href=\"https:\/\/cartelesmix.es\/cartelesdecine\/?p=233685\" target=\"_blank\" rel=\"noopener\">El retador<\/a><\/p>\n<p class=\"western\">Lucien Hubbard &#8211; <a href=\"https:\/\/cartelesmix.es\/cartelesdecine\/?p=233687\" target=\"_blank\" rel=\"noopener\">El testigo<\/a><\/p>\n<p class=\"western\">Adela Rogers St. Johns, Jane Murfin &#8211; <a href=\"https:\/\/cartelesmix.es\/cartelesdecine\/?p=9100\" target=\"_blank\" rel=\"noopener\">Hollywood al desnudo<\/a><\/p>\n<p class=\"western\"><b>Mejor fotograf\u00eda<\/b><\/p>\n<p class=\"western\">Lee Garmes &#8211; <span style=\"color: #000080;\"><span lang=\"zxx\"><u><a href=\"https:\/\/cartelesmix.es\/cartelesdecine\/?p=7357\" target=\"_blank\" rel=\"noopener\">El expreso de Shanghai \u00a0 \u00a0 \u00a0<img loading=\"lazy\" decoding=\"async\" class=\"alignnone\" title=\"oscar\" src=\"http:\/\/cartelesmix.es\/images\/CartelesA\/oscar.gif\" alt=\"\" width=\"51\" height=\"13\" \/><\/a><\/u><\/span><\/span><\/p>\n<p class=\"western\">Ray June &#8211; <span style=\"color: #000080;\"><span lang=\"zxx\"><u><a href=\"https:\/\/cartelesmix.es\/cartelesdecine\/?p=7302\" target=\"_blank\" rel=\"noopener\">El doctor Arrowsmith<\/a><\/u><\/span><\/span><\/p>\n<p class=\"western\">Karl Struss &#8211; <span style=\"color: #000080;\"><span lang=\"zxx\"><u><a href=\"https:\/\/cartelesmix.es\/cartelesdecine\/?p=7593\" target=\"_blank\" rel=\"noopener\">El hombre y el monstruo<\/a><\/u><\/span><\/span><\/p>\n<p class=\"western\"><b>Mejor dise\u00f1o de producci\u00f3n<\/b><\/p>\n<p class=\"western\">Gordon Wiles &#8211; <a href=\"https:\/\/cartelesmix.es\/cartelesdecine\/?p=233689\" target=\"_blank\" rel=\"noopener\">Camarotes de lujo \u00a0 \u00a0 \u00a0<img loading=\"lazy\" decoding=\"async\" class=\"alignnone\" title=\"oscar\" src=\"http:\/\/cartelesmix.es\/images\/CartelesA\/oscar.gif\" alt=\"\" width=\"51\" height=\"13\" \/><\/a><\/p>\n<p class=\"western\">Richard Day &#8211; <span style=\"color: #000080;\"><span lang=\"zxx\"><u><a href=\"https:\/\/cartelesmix.es\/cartelesdecine\/?p=7302\" target=\"_blank\" rel=\"noopener\">El doctor Arrowsmith<\/a><\/u><\/span><\/span><\/p>\n<p class=\"western\">Lazare Meerson &#8211; <a href=\"https:\/\/cartelesmix.es\/cartelesdecine\/?p=194297\" target=\"_blank\" rel=\"noopener\">Viva la libertad<\/a><\/p>\n<p class=\"western\"><b>Mejor cortometraje de animaci\u00f3n<\/b><\/p>\n<p class=\"western\"><a href=\"https:\/\/cartelesmix.es\/cartelesdecine\/?p=233691\" target=\"_blank\" rel=\"noopener\">\u00c1rboles y flores<\/a> \u2013 Walt Disney \u00a0 \u00a0 \u00a0<img loading=\"lazy\" decoding=\"async\" class=\"alignnone\" title=\"oscar\" src=\"http:\/\/cartelesmix.es\/images\/CartelesA\/oscar.gif\" alt=\"\" width=\"51\" height=\"13\" \/><\/p>\n<p class=\"western\"><a href=\"https:\/\/cartelesmix.es\/cartelesdecine\/?p=233693\" target=\"_blank\" rel=\"noopener\">Los hu\u00e9rfanos de Mickey<\/a> \u2013 Walt Disney<\/p>\n<p class=\"western\"><a href=\"https:\/\/cartelesmix.es\/cartelesdecine\/?p=233695\" target=\"_blank\" rel=\"noopener\">It&#8217;s Got Me Again!<\/a> &#8211; Leon Schlesinger<\/p>\n<p class=\"western\"><b>Mejor cortometraje de ficci\u00f3n \u2013 Comedia<\/b><\/p>\n<p class=\"western\"><a href=\"https:\/\/cartelesmix.es\/cartelesdecine\/?p=233697\" target=\"_blank\" rel=\"noopener\">Haciendo de las suyas<\/a> &#8211; Hal Roach \u00a0 \u00a0 \u00a0<img loading=\"lazy\" decoding=\"async\" class=\"alignnone\" title=\"oscar\" src=\"http:\/\/cartelesmix.es\/images\/CartelesA\/oscar.gif\" alt=\"\" width=\"51\" height=\"13\" \/><\/p>\n<p class=\"western\"><b>Mejor cortometraje de ficci\u00f3n \u2013 Innovaci\u00f3n<\/b><\/p>\n<p class=\"western\">Wrestling Swordfish \u2013 Mack Sennett \u00a0 \u00a0 \u00a0<img loading=\"lazy\" decoding=\"async\" class=\"alignnone\" title=\"oscar\" src=\"http:\/\/cartelesmix.es\/images\/CartelesA\/oscar.gif\" alt=\"\" width=\"51\" height=\"13\" \/><\/p>\n<p class=\"western\"><b>Oscar Honorifico<\/b><\/p>\n<p class=\"western\">Walt Disney<\/p>\n<p class=\"western\">\u00a0 \u00a0 \u00a0 <a href=\"https:\/\/cartelesmix.es\/cartelesdecine\/wp-content\/uploads\/2021\/04\/waltdisney32001.jpg\" target=\"_blank\" rel=\"noopener\"><img loading=\"lazy\" decoding=\"async\" class=\"alignnone wp-image-233682 size-medium\" src=\"https:\/\/cartelesmix.es\/cartelesdecine\/wp-content\/uploads\/2021\/04\/waltdisney32001-192x240.jpg\" alt=\"\" width=\"192\" height=\"240\" srcset=\"https:\/\/cartelesmix.es\/cartelesdecine\/wp-content\/uploads\/2021\/04\/waltdisney32001-192x240.jpg 192w, https:\/\/cartelesmix.es\/cartelesdecine\/wp-content\/uploads\/2021\/04\/waltdisney32001-768x962.jpg 768w, https:\/\/cartelesmix.es\/cartelesdecine\/wp-content\/uploads\/2021\/04\/waltdisney32001.jpg 862w\" sizes=\"auto, (max-width: 192px) 100vw, 192px\" \/><\/a>\u00a0 \u00a0 \u00a0 \u00a0 por la creaci\u00f3n de Mickey Mouse.<\/p>\n","protected":false},"excerpt":{"rendered":"<p>Premios Oscar 1932 &#8211;\u00a0Edici\u00f3n n\u00famero 5 18\/11\/1932 \u2013 La quinta ceremonia de entrega de los Premios \u00d3scar se celebr\u00f3 el 18 de noviembre de 1932 en el The Ambassador Hotel de Los \u00c1ngeles, California y fue conducida por Conrad Nagel. Las pel\u00edculas nominadas en esta edici\u00f3n deb\u00edan haberse estrenado en Los \u00c1ngeles entre el 1 &hellip; <\/p>\n<p class=\"link-more\"><a href=\"https:\/\/cartelesmix.es\/cartelesdecine\/?page_id=233699\" class=\"more-link\">Continuar leyendo<span class=\"screen-reader-text\"> \u00abPremios Oscar 1932 &#8211; Edici\u00f3n n\u00famero 5\u00bb<\/span><\/a><\/p>\n","protected":false},"author":1,"featured_media":0,"parent":0,"menu_order":0,"comment_status":"closed","ping_status":"closed","template":"","meta":{"footnotes":""},"class_list":["post-233699","page","type-page","status-publish","hentry"],"_links":{"self":[{"href":"https:\/\/cartelesmix.es\/cartelesdecine\/index.php?rest_route=\/wp\/v2\/pages\/233699","targetHints":{"allow":["GET"]}}],"collection":[{"href":"https:\/\/cartelesmix.es\/cartelesdecine\/index.php?rest_route=\/wp\/v2\/pages"}],"about":[{"href":"https:\/\/cartelesmix.es\/cartelesdecine\/index.php?rest_route=\/wp\/v2\/types\/page"}],"author":[{"embeddable":true,"href":"https:\/\/cartelesmix.es\/cartelesdecine\/index.php?rest_route=\/wp\/v2\/users\/1"}],"replies":[{"embeddable":true,"href":"https:\/\/cartelesmix.es\/cartelesdecine\/index.php?rest_route=%2Fwp%2Fv2%2Fcomments&post=233699"}],"version-history":[{"count":6,"href":"https:\/\/cartelesmix.es\/cartelesdecine\/index.php?rest_route=\/wp\/v2\/pages\/233699\/revisions"}],"predecessor-version":[{"id":233705,"href":"https:\/\/cartelesmix.es\/cartelesdecine\/index.php?rest_route=\/wp\/v2\/pages\/233699\/revisions\/233705"}],"wp:attachment":[{"href":"https:\/\/cartelesmix.es\/cartelesdecine\/index.php?rest_route=%2Fwp%2Fv2%2Fmedia&parent=233699"}],"curies":[{"name":"wp","href":"https:\/\/api.w.org\/{rel}","templated":true}]}}