{"id":235599,"date":"2022-04-30T12:26:06","date_gmt":"2022-04-30T11:26:06","guid":{"rendered":"https:\/\/cartelesmix.es\/cartelesdecine\/?page_id=235599"},"modified":"2022-04-30T12:44:48","modified_gmt":"2022-04-30T11:44:48","slug":"premios-oscar-1935-edicion-numero-7","status":"publish","type":"page","link":"https:\/\/cartelesmix.es\/cartelesdecine\/?page_id=235599","title":{"rendered":"Premios Oscar 1935 \u2013 Edici\u00f3n n\u00famero 7"},"content":{"rendered":"<p style=\"text-align: center;\"><strong>Premios Oscar 1935 \u2013 Edici\u00f3n n\u00famero 7<\/strong><\/p>\n<p class=\"western\">27\/02\/1935 \u2013 La s\u00e9ptima ceremonia de entrega de los \u00d3scar se celebr\u00f3 el 27 de febrero de 1935 en el Biltmore Hotel de Los \u00c1ngeles, California y fue presentada por Irvin S. Cobb.<\/p>\n<p class=\"western\">La comedia rom\u00e1ntica de Frank Capra <i>Sucedi\u00f3 una noche<\/i> se convirti\u00f3 en la primera pel\u00edcula en la historia en conseguir los cinco premios m\u00e1s importantes: mejor pel\u00edcula, mejor director, mejor actor, mejor actriz y mejor guion. Este logro solo se ha repetido otras dos veces; en 1976 por <i>Alguien vol\u00f3 sobre el nido del cuco<\/i> y en 1992 por <i>El silencio de los corderos<\/i>. Tambi\u00e9n fue la primera comedia rom\u00e1ntica que consigui\u00f3 el premio a la mejor pel\u00edcula.<\/p>\n<p class=\"western\">Por primera vez, la Academia estandariz\u00f3 la pr\u00e1ctica, todav\u00eda vigente, de que el per\u00edodo de elegibilidad para poder premiar a una pel\u00edcula ser\u00eda el a\u00f1o anterior.<\/p>\n<p class=\"western\">Shirley Temple recibi\u00f3 el primer Premio Juvenil de la Academia con solo 6 a\u00f1os, convirti\u00e9ndola en la ganadora m\u00e1s joven de un premio.<\/p>\n<p class=\"western\"><b>Mejor pel\u00edcula<\/b><\/p>\n<p class=\"western\"><span style=\"color: #000080;\"><span lang=\"zxx\"><u><a href=\"https:\/\/cartelesmix.es\/cartelesdecine\/?p=11379\" target=\"_blank\" rel=\"noopener\">Sucedi\u00f3 una noche<\/a><\/u><\/span><\/span> &#8211;\u00a0 <img decoding=\"async\" src=\"http:\/\/cartelesmix.es\/images\/CartelesA\/oscar.gif\" \/><\/p>\n<p class=\"western\"><span style=\"color: #000080;\"><span lang=\"zxx\"><u><a href=\"https:\/\/cartelesmix.es\/cartelesdecine\/?p=1864\" target=\"_blank\" rel=\"noopener\">Cleopatra<\/a><\/u><\/span><\/span><\/p>\n<p class=\"western\"><span style=\"color: #000080;\"><span lang=\"zxx\"><u><a href=\"https:\/\/cartelesmix.es\/cartelesdecine\/?p=13123\" target=\"_blank\" rel=\"noopener\">La alegre divorciada<\/a><\/u><\/span><\/span><\/p>\n<p class=\"western\"><span style=\"color: #000080;\"><span lang=\"zxx\"><u><a href=\"https:\/\/cartelesmix.es\/cartelesdecine\/?p=9320\" target=\"_blank\" rel=\"noopener\">Imitaci\u00f3n de la vida<\/a><\/u><\/span><\/span><\/p>\n<p class=\"western\"><span style=\"color: #000080;\"><span lang=\"zxx\"><u><a href=\"https:\/\/cartelesmix.es\/cartelesdecine\/?p=12454\" target=\"_blank\" rel=\"noopener\">Una noche de amor<\/a><\/u><\/span><\/span><\/p>\n<p class=\"western\"><span style=\"color: #000080;\"><span lang=\"zxx\"><u><a href=\"https:\/\/cartelesmix.es\/cartelesdecine\/?p=13277\" target=\"_blank\" rel=\"noopener\">La cena de los acusados<\/a><\/u><\/span><\/span><\/p>\n<p class=\"western\"><span style=\"color: #000080;\"><span lang=\"zxx\"><u><a href=\"https:\/\/cartelesmix.es\/cartelesdecine\/?p=11565\" target=\"_blank\" rel=\"noopener\">\u00a1Viva Villa!<\/a><\/u><\/span><\/span><\/p>\n<p class=\"western\"><span style=\"color: #000080;\"><span lang=\"zxx\"><u><a href=\"https:\/\/cartelesmix.es\/cartelesdecine\/?p=13492\" target=\"_blank\" rel=\"noopener\">La generalita<\/a><\/u><\/span><\/span><\/p>\n<p class=\"western\"><span style=\"color: #000080;\"><span lang=\"zxx\"><u><a href=\"https:\/\/cartelesmix.es\/cartelesdecine\/?p=1013\" target=\"_blank\" rel=\"noopener\">Aqu\u00ed viene la armada<\/a><\/u><\/span><\/span><\/p>\n<p class=\"western\"><span style=\"color: #000080;\"><span lang=\"zxx\"><u><a href=\"https:\/\/cartelesmix.es\/cartelesdecine\/?p=13257\" target=\"_blank\" rel=\"noopener\">La casa de los Rothschild<\/a><\/u><\/span><\/span><\/p>\n<p class=\"western\"><span style=\"color: #000080;\"><span lang=\"zxx\"><u><a href=\"https:\/\/cartelesmix.es\/cartelesdecine\/?p=235525\" target=\"_blank\" rel=\"noopener\">La legi\u00f3n blanca<\/a><\/u><\/span><\/span><\/p>\n<p class=\"western\"><span style=\"color: #000080;\"><span lang=\"zxx\"><u><a href=\"https:\/\/cartelesmix.es\/cartelesdecine\/?p=14287\" target=\"_blank\" rel=\"noopener\">Las v\u00edrgenes de Wimpole Street<\/a><\/u><\/span><\/span><\/p>\n<p class=\"western\"><b>Mejor direcci\u00f3n<\/b><\/p>\n<p class=\"western\"><span style=\"color: #000080;\"><span lang=\"zxx\"><u><a href=\"https:\/\/cartelesmix.es\/cartelesdecine\/?p=11379\" target=\"_blank\" rel=\"noopener\">Sucedi\u00f3 una noche<\/a><\/u><\/span><\/span> &#8211; Frank Capra &#8211;\u00a0 <img decoding=\"async\" src=\"http:\/\/cartelesmix.es\/images\/CartelesA\/oscar.gif\" \/><\/p>\n<p class=\"western\"><span style=\"color: #000080;\"><span lang=\"zxx\"><u><a href=\"https:\/\/cartelesmix.es\/cartelesdecine\/?p=12454\" target=\"_blank\" rel=\"noopener\">Una noche de amor<\/a><\/u><\/span><\/span> &#8211; Victor Schertzinger<\/p>\n<p class=\"western\"><span style=\"color: #000080;\"><span lang=\"zxx\"><u><a href=\"https:\/\/cartelesmix.es\/cartelesdecine\/?p=13277\" target=\"_blank\" rel=\"noopener\">La cena de los acusados<\/a><\/u><\/span><\/span> &#8211; W.S. Van Dyke<\/p>\n<p class=\"western\"><b>Mejor actriz principal<\/b><\/p>\n<p class=\"western\">Claudette Colbert &#8211; <span style=\"color: #000080;\"><span lang=\"zxx\"><u><a href=\"https:\/\/cartelesmix.es\/cartelesdecine\/?p=11379\" target=\"_blank\" rel=\"noopener\">Sucedi\u00f3 una noche<\/a><\/u><\/span><\/span> &#8211;\u00a0 <img decoding=\"async\" src=\"http:\/\/cartelesmix.es\/images\/CartelesA\/oscar.gif\" \/><\/p>\n<p class=\"western\">Bette Davis &#8211; <span style=\"color: #000080;\"><span lang=\"zxx\"><u><a href=\"https:\/\/cartelesmix.es\/cartelesdecine\/?p=1722\" target=\"_blank\" rel=\"noopener\">Cautivo del deseo<\/a><\/u><\/span><\/span><\/p>\n<p class=\"western\">Grace Moore &#8211; <span style=\"color: #000080;\"><span lang=\"zxx\"><u><a href=\"https:\/\/cartelesmix.es\/cartelesdecine\/?p=12454\" target=\"_blank\" rel=\"noopener\">Una noche de amor<\/a><\/u><\/span><\/span><\/p>\n<p class=\"western\">Norma Shearer &#8211; <span style=\"color: #000080;\"><span lang=\"zxx\"><u><a href=\"https:\/\/cartelesmix.es\/cartelesdecine\/?p=14287\" target=\"_blank\" rel=\"noopener\">Las v\u00edrgenes de Wimpole Street<\/a><\/u><\/span><\/span><\/p>\n<p class=\"western\"><b>Mejor actor principal<\/b><\/p>\n<p class=\"western\">Clark Gable &#8211; <span style=\"color: #000080;\"><span lang=\"zxx\"><u><a href=\"https:\/\/cartelesmix.es\/cartelesdecine\/?p=11379\" target=\"_blank\" rel=\"noopener\">Sucedi\u00f3 una noche<\/a><\/u><\/span><\/span> &#8211;\u00a0 <img decoding=\"async\" src=\"http:\/\/cartelesmix.es\/images\/CartelesA\/oscar.gif\" \/><\/p>\n<p class=\"western\">Frank Morgan &#8211; <span style=\"color: #000080;\"><span lang=\"zxx\"><u><a href=\"https:\/\/cartelesmix.es\/cartelesdecine\/?p=235509\" target=\"_blank\" rel=\"noopener\">El burlador de Florencia<\/a><\/u><\/span><\/span><\/p>\n<p class=\"western\">William Powell &#8211; <span style=\"color: #000080;\"><span lang=\"zxx\"><u><a href=\"https:\/\/cartelesmix.es\/cartelesdecine\/?p=13277\" target=\"_blank\" rel=\"noopener\">La cena de los acusados<\/a><\/u><\/span><\/span><\/p>\n<p class=\"western\"><b>Mejor guion Adaptado<\/b><\/p>\n<p class=\"western\">Robert Riskin &#8211; <span style=\"color: #000080;\"><span lang=\"zxx\"><u><a href=\"https:\/\/cartelesmix.es\/cartelesdecine\/?p=11379\" target=\"_blank\" rel=\"noopener\">Sucedi\u00f3 una noche<\/a><\/u><\/span><\/span> &#8211;\u00a0 <img decoding=\"async\" src=\"http:\/\/cartelesmix.es\/images\/CartelesA\/oscar.gif\" \/><\/p>\n<p class=\"western\">Frances Goodrich, Albert Hackett &#8211; <span style=\"color: #000080;\"><span lang=\"zxx\"><u><a href=\"https:\/\/cartelesmix.es\/cartelesdecine\/?p=13277\" target=\"_blank\" rel=\"noopener\">La cena de los acusados<\/a><\/u><\/span><\/span><\/p>\n<p class=\"western\">Ben Hecht &#8211; <span style=\"color: #000080;\"><span lang=\"zxx\"><u><a href=\"https:\/\/cartelesmix.es\/cartelesdecine\/?p=11565\" target=\"_blank\" rel=\"noopener\">\u00a1Viva Villa!<\/a><\/u><\/span><\/span><\/p>\n<p class=\"western\"><b>Mejor guion Original<\/b><\/p>\n<p class=\"western\">Arthur Caesar &#8211; <span style=\"color: #000080;\"><span lang=\"zxx\"><u><a href=\"https:\/\/cartelesmix.es\/cartelesdecine\/?p=7332\" target=\"_blank\" rel=\"noopener\">El enemigo p\u00fablico n\u00famero 1<\/a><\/u><\/span><\/span> &#8211;\u00a0 <img decoding=\"async\" src=\"http:\/\/cartelesmix.es\/images\/CartelesA\/oscar.gif\" \/><\/p>\n<p class=\"western\">Mauri Grashin &#8211; <span style=\"color: #000080;\"><span lang=\"zxx\"><u><a href=\"https:\/\/cartelesmix.es\/cartelesdecine\/?p=235511\" target=\"_blank\" rel=\"noopener\">El refugio<\/a><\/u><\/span><\/span><\/p>\n<p class=\"western\">Norman Krasna &#8211; <span style=\"color: #000080;\"><span lang=\"zxx\"><u><a href=\"https:\/\/cartelesmix.es\/cartelesdecine\/?p=235513\" target=\"_blank\" rel=\"noopener\">La venus de oro<\/a><\/u><\/span><\/span><\/p>\n<p class=\"western\"><b>Mejor montaje<\/b><\/p>\n<p class=\"western\">Conrad A. Nervig \u2013 <span style=\"color: #000080;\"><span lang=\"zxx\"><u><a href=\"https:\/\/cartelesmix.es\/cartelesdecine\/?p=235527\" target=\"_blank\" rel=\"noopener\">Eskimo (Mala el magn\u00edfico)<\/a><\/u><\/span><\/span> &#8211;\u00a0 <img decoding=\"async\" src=\"http:\/\/cartelesmix.es\/images\/CartelesA\/oscar.gif\" \/><\/p>\n<p class=\"western\">Anne Bauchens &#8211; <span style=\"color: #000080;\"><span lang=\"zxx\"><u><a href=\"https:\/\/cartelesmix.es\/cartelesdecine\/?p=1864\" target=\"_blank\" rel=\"noopener\">Cleopatra<\/a><\/u><\/span><\/span><\/p>\n<p class=\"western\">Gene Milford &#8211; <span style=\"color: #000080;\"><span lang=\"zxx\"><u><a href=\"https:\/\/cartelesmix.es\/cartelesdecine\/?p=12454\" target=\"_blank\" rel=\"noopener\">Una noche de amor<\/a><\/u><\/span><\/span><\/p>\n<p class=\"western\"><b>Mejor fotograf\u00eda<\/b><\/p>\n<p class=\"western\">Victor Milner &#8211; <span style=\"color: #000080;\"><span lang=\"zxx\"><u><a href=\"https:\/\/cartelesmix.es\/cartelesdecine\/?p=1864\" target=\"_blank\" rel=\"noopener\">Cleopatra<\/a><\/u><\/span><\/span> &#8211;\u00a0 <img decoding=\"async\" src=\"http:\/\/cartelesmix.es\/images\/CartelesA\/oscar.gif\" \/><\/p>\n<p class=\"western\">Charles Rosher &#8211; <span style=\"color: #000080;\"><span lang=\"zxx\"><u><a href=\"https:\/\/cartelesmix.es\/cartelesdecine\/?p=235509\" target=\"_blank\" rel=\"noopener\">El burlador de Florencia<\/a><\/u><\/span><\/span><\/p>\n<p class=\"western\">George J. Folsey &#8211; <span style=\"color: #000080;\"><span lang=\"zxx\"><u><a href=\"https:\/\/cartelesmix.es\/cartelesdecine\/?p=189330\" target=\"_blank\" rel=\"noopener\">La esp\u00eda n\u00famero 13<\/a><\/u><\/span><\/span><\/p>\n<p class=\"western\"><b>Mejor banda sonora<\/b><\/p>\n<p class=\"western\">Louis Silvers &#8211; <span style=\"color: #000080;\"><span lang=\"zxx\"><u><a href=\"https:\/\/cartelesmix.es\/cartelesdecine\/?p=12454\" target=\"_blank\" rel=\"noopener\">Una noche de amor<\/a><\/u><\/span><\/span> &#8211;\u00a0 <img decoding=\"async\" src=\"http:\/\/cartelesmix.es\/images\/CartelesA\/oscar.gif\" \/><\/p>\n<p class=\"western\">Max Steiner &#8211; <span style=\"color: #000080;\"><span lang=\"zxx\"><u><a href=\"https:\/\/cartelesmix.es\/cartelesdecine\/?p=13123\" target=\"_blank\" rel=\"noopener\">La alegre divorciada<\/a><\/u><\/span><\/span><\/p>\n<p class=\"western\">Max Steiner &#8211; <span style=\"color: #000080;\"><span lang=\"zxx\"><u><a href=\"https:\/\/cartelesmix.es\/cartelesdecine\/?p=13844\" target=\"_blank\" rel=\"noopener\">La patrulla perdida<\/a><\/u><\/span><\/span><\/p>\n<p class=\"western\"><b>Mejor canci\u00f3n<\/b><\/p>\n<p class=\"western\">Con Conrad, Herb Magidson &#8211; \u00abThe Continental\u00bb &#8211; <span style=\"color: #000080;\"><span lang=\"zxx\"><u><a href=\"https:\/\/cartelesmix.es\/cartelesdecine\/?p=13123\" target=\"_blank\" rel=\"noopener\">La alegre divorciada<\/a><\/u><\/span><\/span> &#8211; <img decoding=\"async\" src=\"http:\/\/cartelesmix.es\/images\/CartelesA\/oscar.gif\" \/><\/p>\n<p class=\"western\">Vincent Youmans, Edward Eliscu, Gus Kahn &#8211; \u00abCarioca\u00bb &#8211; <span style=\"color: #000080;\"><span lang=\"zxx\"><u><a href=\"https:\/\/cartelesmix.es\/cartelesdecine\/?p=235529\" target=\"_blank\" rel=\"noopener\">Volando hacia R\u00edo de Janeiro<\/a><\/u><\/span><\/span><\/p>\n<p class=\"western\">Ralph Rainger, Dorothy Fields y Leo Robin &#8211; \u00abLove in Bloom\u00bb &#8211; <span style=\"color: #000080;\"><span lang=\"zxx\"><u><a href=\"https:\/\/cartelesmix.es\/cartelesdecine\/?p=235531\" target=\"_blank\" rel=\"noopener\">Fuga apasionada<\/a><\/u><\/span><\/span><\/p>\n<p class=\"western\"><b>Mejor asistente a direcci\u00f3n<\/b><\/p>\n<p class=\"western\">John Waters &#8211; <span style=\"color: #000080;\"><span lang=\"zxx\"><u><a href=\"https:\/\/cartelesmix.es\/cartelesdecine\/?p=11565\" target=\"_blank\" rel=\"noopener\">\u00a1Viva Villa!<\/a><\/u><\/span><\/span> &#8211;\u00a0 <img decoding=\"async\" src=\"http:\/\/cartelesmix.es\/images\/CartelesA\/oscar.gif\" \/><\/p>\n<p class=\"western\">Cullen Tate &#8211; <span style=\"color: #000080;\"><span lang=\"zxx\"><u><a href=\"https:\/\/cartelesmix.es\/cartelesdecine\/?p=1864\" target=\"_blank\" rel=\"noopener\">Cleopatra<\/a><\/u><\/span><\/span><\/p>\n<p class=\"western\">Scott R. Beal &#8211; <span style=\"color: #000080;\"><span lang=\"zxx\"><u><a href=\"https:\/\/cartelesmix.es\/cartelesdecine\/?p=9320\" target=\"_blank\" rel=\"noopener\">Imitaci\u00f3n de la vida<\/a><\/u><\/span><\/span><\/p>\n<p class=\"western\"><b>Mejor dise\u00f1o de producci\u00f3n<\/b><\/p>\n<p class=\"western\">Cedric Gibbons, Fredric Hope &#8211; <span style=\"color: #000080;\"><span lang=\"zxx\"><u><a href=\"https:\/\/cartelesmix.es\/cartelesdecine\/?p=14114\" target=\"_blank\" rel=\"noopener\">La viuda alegre<\/a><\/u><\/span><\/span> &#8211; <img decoding=\"async\" src=\"http:\/\/cartelesmix.es\/images\/CartelesA\/oscar.gif\" \/><\/p>\n<p class=\"western\">Richard Day &#8211; <span style=\"color: #000080;\"><span lang=\"zxx\"><u><a href=\"https:\/\/cartelesmix.es\/cartelesdecine\/?p=235509\" target=\"_blank\" rel=\"noopener\">El burlador de Florencia<\/a><\/u><\/span><\/span><\/p>\n<p class=\"western\">Van Nest Polglase, Carroll Clark &#8211; <span style=\"color: #000080;\"><span lang=\"zxx\"><u><a href=\"https:\/\/cartelesmix.es\/cartelesdecine\/?p=13123\" target=\"_blank\" rel=\"noopener\">La alegre divorciada<\/a><\/u><\/span><\/span><\/p>\n<p class=\"western\"><b>Mejor sonido<\/b><\/p>\n<p class=\"western\">John P. Livadary &#8211; <span style=\"color: #000080;\"><span lang=\"zxx\"><u><a href=\"https:\/\/cartelesmix.es\/cartelesdecine\/?p=12454\" target=\"_blank\" rel=\"noopener\">Una noche de amor<\/a><\/u><\/span><\/span> &#8211;\u00a0 <img decoding=\"async\" src=\"http:\/\/cartelesmix.es\/images\/CartelesA\/oscar.gif\" \/><\/p>\n<p class=\"western\">Thomas T. Moulton &#8211; <span style=\"color: #000080;\"><span lang=\"zxx\"><u><a href=\"https:\/\/cartelesmix.es\/cartelesdecine\/?p=235509\" target=\"_blank\" rel=\"noopener\">El burlador de Florencia<\/a><\/u><\/span><\/span><\/p>\n<p class=\"western\">Franklin Hansen &#8211; <span style=\"color: #000080;\"><span lang=\"zxx\"><u><a href=\"https:\/\/cartelesmix.es\/cartelesdecine\/?p=1864\" target=\"_blank\" rel=\"noopener\">Cleopatra<\/a><\/u><\/span><\/span><\/p>\n<p class=\"western\">Carl Dreher &#8211; <span style=\"color: #000080;\"><span lang=\"zxx\"><u><a href=\"https:\/\/cartelesmix.es\/cartelesdecine\/?p=13123\" target=\"_blank\" rel=\"noopener\">La alegre divorciada<\/a><\/u><\/span><\/span><\/p>\n<p class=\"western\">Theodore Soderberg &#8211; <span style=\"color: #000080;\"><span lang=\"zxx\"><u><a href=\"https:\/\/cartelesmix.es\/cartelesdecine\/?p=9320\" target=\"_blank\" rel=\"noopener\">Imitaci\u00f3n de la vida<\/a><\/u><\/span><\/span><\/p>\n<p class=\"western\">Douglas Shearer &#8211; <span style=\"color: #000080;\"><span lang=\"zxx\"><u><a href=\"https:\/\/cartelesmix.es\/cartelesdecine\/?p=11565\" target=\"_blank\" rel=\"noopener\">\u00a1Viva Villa!<\/a><\/u><\/span><\/span><\/p>\n<p class=\"western\">Nathan Levinson &#8211; <span style=\"color: #000080;\"><span lang=\"zxx\"><u><a href=\"https:\/\/cartelesmix.es\/cartelesdecine\/?p=13492\" target=\"_blank\" rel=\"noopener\">La generalita<\/a><\/u><\/span><\/span><\/p>\n<p class=\"western\">Edmund H. Hansen &#8211; <span style=\"color: #000080;\"><span lang=\"zxx\"><u><a href=\"https:\/\/cartelesmix.es\/cartelesdecine\/?p=235525\" target=\"_blank\" rel=\"noopener\">La legi\u00f3n blanca<\/a><\/u><\/span><\/span><\/p>\n<p class=\"western\"><b>Mejor cortometraje de animaci\u00f3n<\/b><\/p>\n<p class=\"western\"><span style=\"color: #000080;\"><span lang=\"zxx\"><u><a href=\"https:\/\/cartelesmix.es\/cartelesdecine\/?p=235533\" target=\"_blank\" rel=\"noopener\">La tortuga y la liebre<\/a><\/u><\/span><\/span> &#8211; Walt Disney &#8211;\u00a0 <img decoding=\"async\" src=\"http:\/\/cartelesmix.es\/images\/CartelesA\/oscar.gif\" \/><\/p>\n<p class=\"western\">Jolly Little Elves &#8211; Walter Lantz<\/p>\n<p class=\"western\"><span style=\"color: #000080;\"><span lang=\"zxx\"><u><a href=\"https:\/\/cartelesmix.es\/cartelesdecine\/?p=235535\" target=\"_blank\" rel=\"noopener\">Holiday Land<\/a><\/u><\/span><\/span> &#8211; Charles Mintz<\/p>\n<p class=\"western\"><b>Mejor cortometraje de ficci\u00f3n<\/b><\/p>\n<p class=\"western\"><b>Comedia<\/b><\/p>\n<p class=\"western\"><span style=\"color: #000080;\"><span lang=\"zxx\"><u><a href=\"https:\/\/cartelesmix.es\/cartelesdecine\/?p=235537\" target=\"_blank\" rel=\"noopener\">La Cucaracha<\/a><\/u><\/span><\/span> &#8211; Kenneth Macgowan &#8211;\u00a0 <img decoding=\"async\" src=\"http:\/\/cartelesmix.es\/images\/CartelesA\/oscar.gif\" \/><\/p>\n<p class=\"western\"><span style=\"color: #000080;\"><span lang=\"zxx\"><u><a href=\"https:\/\/cartelesmix.es\/cartelesdecine\/?p=235539\" target=\"_blank\" rel=\"noopener\">Men in Black<\/a><\/u><\/span><\/span> \u2013 Jules White<\/p>\n<p class=\"western\">What, No Men! \u2013 Warner Bros.<\/p>\n<p class=\"western\"><b>Innovaci\u00f3n<\/b><\/p>\n<p class=\"western\">City of Wax \u2013 Horace Woodard y Stacy Woodard &#8211;\u00a0 <img decoding=\"async\" src=\"http:\/\/cartelesmix.es\/images\/CartelesA\/oscar.gif\" \/><\/p>\n<p class=\"western\">Bosom Friends \u2013 Skibo Productions<\/p>\n<p class=\"western\">Strikes and Spares \u2013 Pete Smith<\/p>\n<p class=\"western\"><b>Oscar Especial<\/b><\/p>\n<p class=\"western\"><b>Premio Juvenil de la Academia<\/b><\/p>\n<p class=\"western\">Shirley Temple<a href=\"https:\/\/cartelesmix.es\/cartelesdecine\/wp-content\/uploads\/2022\/04\/shirleytemple34001.jpg\" target=\"_blank\" rel=\"noopener\"><img loading=\"lazy\" decoding=\"async\" class=\"aligncenter wp-image-235602 size-medium\" src=\"https:\/\/cartelesmix.es\/cartelesdecine\/wp-content\/uploads\/2022\/04\/shirleytemple34001-190x240.jpg\" alt=\"\" width=\"190\" height=\"240\" srcset=\"https:\/\/cartelesmix.es\/cartelesdecine\/wp-content\/uploads\/2022\/04\/shirleytemple34001-190x240.jpg 190w, https:\/\/cartelesmix.es\/cartelesdecine\/wp-content\/uploads\/2022\/04\/shirleytemple34001-768x971.jpg 768w, https:\/\/cartelesmix.es\/cartelesdecine\/wp-content\/uploads\/2022\/04\/shirleytemple34001-1214x1536.jpg 1214w, https:\/\/cartelesmix.es\/cartelesdecine\/wp-content\/uploads\/2022\/04\/shirleytemple34001-1619x2048.jpg 1619w\" sizes=\"auto, (max-width: 190px) 100vw, 190px\" \/><\/a><\/p>\n","protected":false},"excerpt":{"rendered":"<p>Premios Oscar 1935 \u2013 Edici\u00f3n n\u00famero 7 27\/02\/1935 \u2013 La s\u00e9ptima ceremonia de entrega de los \u00d3scar se celebr\u00f3 el 27 de febrero de 1935 en el Biltmore Hotel de Los \u00c1ngeles, California y fue presentada por Irvin S. Cobb. La comedia rom\u00e1ntica de Frank Capra Sucedi\u00f3 una noche se convirti\u00f3 en la primera pel\u00edcula &hellip; <\/p>\n<p class=\"link-more\"><a href=\"https:\/\/cartelesmix.es\/cartelesdecine\/?page_id=235599\" class=\"more-link\">Continuar leyendo<span class=\"screen-reader-text\"> \u00abPremios Oscar 1935 \u2013 Edici\u00f3n n\u00famero 7\u00bb<\/span><\/a><\/p>\n","protected":false},"author":1,"featured_media":0,"parent":0,"menu_order":0,"comment_status":"closed","ping_status":"closed","template":"","meta":{"footnotes":""},"class_list":["post-235599","page","type-page","status-publish","hentry"],"_links":{"self":[{"href":"https:\/\/cartelesmix.es\/cartelesdecine\/index.php?rest_route=\/wp\/v2\/pages\/235599","targetHints":{"allow":["GET"]}}],"collection":[{"href":"https:\/\/cartelesmix.es\/cartelesdecine\/index.php?rest_route=\/wp\/v2\/pages"}],"about":[{"href":"https:\/\/cartelesmix.es\/cartelesdecine\/index.php?rest_route=\/wp\/v2\/types\/page"}],"author":[{"embeddable":true,"href":"https:\/\/cartelesmix.es\/cartelesdecine\/index.php?rest_route=\/wp\/v2\/users\/1"}],"replies":[{"embeddable":true,"href":"https:\/\/cartelesmix.es\/cartelesdecine\/index.php?rest_route=%2Fwp%2Fv2%2Fcomments&post=235599"}],"version-history":[{"count":4,"href":"https:\/\/cartelesmix.es\/cartelesdecine\/index.php?rest_route=\/wp\/v2\/pages\/235599\/revisions"}],"predecessor-version":[{"id":235606,"href":"https:\/\/cartelesmix.es\/cartelesdecine\/index.php?rest_route=\/wp\/v2\/pages\/235599\/revisions\/235606"}],"wp:attachment":[{"href":"https:\/\/cartelesmix.es\/cartelesdecine\/index.php?rest_route=%2Fwp%2Fv2%2Fmedia&parent=235599"}],"curies":[{"name":"wp","href":"https:\/\/api.w.org\/{rel}","templated":true}]}}