{"id":235607,"date":"2022-04-30T12:51:16","date_gmt":"2022-04-30T11:51:16","guid":{"rendered":"https:\/\/cartelesmix.es\/cartelesdecine\/?page_id=235607"},"modified":"2022-04-30T12:51:16","modified_gmt":"2022-04-30T11:51:16","slug":"premios-oscar-1936-edicion-numero-8","status":"publish","type":"page","link":"https:\/\/cartelesmix.es\/cartelesdecine\/?page_id=235607","title":{"rendered":"Premios Oscar 1936 &#8211; Edici\u00f3n n\u00famero 8"},"content":{"rendered":"<p style=\"text-align: center;\"><strong>Premios Oscar 1936 &#8211; Edici\u00f3n n\u00famero 8<\/strong><\/p>\n<p class=\"western\">05\/03\/1936 &#8211; El 5 de marzo de 1936 en el Biltmore Hotel de Los \u00c1ngeles, California se celebr\u00f3 la octava ceremonia de entrega de los premios Oscar y fue presentada por el director Frank Capra.<\/p>\n<p class=\"western\">Este fue el primer a\u00f1o en el que la estatuilla dorada fue llamada \u00abOscar\u00bb.<\/p>\n<p class=\"western\">La categor\u00eda de mejor coreograf\u00eda fue creada en esta edici\u00f3n. El Sindicato de Directores de Estados Unidos consigui\u00f3 eliminarla 3 a\u00f1os m\u00e1s tarde.<\/p>\n<p class=\"western\"><i>La tragedia de la Bounty<\/i> se convirti\u00f3 en la \u00faltima pel\u00edcula hasta la fecha en ganar \u00fanicamente el premio a la mejor pel\u00edcula a pesar de contar con ocho nominaciones (siguiendo los pasos de La melod\u00eda de Broadway en 1930 y Grand Hotel en 1933), y es la \u00fanica pel\u00edcula que ha recibido tres nominaciones a mejor actor.<\/p>\n<p class=\"western\">Este fue el segundo y \u00faltimo a\u00f1o en el que se admitieron votos por escrito. E<i>l sue\u00f1o de una noche de verano<\/i> se convirti\u00f3 en la \u00fanica pel\u00edcula en ganar un premio por este m\u00e9todo, tras conseguir el premio a la mejor fotograf\u00eda.<\/p>\n<p class=\"western\"><b>Mejor pel\u00edcula<\/b><\/p>\n<p class=\"western\"><span style=\"color: #000080;\"><span lang=\"zxx\"><u><a href=\"https:\/\/cartelesmix.es\/cartelesdecine\/?p=10632\" target=\"_blank\" rel=\"noopener\">La tragedia de la Bounty<\/a><\/u><\/span><\/span> &#8211;\u00a0 <img decoding=\"async\" src=\"http:\/\/cartelesmix.es\/images\/CartelesA\/oscar.gif\" \/><\/p>\n<p class=\"western\"><span style=\"color: #000080;\"><span lang=\"zxx\"><u><a href=\"https:\/\/cartelesmix.es\/cartelesdecine\/?p=11385\" target=\"_blank\" rel=\"noopener\">Sue\u00f1os de juventud<\/a><\/u><\/span><\/span><\/p>\n<p class=\"western\"><span style=\"color: #000080;\"><span lang=\"zxx\"><u><a href=\"https:\/\/cartelesmix.es\/cartelesdecine\/?p=5394\" target=\"_blank\" rel=\"noopener\">El capit\u00e1n Blood<\/a><\/u><\/span><\/span><\/p>\n<p class=\"western\"><span style=\"color: #000080;\"><span lang=\"zxx\"><u><a href=\"https:\/\/cartelesmix.es\/cartelesdecine\/?p=7200\" target=\"_blank\" rel=\"noopener\">El delator<\/a><\/u><\/span><\/span><\/p>\n<p class=\"western\"><span style=\"color: #000080;\"><span lang=\"zxx\"><u><a href=\"https:\/\/cartelesmix.es\/cartelesdecine\/?p=12168\" target=\"_blank\" rel=\"noopener\">Tres lanceros bengal\u00edes<\/a><\/u><\/span><\/span><\/p>\n<p class=\"western\"><span style=\"color: #000080;\"><span lang=\"zxx\"><u><a href=\"https:\/\/cartelesmix.es\/cartelesdecine\/?p=8068\" target=\"_blank\" rel=\"noopener\">El sue\u00f1o de una noche de verano<\/a><\/u><\/span><\/span><\/p>\n<p class=\"western\"><span style=\"color: #000080;\"><span lang=\"zxx\"><u><a href=\"https:\/\/cartelesmix.es\/cartelesdecine\/?p=14584\" target=\"_blank\" rel=\"noopener\">Los miserables<\/a><\/u><\/span><\/span><\/p>\n<p class=\"western\"><span style=\"color: #000080;\"><span lang=\"zxx\"><u><a href=\"https:\/\/cartelesmix.es\/cartelesdecine\/?p=12736\" target=\"_blank\" rel=\"noopener\">Marietta, la traviesa<\/a><\/u><\/span><\/span><\/p>\n<p class=\"western\"><span style=\"color: #000080;\"><span lang=\"zxx\"><u><a href=\"https:\/\/cartelesmix.es\/cartelesdecine\/?p=2665\" target=\"_blank\" rel=\"noopener\">David Copperfield<\/a><\/u><\/span><\/span><\/p>\n<p class=\"western\"><span style=\"color: #000080;\"><span lang=\"zxx\"><u><a href=\"https:\/\/cartelesmix.es\/cartelesdecine\/?p=11232\" target=\"_blank\" rel=\"noopener\">Sombrero de copa<\/a><\/u><\/span><\/span><\/p>\n<p class=\"western\"><span style=\"color: #000080;\"><span lang=\"zxx\"><u><a href=\"https:\/\/cartelesmix.es\/cartelesdecine\/?p=12831\">Melod\u00edas de Broadway 1936<\/a><\/u><\/span><\/span><\/p>\n<p class=\"western\"><span style=\"color: #000080;\"><span lang=\"zxx\"><u><a href=\"https:\/\/cartelesmix.es\/cartelesdecine\/?p=9900\" target=\"_blank\" rel=\"noopener\">Nobleza obliga<\/a><\/u><\/span><\/span><\/p>\n<p class=\"western\"><b>Mejor direcci\u00f3n<\/b><\/p>\n<p class=\"western\">John Ford &#8211; <span style=\"color: #000080;\"><span lang=\"zxx\"><u><a href=\"https:\/\/cartelesmix.es\/cartelesdecine\/?p=7200\" target=\"_blank\" rel=\"noopener\">El delator<\/a><\/u><\/span><\/span> &#8211;\u00a0 <img decoding=\"async\" src=\"http:\/\/cartelesmix.es\/images\/CartelesA\/oscar.gif\" \/><\/p>\n<p class=\"western\">Henry Hathaway &#8211; <span style=\"color: #000080;\"><span lang=\"zxx\"><u><a href=\"https:\/\/cartelesmix.es\/cartelesdecine\/?p=12168\" target=\"_blank\" rel=\"noopener\">Tres lanceros bengal\u00edes<\/a><\/u><\/span><\/span><\/p>\n<p class=\"western\">Frank Lloyd &#8211; <span style=\"color: #000080;\"><span lang=\"zxx\"><u><a href=\"https:\/\/cartelesmix.es\/cartelesdecine\/?p=10632\" target=\"_blank\" rel=\"noopener\">La tragedia de la Bounty<\/a><\/u><\/span><\/span><\/p>\n<p class=\"western\">Michael Curtiz &#8211; <span style=\"color: #000080;\"><span lang=\"zxx\"><u><a href=\"https:\/\/cartelesmix.es\/cartelesdecine\/?p=5394\" target=\"_blank\" rel=\"noopener\">El capit\u00e1n Blood<\/a><\/u><\/span><\/span><\/p>\n<p class=\"western\"><b>Mejor actriz principal<\/b><\/p>\n<p class=\"western\">Bette Davis \u2013 <span style=\"color: #000080;\"><span lang=\"zxx\"><u><a href=\"https:\/\/cartelesmix.es\/cartelesdecine\/?p=10291\" target=\"_blank\" rel=\"noopener\">Peligrosa<\/a><\/u><\/span><\/span> &#8211;\u00a0 <img decoding=\"async\" src=\"http:\/\/cartelesmix.es\/images\/CartelesA\/oscar.gif\" \/><\/p>\n<p class=\"western\">Elisabeth Bergner &#8211; <span style=\"color: #000080;\"><span lang=\"zxx\"><u><a href=\"https:\/\/cartelesmix.es\/cartelesdecine\/?p=235541\" target=\"_blank\" rel=\"noopener\">Mi vida para ti<\/a><\/u><\/span><\/span><\/p>\n<p class=\"western\">Claudette Colbert &#8211; <span style=\"color: #000080;\"><span lang=\"zxx\"><u><a href=\"https:\/\/cartelesmix.es\/cartelesdecine\/?p=235543\" target=\"_blank\" rel=\"noopener\">Mundos privados<\/a><\/u><\/span><\/span><\/p>\n<p class=\"western\">Katharine Hepburn &#8211; <span style=\"color: #000080;\"><span lang=\"zxx\"><u><a href=\"https:\/\/cartelesmix.es\/cartelesdecine\/?p=11385\" target=\"_blank\" rel=\"noopener\">Sue\u00f1os de juventud<\/a><\/u><\/span><\/span><\/p>\n<p class=\"western\">Miriam Hopkins &#8211; <span style=\"color: #000080;\"><span lang=\"zxx\"><u><a href=\"https:\/\/cartelesmix.es\/cartelesdecine\/?p=13450\" target=\"_blank\" rel=\"noopener\">La feria de la vanidad <\/a><\/u><\/span><\/span><\/p>\n<p class=\"western\">Merle Oberon &#8211; <span style=\"color: #000080;\"><span lang=\"zxx\"><u><a href=\"https:\/\/cartelesmix.es\/cartelesdecine\/?p=945\" target=\"_blank\" rel=\"noopener\">El \u00e1ngel de las tinieblas<\/a><\/u><\/span><\/span><\/p>\n<p class=\"western\"><b>Mejor actor principal<\/b><\/p>\n<p class=\"western\">Victor McLaglen &#8211; <span style=\"color: #000080;\"><span lang=\"zxx\"><u><a href=\"https:\/\/cartelesmix.es\/cartelesdecine\/?p=7200\" target=\"_blank\" rel=\"noopener\">El delator<\/a><\/u><\/span><\/span> &#8211;\u00a0 <img decoding=\"async\" src=\"http:\/\/cartelesmix.es\/images\/CartelesA\/oscar.gif\" \/><\/p>\n<p class=\"western\">Clark Gable &#8211; <span style=\"color: #000080;\"><span lang=\"zxx\"><u><a href=\"https:\/\/cartelesmix.es\/cartelesdecine\/?p=10632\" target=\"_blank\" rel=\"noopener\">La tragedia de la Bounty<\/a><\/u><\/span><\/span><\/p>\n<p class=\"western\">Charles Laughton &#8211; <span style=\"color: #000080;\"><span lang=\"zxx\"><u><a href=\"https:\/\/cartelesmix.es\/cartelesdecine\/?p=10632\" target=\"_blank\" rel=\"noopener\">La tragedia de la Bounty<\/a><\/u><\/span><\/span><\/p>\n<p class=\"western\">Franchot Tone &#8211; <span style=\"color: #000080;\"><span lang=\"zxx\"><u><a href=\"https:\/\/cartelesmix.es\/cartelesdecine\/?p=10632\" target=\"_blank\" rel=\"noopener\">La tragedia de la Bounty<\/a><\/u><\/span><\/span><\/p>\n<p class=\"western\"><b>Mejor guion<\/b><\/p>\n<p class=\"western\">Dudley Nichols &#8211; <span style=\"color: #000080;\"><span lang=\"zxx\"><u><a href=\"https:\/\/cartelesmix.es\/cartelesdecine\/?p=7200\" target=\"_blank\" rel=\"noopener\">El delator<\/a><\/u><\/span><\/span> &#8211;\u00a0 <img decoding=\"async\" src=\"http:\/\/cartelesmix.es\/images\/CartelesA\/oscar.gif\" \/><\/p>\n<p class=\"western\">Achmed Abdullah, John L. Balderston, Grover Jones, William Slavens McNutt, Waldemar Young &#8211;<\/p>\n<p class=\"western\"><span style=\"color: #000080;\"><span lang=\"zxx\"><u><a href=\"https:\/\/cartelesmix.es\/cartelesdecine\/?p=12168\" target=\"_blank\" rel=\"noopener\">Tres lanceros bengal\u00edes<\/a><\/u><\/span><\/span><\/p>\n<p class=\"western\">Jules Furthman, Talbot Jennings, Carey Wilson &#8211; <span style=\"color: #000080;\"><span lang=\"zxx\"><u><a href=\"https:\/\/cartelesmix.es\/cartelesdecine\/?p=10632\" target=\"_blank\" rel=\"noopener\">La tragedia de la Bounty<\/a><\/u><\/span><\/span><\/p>\n<p class=\"western\">Casey Robinson &#8211; <span style=\"color: #000080;\"><span lang=\"zxx\"><u><a href=\"https:\/\/cartelesmix.es\/cartelesdecine\/?p=5394\" target=\"_blank\" rel=\"noopener\">El capit\u00e1n Blood<\/a><\/u><\/span><\/span><\/p>\n<p class=\"western\"><b>Mejor Argumento<\/b><\/p>\n<p class=\"western\">Ben Hecht, Charles MacArthur &#8211; <span style=\"color: #000080;\"><span lang=\"zxx\"><u><a href=\"https:\/\/cartelesmix.es\/cartelesdecine\/?p=235545\" target=\"_blank\" rel=\"noopener\">The Scoundrel<\/a><\/u><\/span><\/span> &#8211;\u00a0 <img decoding=\"async\" src=\"http:\/\/cartelesmix.es\/images\/CartelesA\/oscar.gif\" \/><\/p>\n<p class=\"western\">Darryl F. Zanuck &#8211; <span style=\"color: #000080;\"><span lang=\"zxx\"><u><a href=\"https:\/\/cartelesmix.es\/cartelesdecine\/?p=171252\" target=\"_blank\" rel=\"noopener\">G men contra el imperio del crimen<\/a><\/u><\/span><\/span><\/p>\n<p class=\"western\">Don Hartman, Stephen Morehouse Avery &#8211; <span style=\"color: #000080;\"><span lang=\"zxx\"><u><a href=\"https:\/\/cartelesmix.es\/cartelesdecine\/?p=235547\" target=\"_blank\" rel=\"noopener\">La alegre mentira<\/a><\/u><\/span><\/span><\/p>\n<p class=\"western\">Moss Hart &#8211; <span style=\"color: #000080;\"><span lang=\"zxx\"><u><a href=\"https:\/\/cartelesmix.es\/cartelesdecine\/?p=12831\">Melod\u00edas de Broadway 1936<\/a><\/u><\/span><\/span><\/p>\n<p class=\"western\"><b>Mejor montaje<\/b><\/p>\n<p class=\"western\">Ralph Dawson &#8211; <span style=\"color: #000080;\"><span lang=\"zxx\"><u><a href=\"https:\/\/cartelesmix.es\/cartelesdecine\/?p=8068\" target=\"_blank\" rel=\"noopener\">El sue\u00f1o de una noche de verano<\/a><\/u><\/span><\/span><span style=\"font-size: 1rem;\">&#8211; <\/span><img decoding=\"async\" style=\"font-size: 1rem;\" src=\"http:\/\/cartelesmix.es\/images\/CartelesA\/oscar.gif\" \/><\/p>\n<p>George Hively &#8211; <span style=\"color: #000080;\"><span lang=\"zxx\"><u><a href=\"https:\/\/cartelesmix.es\/cartelesdecine\/?p=7200\" target=\"_blank\" rel=\"noopener\">El delator<\/a><\/u><\/span><\/span><\/p>\n<p class=\"western\">Ellsworth Hoagland &#8211; <span style=\"color: #000080;\"><span lang=\"zxx\"><u><a href=\"https:\/\/cartelesmix.es\/cartelesdecine\/?p=12168\" target=\"_blank\" rel=\"noopener\">Tres lanceros bengal\u00edes<\/a><\/u><\/span><\/span><\/p>\n<p class=\"western\">Barbara McLean &#8211; <span style=\"color: #000080;\"><span lang=\"zxx\"><u><a href=\"https:\/\/cartelesmix.es\/cartelesdecine\/?p=14584\" target=\"_blank\" rel=\"noopener\">Los miserables<\/a><\/u><\/span><\/span><\/p>\n<p class=\"western\">Margaret Booth &#8211; <span style=\"color: #000080;\"><span lang=\"zxx\"><u><a href=\"https:\/\/cartelesmix.es\/cartelesdecine\/?p=10632\" target=\"_blank\" rel=\"noopener\">La tragedia de la Bounty<\/a><\/u><\/span><\/span><\/p>\n<p class=\"western\">Robert Kern &#8211; <span style=\"color: #000080;\"><span lang=\"zxx\"><u><a href=\"https:\/\/cartelesmix.es\/cartelesdecine\/?p=2665\" target=\"_blank\" rel=\"noopener\">David Copperfield<\/a><\/u><\/span><\/span><\/p>\n<p class=\"western\"><b>Mejor fotograf\u00eda<\/b><\/p>\n<p class=\"western\">Hal Mohr &#8211; <span style=\"color: #000080;\"><span lang=\"zxx\"><u><a href=\"https:\/\/cartelesmix.es\/cartelesdecine\/?p=8068\" target=\"_blank\" rel=\"noopener\">El sue\u00f1o de una noche de verano-\u00a0 <img decoding=\"async\" src=\"http:\/\/cartelesmix.es\/images\/CartelesA\/oscar.gif\" \/><\/a><\/u><\/span><\/span><\/p>\n<p class=\"western\">Ray June &#8211; <span style=\"color: #000080;\"><span lang=\"zxx\"><u><a href=\"https:\/\/cartelesmix.es\/cartelesdecine\/?p=1851\" target=\"_blank\" rel=\"noopener\">Ciudad sin ley<\/a><\/u><\/span><\/span><\/p>\n<p class=\"western\">Victor Milner &#8211; <span style=\"color: #000080;\"><span lang=\"zxx\"><u><a href=\"https:\/\/cartelesmix.es\/cartelesdecine\/?p=14206\" target=\"_blank\" rel=\"noopener\">Las cruzadas<\/a><\/u><\/span><\/span><\/p>\n<p class=\"western\">Gregg Toland &#8211; <span style=\"color: #000080;\"><span lang=\"zxx\"><u><a href=\"https:\/\/cartelesmix.es\/cartelesdecine\/?p=14584\" target=\"_blank\" rel=\"noopener\">Los miserables<\/a><\/u><\/span><\/span><\/p>\n<p class=\"western\"><b>Mejor banda sonora<\/b><\/p>\n<p class=\"western\">Max Steiner &#8211; <span style=\"color: #000080;\"><span lang=\"zxx\"><u><a href=\"https:\/\/cartelesmix.es\/cartelesdecine\/?p=7200\" target=\"_blank\" rel=\"noopener\">El delator<\/a><\/u><\/span><\/span> &#8211;\u00a0 <img decoding=\"async\" src=\"http:\/\/cartelesmix.es\/images\/CartelesA\/oscar.gif\" \/><\/p>\n<p class=\"western\">Nat W. Finston, Herbert Stothart &#8211; <span style=\"color: #000080;\"><span lang=\"zxx\"><u><a href=\"https:\/\/cartelesmix.es\/cartelesdecine\/?p=10632\" target=\"_blank\" rel=\"noopener\">La tragedia de la Bounty<\/a><\/u><\/span><\/span><\/p>\n<p class=\"western\">Irvin Talbot, Ernst Toch &#8211; <span style=\"color: #000080;\"><span lang=\"zxx\"><u><a href=\"https:\/\/cartelesmix.es\/cartelesdecine\/?p=235549\" target=\"_blank\" rel=\"noopener\">Sue\u00f1o de amor eterno<\/a><\/u><\/span><\/span><\/p>\n<p class=\"western\">Leo F. Forbstein &#8211; <span style=\"color: #000080;\"><span lang=\"zxx\"><u><a href=\"https:\/\/cartelesmix.es\/cartelesdecine\/?p=5394\" target=\"_blank\" rel=\"noopener\">El capit\u00e1n Blood<\/a><\/u><\/span><\/span><\/p>\n<p class=\"western\"><b>Mejor canci\u00f3n<\/b><\/p>\n<p class=\"western\">Harry Warren, Al Dubin (Lullaby of Broadway) &#8211; <span style=\"color: #000080;\"><span lang=\"zxx\"><u><a href=\"https:\/\/cartelesmix.es\/cartelesdecine\/?p=189173\" target=\"_blank\" rel=\"noopener\">Vampiresas de 1935 <\/a><\/u><\/span><\/span>&#8211;\u00a0 <img decoding=\"async\" src=\"http:\/\/cartelesmix.es\/images\/CartelesA\/oscar.gif\" \/><\/p>\n<p class=\"western\">Jerome Kern, Dorothy Fields, Jimmy McHugh (Lovely to Look at) &#8211; <span style=\"color: #000080;\"><span lang=\"zxx\"><u><a href=\"https:\/\/cartelesmix.es\/cartelesdecine\/?p=10774\" target=\"_blank\" rel=\"noopener\">Roberta<\/a><\/u><\/span><\/span><\/p>\n<p class=\"western\">Irving Berlin (Cheek to Cheek) <span style=\"color: #000080;\"><span lang=\"zxx\"><u><a href=\"https:\/\/cartelesmix.es\/cartelesdecine\/?p=11232\" target=\"_blank\" rel=\"noopener\">Sombrero de copa<\/a><\/u><\/span><\/span><\/p>\n<p class=\"western\"><b>Mejor asistente de direcci\u00f3n<\/b><\/p>\n<p class=\"western\">Clem Beauchamp, Paul Wing &#8211; <span style=\"color: #000080;\"><span lang=\"zxx\"><u><a href=\"https:\/\/cartelesmix.es\/cartelesdecine\/?p=12168\" target=\"_blank\" rel=\"noopener\">Tres lanceros bengal\u00edes<\/a><\/u><\/span><\/span> &#8211;\u00a0 <img decoding=\"async\" src=\"http:\/\/cartelesmix.es\/images\/CartelesA\/oscar.gif\" \/><\/p>\n<p class=\"western\">Sherry Shourds &#8211; <span style=\"color: #000080;\"><span lang=\"zxx\"><u><a href=\"https:\/\/cartelesmix.es\/cartelesdecine\/?p=8068\" target=\"_blank\" rel=\"noopener\">El sue\u00f1o de una noche de verano<\/a><\/u><\/span><\/span><\/p>\n<p class=\"western\">Eric Stacey &#8211; <span style=\"color: #000080;\"><span lang=\"zxx\"><u><a href=\"https:\/\/cartelesmix.es\/cartelesdecine\/?p=14584\" target=\"_blank\" rel=\"noopener\">Los miserables<\/a><\/u><\/span><\/span><\/p>\n<p class=\"western\">Joseph M. Newman &#8211; <span style=\"color: #000080;\"><span lang=\"zxx\"><u><a href=\"https:\/\/cartelesmix.es\/cartelesdecine\/?p=2665\" target=\"_blank\" rel=\"noopener\">David Copperfield<\/a><\/u><\/span><\/span><\/p>\n<p class=\"western\"><b>Mejor dise\u00f1o de producci\u00f3n<\/b><\/p>\n<p class=\"western\">Richard Day &#8211; <span style=\"color: #000080;\"><span lang=\"zxx\"><u><a href=\"https:\/\/cartelesmix.es\/cartelesdecine\/?p=945\" target=\"_blank\" rel=\"noopener\">El \u00e1ngel de las tinieblas<\/a><\/u><\/span><\/span> &#8211;\u00a0 <img decoding=\"async\" src=\"http:\/\/cartelesmix.es\/images\/CartelesA\/oscar.gif\" \/><\/p>\n<p class=\"western\">Hans Dreier, Roland Anderson &#8211; <span style=\"color: #000080;\"><span lang=\"zxx\"><u><a href=\"https:\/\/cartelesmix.es\/cartelesdecine\/?p=12168\" target=\"_blank\" rel=\"noopener\">Tres lanceros bengal\u00edes<\/a><\/u><\/span><\/span><\/p>\n<p class=\"western\">Carroll Clark, Van Nest Polglase &#8211; <span style=\"color: #000080;\"><span lang=\"zxx\"><u><a href=\"https:\/\/cartelesmix.es\/cartelesdecine\/?p=11232\" target=\"_blank\" rel=\"noopener\">Sombrero de copa<\/a><\/u><\/span><\/span><\/p>\n<p class=\"western\"><b>Mejor direcci\u00f3n de baile (coreograf\u00eda)<\/b><\/p>\n<p class=\"western\">Dave Gould (I&#8217;ve Got a Feeling You&#8217;re Fooling) &#8211; <span style=\"color: #000080;\"><span lang=\"zxx\"><u><a href=\"https:\/\/cartelesmix.es\/cartelesdecine\/?p=12831\">Melod\u00edas de Broadway 1936<\/a><\/u><\/span><\/span> &#8211;\u00a0 <img decoding=\"async\" src=\"http:\/\/cartelesmix.es\/images\/CartelesA\/oscar.gif\" \/><\/p>\n<p class=\"western\">Dave Gould (Straw Hat) &#8211; <span style=\"color: #000080;\"><span lang=\"zxx\"><u><a href=\"https:\/\/cartelesmix.es\/cartelesdecine\/?p=235551\" target=\"_blank\" rel=\"noopener\">El caballero del Folies Bergere<\/a><\/u><\/span><\/span> &#8211;\u00a0 <img decoding=\"async\" src=\"http:\/\/cartelesmix.es\/images\/CartelesA\/oscar.gif\" \/><\/p>\n<p class=\"western\">Sammy Lee (Lovely Lady y Too Good to Be True) &#8211; <span style=\"color: #000080;\"><span lang=\"zxx\"><u><a href=\"https:\/\/cartelesmix.es\/cartelesdecine\/?p=235553\" target=\"_blank\" rel=\"noopener\">Rey del bataclan<\/a><\/u><\/span><\/span><\/p>\n<p class=\"western\">Bobby Connolly (Latin from Manhattan) &#8211; <span style=\"color: #000080;\"><span lang=\"zxx\"><u><a href=\"https:\/\/cartelesmix.es\/cartelesdecine\/?p=235556\" target=\"_blank\" rel=\"noopener\">Casino de Par\u00eds<\/a><\/u><\/span><\/span><\/p>\n<p class=\"western\">LeRoy Prinz (Viennese Waltz) &#8211; <span style=\"color: #000080;\"><span lang=\"zxx\"><u><a href=\"https:\/\/cartelesmix.es\/cartelesdecine\/?p=235558\" target=\"_blank\" rel=\"noopener\">Recordemos aquellas horas<\/a><\/u><\/span><\/span><\/p>\n<p class=\"western\">LeRoy Prinz (Elephant &#8211; It&#8217;s the Animal in Me) &#8211; <span style=\"color: #000080;\"><span lang=\"zxx\"><u><a href=\"https:\/\/cartelesmix.es\/cartelesdecine\/?p=235560\" target=\"_blank\" rel=\"noopener\">Cazadores de estrellas<\/a><\/u><\/span><\/span><\/p>\n<p class=\"western\">Busby Berkeley (Lullaby of Broadway y The Words Are in My Heart) &#8211; <span style=\"color: #000080;\"><span lang=\"zxx\"><u><a href=\"https:\/\/cartelesmix.es\/cartelesdecine\/?p=189173\" target=\"_blank\" rel=\"noopener\">Vampiresas de 1935 <\/a><\/u><\/span><\/span><\/p>\n<p class=\"western\"><a name=\"__DdeLink__363_2722365932\"><\/a> Benjamin Zemach (Hall of Kings) &#8211; <span style=\"color: #000080;\"><span lang=\"zxx\"><u><a href=\"https:\/\/cartelesmix.es\/cartelesdecine\/?p=171248\" target=\"_blank\" rel=\"noopener\">La diosa del fuego<\/a><\/u><\/span><\/span><\/p>\n<p class=\"western\">Hermes Pan (Piccolino y Top Hat) &#8211; <span style=\"color: #000080;\"><span lang=\"zxx\"><u><a href=\"https:\/\/cartelesmix.es\/cartelesdecine\/?p=11232\" target=\"_blank\" rel=\"noopener\">Sombrero de copa<\/a><\/u><\/span><\/span><\/p>\n<p class=\"western\"><b>Mejor sonido<\/b><\/p>\n<p class=\"western\">Douglas Shearer &#8211; <span style=\"color: #000080;\"><span lang=\"zxx\"><u><a href=\"https:\/\/cartelesmix.es\/cartelesdecine\/?p=12736\" target=\"_blank\" rel=\"noopener\">Marietta, la traviesa<\/a><\/u><\/span><\/span> &#8211;\u00a0 <img decoding=\"async\" src=\"http:\/\/cartelesmix.es\/images\/CartelesA\/oscar.gif\" \/><\/p>\n<p class=\"western\">John P. Livadary &#8211; <span style=\"color: #000080;\"><span lang=\"zxx\"><u><a href=\"https:\/\/cartelesmix.es\/cartelesdecine\/?p=235562\">\u00a1Qui\u00e9reme siempre!<\/a><\/u><\/span><\/span><\/p>\n<p class=\"western\">Gilbert Kurland &#8211; <span style=\"color: #000080;\"><span lang=\"zxx\"><u><a href=\"https:\/\/cartelesmix.es\/cartelesdecine\/?p=13808\" target=\"_blank\" rel=\"noopener\">La novia de Frankenstein<\/a><\/u><\/span><\/span><\/p>\n<p class=\"western\">Nathan Levinson &#8211; <span style=\"color: #000080;\"><span lang=\"zxx\"><u><a href=\"https:\/\/cartelesmix.es\/cartelesdecine\/?p=5394\" target=\"_blank\" rel=\"noopener\">El capit\u00e1n Blood<\/a><\/u><\/span><\/span><\/p>\n<p class=\"western\">Departamento de sonido de los estudios Republic &#8211; <span style=\"color: #000080;\"><span lang=\"zxx\"><u><a href=\"https:\/\/cartelesmix.es\/cartelesdecine\/?p=235564\" target=\"_blank\" rel=\"noopener\">1,000 Dollars a Minute<\/a><\/u><\/span><\/span><\/p>\n<p class=\"western\">Carl Dreher &#8211; <span style=\"color: #000080;\"><span lang=\"zxx\"><u><a href=\"https:\/\/cartelesmix.es\/cartelesdecine\/?p=235567\" target=\"_blank\" rel=\"noopener\">Canci\u00f3n de amor<\/a><\/u><\/span><\/span><\/p>\n<p class=\"western\">Franklin Hansen &#8211; <span style=\"color: #000080;\"><span lang=\"zxx\"><u><a href=\"https:\/\/cartelesmix.es\/cartelesdecine\/?p=12168\" target=\"_blank\" rel=\"noopener\">Tres lanceros bengal\u00edes<\/a><\/u><\/span><\/span><\/p>\n<p class=\"western\">Edmund H. Hansen &#8211; <span style=\"color: #000080;\"><span lang=\"zxx\"><u><a href=\"https:\/\/cartelesmix.es\/cartelesdecine\/?p=235569\" target=\"_blank\" rel=\"noopener\">Un mill\u00f3n de gracias<\/a><\/u><\/span><\/span><\/p>\n<p class=\"western\">Thomas T. Moulton &#8211; <span style=\"color: #000080;\"><span lang=\"zxx\"><u><a href=\"https:\/\/cartelesmix.es\/cartelesdecine\/?p=945\" target=\"_blank\" rel=\"noopener\">El \u00e1ngel de las tinieblas<\/a><\/u><\/span><\/span><\/p>\n<p class=\"western\"><b>Mejor cortometraje de animaci\u00f3n<\/b><\/p>\n<p class=\"western\"><span style=\"color: #000080;\"><span lang=\"zxx\"><u><a href=\"https:\/\/cartelesmix.es\/cartelesdecine\/?p=235571\" target=\"_blank\" rel=\"noopener\">Los tres huerfanitos<\/a><\/u><\/span><\/span> &#8211; David Hand &#8211;\u00a0 <img decoding=\"async\" src=\"http:\/\/cartelesmix.es\/images\/CartelesA\/oscar.gif\" \/><\/p>\n<p class=\"western\"><span style=\"color: #000080;\"><span lang=\"zxx\"><u><a href=\"https:\/\/cartelesmix.es\/cartelesdecine\/?p=235593\" target=\"_blank\" rel=\"noopener\">\u00bfQuien mat\u00f3 al petirrojo?<\/a><\/u><\/span><\/span> &#8211; David Hand<\/p>\n<p class=\"western\">The Calico Dragon &#8211; Rudolf Ising<\/p>\n<p class=\"western\"><b>Mejor cortometraje de ficci\u00f3n &#8211; Comedia<\/b><\/p>\n<p class=\"western\">Como dormirse &#8211; Nick Grinde &#8211;\u00a0 <img decoding=\"async\" src=\"http:\/\/cartelesmix.es\/images\/CartelesA\/oscar.gif\" \/><\/p>\n<p class=\"western\"><b>Mejor cortometraje de ficci\u00f3n \u2013 Innovacion<\/b><\/p>\n<p class=\"western\">Wings Over Everest &#8211; Geoffrey Barkas, Ivor Montagu &#8211;\u00a0 <img decoding=\"async\" src=\"http:\/\/cartelesmix.es\/images\/CartelesA\/oscar.gif\" \/><\/p>\n<p class=\"western\"><b>\u00d3scar honor\u00edfico<\/b><\/p>\n<p class=\"western\">D. W. Griffith, <a href=\"https:\/\/cartelesmix.es\/cartelesdecine\/wp-content\/uploads\/2021\/05\/griffithdw36001.jpg\" target=\"_blank\" rel=\"noopener\"><img loading=\"lazy\" decoding=\"async\" class=\"alignright wp-image-233867 size-medium\" src=\"https:\/\/cartelesmix.es\/cartelesdecine\/wp-content\/uploads\/2021\/05\/griffithdw36001-180x240.jpg\" alt=\"\" width=\"180\" height=\"240\" srcset=\"https:\/\/cartelesmix.es\/cartelesdecine\/wp-content\/uploads\/2021\/05\/griffithdw36001-180x240.jpg 180w, https:\/\/cartelesmix.es\/cartelesdecine\/wp-content\/uploads\/2021\/05\/griffithdw36001-768x1023.jpg 768w, https:\/\/cartelesmix.es\/cartelesdecine\/wp-content\/uploads\/2021\/05\/griffithdw36001-1153x1536.jpg 1153w, https:\/\/cartelesmix.es\/cartelesdecine\/wp-content\/uploads\/2021\/05\/griffithdw36001-1537x2048.jpg 1537w\" sizes=\"auto, (max-width: 180px) 100vw, 180px\" \/><\/a><\/p>\n<p class=\"western\">\u00abPor sus distinguidos logros creativos como director y productor y su inestimable iniciativa y contribuciones permanentes al progreso de las artes cinematogr\u00e1ficas.\u00bb<\/p>\n","protected":false},"excerpt":{"rendered":"<p>Premios Oscar 1936 &#8211; Edici\u00f3n n\u00famero 8 05\/03\/1936 &#8211; El 5 de marzo de 1936 en el Biltmore Hotel de Los \u00c1ngeles, California se celebr\u00f3 la octava ceremonia de entrega de los premios Oscar y fue presentada por el director Frank Capra. Este fue el primer a\u00f1o en el que la estatuilla dorada fue llamada &hellip; <\/p>\n<p class=\"link-more\"><a href=\"https:\/\/cartelesmix.es\/cartelesdecine\/?page_id=235607\" class=\"more-link\">Continuar leyendo<span class=\"screen-reader-text\"> \u00abPremios Oscar 1936 &#8211; Edici\u00f3n n\u00famero 8\u00bb<\/span><\/a><\/p>\n","protected":false},"author":1,"featured_media":0,"parent":0,"menu_order":0,"comment_status":"closed","ping_status":"closed","template":"","meta":{"footnotes":""},"class_list":["post-235607","page","type-page","status-publish","hentry"],"_links":{"self":[{"href":"https:\/\/cartelesmix.es\/cartelesdecine\/index.php?rest_route=\/wp\/v2\/pages\/235607","targetHints":{"allow":["GET"]}}],"collection":[{"href":"https:\/\/cartelesmix.es\/cartelesdecine\/index.php?rest_route=\/wp\/v2\/pages"}],"about":[{"href":"https:\/\/cartelesmix.es\/cartelesdecine\/index.php?rest_route=\/wp\/v2\/types\/page"}],"author":[{"embeddable":true,"href":"https:\/\/cartelesmix.es\/cartelesdecine\/index.php?rest_route=\/wp\/v2\/users\/1"}],"replies":[{"embeddable":true,"href":"https:\/\/cartelesmix.es\/cartelesdecine\/index.php?rest_route=%2Fwp%2Fv2%2Fcomments&post=235607"}],"version-history":[{"count":1,"href":"https:\/\/cartelesmix.es\/cartelesdecine\/index.php?rest_route=\/wp\/v2\/pages\/235607\/revisions"}],"predecessor-version":[{"id":235608,"href":"https:\/\/cartelesmix.es\/cartelesdecine\/index.php?rest_route=\/wp\/v2\/pages\/235607\/revisions\/235608"}],"wp:attachment":[{"href":"https:\/\/cartelesmix.es\/cartelesdecine\/index.php?rest_route=%2Fwp%2Fv2%2Fmedia&parent=235607"}],"curies":[{"name":"wp","href":"https:\/\/api.w.org\/{rel}","templated":true}]}}