{"id":97320,"date":"2018-05-01T00:10:09","date_gmt":"2018-04-30T22:10:09","guid":{"rendered":"http:\/\/cartelesmix.es\/cartelesdecine\/?page_id=97320"},"modified":"2018-05-01T08:59:20","modified_gmt":"2018-05-01T06:59:20","slug":"2-cine-negro","status":"publish","type":"page","link":"https:\/\/cartelesmix.es\/cartelesdecine\/?page_id=97320","title":{"rendered":"Cine Negro"},"content":{"rendered":"<p><a href=\"http:\/\/cartelesmix.es\/cartelesdecine\/?p=729\" target=\"_blank\" rel=\"noopener\">Al borde del peligro (1950)<\/a> Estados Unidos<\/p>\n<p><a href=\"http:\/\/cartelesmix.es\/cartelesdecine\/?p=752\" target=\"_blank\" rel=\"noopener\">Al rojo vivo (1949)<\/a> Estados Unidos<\/p>\n<p><a href=\"http:\/\/cartelesmix.es\/cartelesdecine\/?p=819\" target=\"_blank\" rel=\"noopener\">Alma en suplicio (1945)<\/a> Estados Unidos<\/p>\n<p><a href=\"http:\/\/cartelesmix.es\/cartelesdecine\/?p=867\" target=\"_blank\" rel=\"noopener\">American Gangster (2007)<\/a> Estados Unidos<\/p>\n<p><a href=\"http:\/\/cartelesmix.es\/cartelesdecine\/?p=949\" target=\"_blank\" rel=\"noopener\">\u00c1ngeles con caras sucias (1938)<\/a> Estados Unidos<\/p>\n<p><a href=\"http:\/\/cartelesmix.es\/cartelesdecine\/?p=148719\" target=\"_blank\" rel=\"noopener\">Ascensor para el cadalso (1958)<\/a> Francia<\/p>\n<p><a href=\"http:\/\/cartelesmix.es\/cartelesdecine\/?p=1113\" target=\"_blank\" rel=\"noopener\">Atraco perfecto (1956)<\/a> Estados Unidos<\/p>\n<p><a href=\"http:\/\/cartelesmix.es\/cartelesdecine\/?p=1118\" target=\"_blank\" rel=\"noopener\">Atrapado por su pasado (1993)<\/a> Estados Unidos<\/p>\n<p><a href=\"http:\/\/cartelesmix.es\/cartelesdecine\/?p=1356\" target=\"_blank\" rel=\"noopener\">Blade Runner (1982)<\/a> Estados Unidos<\/p>\n<p><a href=\"http:\/\/cartelesmix.es\/cartelesdecine\/?p=1589\" target=\"_blank\" rel=\"noopener\">Camino a la perdici\u00f3n (2002)<\/a> Estados Unidos<\/p>\n<p><a href=\"http:\/\/cartelesmix.es\/cartelesdecine\/?p=1645\" target=\"_blank\" rel=\"noopener\">Cara de \u00e1ngel (1952)<\/a> Estados Unidos<\/p>\n<p><a href=\"http:\/\/cartelesmix.es\/cartelesdecine\/?p=1681\" target=\"_blank\" rel=\"noopener\">Carretera perdida (1997)<\/a> Estados Unidos<\/p>\n<p><a href=\"http:\/\/cartelesmix.es\/cartelesdecine\/?p=1697\" target=\"_blank\" rel=\"noopener\">Casablanca (1942)<\/a> Estados Unidos<\/p>\n<p><a href=\"http:\/\/cartelesmix.es\/cartelesdecine\/?p=1710\" target=\"_blank\" rel=\"noopener\">Casino (1995)<\/a> Estados Unidos<\/p>\n<p><a href=\"http:\/\/cartelesmix.es\/cartelesdecine\/?p=1725\" target=\"_blank\" rel=\"noopener\">Cayo Largo (1948)<\/a> Estados Unidos<\/p>\n<p><a href=\"http:\/\/cartelesmix.es\/cartelesdecine\/?p=148752\" target=\"_blank\" rel=\"noopener\">Chantaje en Broadway (1957)<\/a> Estados Unidos<\/p>\n<p><a href=\"http:\/\/cartelesmix.es\/cartelesdecine\/?p=1805\" target=\"_blank\" rel=\"noopener\">Chinatown (1974)<\/a> Estados Unidos<\/p>\n<p><a href=\"http:\/\/cartelesmix.es\/cartelesdecine\/?p=1833\" target=\"_blank\" rel=\"noopener\">C\u00edrculo rojo (1970)<\/a> Francia<\/p>\n<p><a href=\"http:\/\/cartelesmix.es\/cartelesdecine\/?p=148770\" target=\"_blank\" rel=\"noopener\">C\u00f3digo del hampa (1964)<\/a> Estados Unidos<\/p>\n<p><a href=\"http:\/\/cartelesmix.es\/cartelesdecine\/?p=148804\" target=\"_blank\" rel=\"noopener\">Con las horas contadas (1950)<\/a> Estados Unidos<\/p>\n<p><a href=\"http:\/\/cartelesmix.es\/cartelesdecine\/?p=4853\" target=\"_blank\" rel=\"noopener\">Deseos humanos (1954)<\/a> Estados Unidos<\/p>\n<p><a href=\"http:\/\/cartelesmix.es\/cartelesdecine\/?p=148822\" target=\"_blank\" rel=\"noopener\">Detour (El desv\u00edo) (1945)<\/a> Estados Unidos<\/p>\n<p><a href=\"http:\/\/cartelesmix.es\/cartelesdecine\/?p=5040\" target=\"_blank\" rel=\"noopener\">Donnie Brasco (1997)<\/a> Estados Unidos<\/p>\n<p><a href=\"http:\/\/cartelesmix.es\/cartelesdecine\/?p=8253\" target=\"_blank\" rel=\"noopener\">Drive (2011)<\/a> Estados Unidos<\/p>\n<p><a href=\"http:\/\/cartelesmix.es\/cartelesdecine\/?p=5170\" target=\"_blank\" rel=\"noopener\">El abrazo de la muerte (1949)<\/a> Estados Unidos<\/p>\n<p><a href=\"http:\/\/cartelesmix.es\/cartelesdecine\/?p=5345\" target=\"_blank\" rel=\"noopener\">El beso de la muerte (1947)<\/a> Estados Unidos<\/p>\n<p><a href=\"http:\/\/cartelesmix.es\/cartelesdecine\/?p=148837\" target=\"_blank\" rel=\"noopener\">El beso mortal (1955)<\/a> Estados Unidos<\/p>\n<p><a href=\"http:\/\/cartelesmix.es\/cartelesdecine\/?p=5402\" target=\"_blank\" rel=\"noopener\">El cartero siempre llama dos veces (1946)<\/a> Estados Unidos<\/p>\n<p><a href=\"http:\/\/cartelesmix.es\/cartelesdecine\/?p=5403\" target=\"_blank\" rel=\"noopener\">El cartero siempre llama dos veces (1981)<\/a> Estados Unidos<\/p>\n<p><a href=\"http:\/\/cartelesmix.es\/cartelesdecine\/?p=148907\" target=\"_blank\" rel=\"noopener\">El crack (1981)<\/a> Espa\u00f1a<\/p>\n<p><a href=\"http:\/\/cartelesmix.es\/cartelesdecine\/?p=7168\" target=\"_blank\" rel=\"noopener\">El crep\u00fasculo de los dioses (1950)<\/a> Estados Unidos<\/p>\n<p><a href=\"http:\/\/cartelesmix.es\/cartelesdecine\/?p=7201\" target=\"_blank\" rel=\"noopener\">El demonio de las armas (1950)<\/a> Estados Unidos<\/p>\n<p><a href=\"http:\/\/cartelesmix.es\/cartelesdecine\/?p=7330\" target=\"_blank\" rel=\"noopener\">El enemigo p\u00fablico (1931)<\/a> Estados Unidos<\/p>\n<p><a href=\"http:\/\/cartelesmix.es\/cartelesdecine\/?p=7359\" target=\"_blank\" rel=\"noopener\">El extra\u00f1o (1946)<\/a> Estados Unidos<\/p>\n<p><a href=\"http:\/\/cartelesmix.es\/cartelesdecine\/?p=7360\" target=\"_blank\" rel=\"noopener\">El extra\u00f1o amor de Martha Ivers (1946)<\/a> Estados Unidos<\/p>\n<p><a href=\"http:\/\/cartelesmix.es\/cartelesdecine\/?p=7418\" target=\"_blank\" rel=\"noopener\">El gran carnaval (1951)<\/a> Estados Unidos<\/p>\n<p><a href=\"http:\/\/cartelesmix.es\/cartelesdecine\/?p=7530\" target=\"_blank\" rel=\"noopener\">El halc\u00f3n malt\u00e9s (1941)<\/a> Estados Unidos<\/p>\n<p><a href=\"http:\/\/cartelesmix.es\/cartelesdecine\/?p=7579\" target=\"_blank\" rel=\"noopener\">El hombre que nunca estuvo all\u00ed (2001)<\/a> Estados Unidos<\/p>\n<p><a href=\"http:\/\/cartelesmix.es\/cartelesdecine\/?p=7616\" target=\"_blank\" rel=\"noopener\">El infierno del odio (1963)<\/a> Jap\u00f3n<\/p>\n<p><a href=\"http:\/\/cartelesmix.es\/cartelesdecine\/?p=7806\" target=\"_blank\" rel=\"noopener\">El padrino (1972)<\/a> Estados Unidos<\/p>\n<p><a href=\"http:\/\/cartelesmix.es\/cartelesdecine\/?p=7807\" target=\"_blank\" rel=\"noopener\">El padrino. Parte II (1974)<\/a> Estados Unidos<\/p>\n<p><a href=\"http:\/\/cartelesmix.es\/cartelesdecine\/?p=7808\" target=\"_blank\" rel=\"noopener\">El Padrino. Parte III (1990)<\/a> Estados Unidos<\/p>\n<p><a href=\"http:\/\/cartelesmix.es\/cartelesdecine\/?p=7869\" target=\"_blank\" rel=\"noopener\">El precio del poder (1983)<\/a> Estados Unidos<\/p>\n<p><a href=\"http:\/\/cartelesmix.es\/cartelesdecine\/?p=148910\" target=\"_blank\" rel=\"noopener\">El silencio de un hombre (El samur\u00e1i)<\/a> (1967) Francia<\/p>\n<p><a href=\"http:\/\/cartelesmix.es\/cartelesdecine\/?p=8071\" target=\"_blank\" rel=\"noopener\">El sue\u00f1o eterno (1946)<\/a> Estados Unidos<\/p>\n<p><a href=\"http:\/\/cartelesmix.es\/cartelesdecine\/?p=8081\" target=\"_blank\" rel=\"noopener\">El tercer hombre (1949)<\/a> Reino Unido<\/p>\n<p><a href=\"http:\/\/cartelesmix.es\/cartelesdecine\/?p=8148\" target=\"_blank\" rel=\"noopener\">El \u00faltimo refugio (1941)<\/a> Estados Unidos<\/p>\n<p><a href=\"http:\/\/cartelesmix.es\/cartelesdecine\/?p=8337\" target=\"_blank\" rel=\"noopener\">En un lugar solitario (1950)<\/a> Estados Unidos<\/p>\n<p><a href=\"http:\/\/cartelesmix.es\/cartelesdecine\/?p=8356\" target=\"_blank\" rel=\"noopener\">Enemigos p\u00fablicos (2009)<\/a> Estados Unidos<\/p>\n<p><a href=\"http:\/\/cartelesmix.es\/cartelesdecine\/?p=8401\" target=\"_blank\" rel=\"noopener\">\u00c9rase una vez en Am\u00e9rica (1984)<\/a> Estados Unidos<\/p>\n<p><a href=\"http:\/\/cartelesmix.es\/cartelesdecine\/?p=8535\" target=\"_blank\" rel=\"noopener\">Extra\u00f1os en un tren (1951)<\/a> Estados Unidos<\/p>\n<p><a href=\"http:\/\/cartelesmix.es\/cartelesdecine\/?p=8577\" target=\"_blank\" rel=\"noopener\">Fargo (1996)<\/a> Estados Unidos<\/p>\n<p><a href=\"http:\/\/cartelesmix.es\/cartelesdecine\/?p=8650\" target=\"_blank\" rel=\"noopener\">Forajidos (1946)<\/a> Estados Unidos<\/p>\n<p><a href=\"http:\/\/cartelesmix.es\/cartelesdecine\/?p=8705\" target=\"_blank\" rel=\"noopener\">Fuego en el cuerpo (1981)<\/a> Estados Unidos<\/p>\n<p><a href=\"http:\/\/cartelesmix.es\/cartelesdecine\/?p=8736\" target=\"_blank\" rel=\"noopener\">Furia (1936)<\/a> Estados Unidos<\/p>\n<p><a href=\"http:\/\/cartelesmix.es\/cartelesdecine\/?p=8796\" target=\"_blank\" rel=\"noopener\">Gilda (1946)<\/a> Estados Unidos<\/p>\n<p><a href=\"http:\/\/cartelesmix.es\/cartelesdecine\/?p=8947\" target=\"_blank\" rel=\"noopener\">Hampa dorada (1931)<\/a> Estados Unidos<\/p>\n<p><a href=\"http:\/\/cartelesmix.es\/cartelesdecine\/?p=9351\" target=\"_blank\" rel=\"noopener\">Infiltrados (2006)<\/a> Estados Unidos<\/p>\n<p><a href=\"http:\/\/cartelesmix.es\/cartelesdecine\/?p=13120\" target=\"_blank\" rel=\"noopener\">L.A. Confidential (1997)<\/a> Estados Unidos<\/p>\n<p><a href=\"http:\/\/cartelesmix.es\/cartelesdecine\/?p=13354\" target=\"_blank\" rel=\"noopener\">La dalia negra (2006)<\/a> Estados Unidos<\/p>\n<p><a href=\"http:\/\/cartelesmix.es\/cartelesdecine\/?p=13358\" target=\"_blank\" rel=\"noopener\">La dama de Shanghai (1947)<\/a> Estados Unidos<\/p>\n<p><a href=\"http:\/\/cartelesmix.es\/cartelesdecine\/?p=148914\" target=\"_blank\" rel=\"noopener\">La isla m\u00ednima (2014)<\/a> Espa\u00f1a<\/p>\n<p><a href=\"http:\/\/cartelesmix.es\/cartelesdecine\/?p=13610\" target=\"_blank\" rel=\"noopener\">La jungla de asfalto (1950)<\/a> Estados Unidos<\/p>\n<p><a href=\"http:\/\/cartelesmix.es\/cartelesdecine\/?p=13756\" target=\"_blank\" rel=\"noopener\">La mujer del cuadro (1944)<\/a> Estados Unidos<\/p>\n<p><a href=\"http:\/\/cartelesmix.es\/cartelesdecine\/?p=13797\" target=\"_blank\" rel=\"noopener\">La noche del cazador (1955)<\/a> Estados Unidos<\/p>\n<p><a href=\"http:\/\/cartelesmix.es\/cartelesdecine\/?p=13945\" target=\"_blank\" rel=\"noopener\">La senda tenebrosa (1947)<\/a> Estados Unidos<\/p>\n<p><a href=\"http:\/\/cartelesmix.es\/cartelesdecine\/?p=13970\" target=\"_blank\" rel=\"noopener\">La sombra de una duda (1943)<\/a> Estados Unidos<\/p>\n<p><a href=\"http:\/\/cartelesmix.es\/cartelesdecine\/?p=14296\" target=\"_blank\" rel=\"noopener\">Laura (1944)<\/a> Estados Unidos<\/p>\n<p><a href=\"http:\/\/cartelesmix.es\/cartelesdecine\/?p=14416\" target=\"_blank\" rel=\"noopener\">Lock &amp; Stock (1998)<\/a> Reino Unido<\/p>\n<p><a href=\"http:\/\/cartelesmix.es\/cartelesdecine\/?p=14565\" target=\"_blank\" rel=\"noopener\">Los intocables de Eliot Ness (1987)<\/a> Estados Unidos<\/p>\n<p><a href=\"http:\/\/cartelesmix.es\/cartelesdecine\/?p=14650\" target=\"_blank\" rel=\"noopener\">Los sobornados (1953)<\/a> Estados Unidos<\/p>\n<p><a href=\"http:\/\/cartelesmix.es\/cartelesdecine\/?p=14688\" target=\"_blank\" rel=\"noopener\">Los violentos a\u00f1os veinte (1939)<\/a> Estados Unidos<\/p>\n<p><a href=\"http:\/\/cartelesmix.es\/cartelesdecine\/?p=12697\" target=\"_blank\" rel=\"noopener\">Manos peligrosas (1953)<\/a> Estados Unidos<\/p>\n<p><a href=\"http:\/\/cartelesmix.es\/cartelesdecine\/?p=12772\" target=\"_blank\" rel=\"noopener\">M\u00e1s dura ser\u00e1 la ca\u00edda (1956)<\/a> Estados Unidos<\/p>\n<p><a href=\"http:\/\/cartelesmix.es\/cartelesdecine\/?p=12942\" target=\"_blank\" rel=\"noopener\">Mientras Nueva York duerme (1956)<\/a> Estados Unidos<\/p>\n<p><a href=\"http:\/\/cartelesmix.es\/cartelesdecine\/?p=13068\" target=\"_blank\" rel=\"noopener\">Muerte de un ciclista (1955)<\/a> Espa\u00f1a<\/p>\n<p><a href=\"http:\/\/cartelesmix.es\/cartelesdecine\/?p=13075\" target=\"_blank\" rel=\"noopener\">Muerte entre las flores (1990)<\/a> Estados Unidos<\/p>\n<p><a href=\"http:\/\/cartelesmix.es\/cartelesdecine\/?p=148917\" target=\"_blank\" rel=\"noopener\">Noche en la ciudad (1950)<\/a> Reino Unido<\/p>\n<p><a href=\"http:\/\/cartelesmix.es\/cartelesdecine\/?p=10313\" target=\"_blank\" rel=\"noopener\">Perdici\u00f3n (1944)<\/a> Estados Unidos<\/p>\n<p><a href=\"http:\/\/cartelesmix.es\/cartelesdecine\/?p=10339\" target=\"_blank\" rel=\"noopener\">Perversidad (1945)<\/a> Estados Unidos<\/p>\n<p><a href=\"http:\/\/cartelesmix.es\/cartelesdecine\/?p=10502\" target=\"_blank\" rel=\"noopener\">Promesas del este (2007)<\/a> Reino Unido<\/p>\n<p><a href=\"http:\/\/cartelesmix.es\/cartelesdecine\/?p=10523\" target=\"_blank\" rel=\"noopener\">Pulp Fiction (1994)<\/a> Estados Unidos<\/p>\n<p><a href=\"http:\/\/cartelesmix.es\/cartelesdecine\/?p=10698\" target=\"_blank\" rel=\"noopener\">Reservoir Dogs (1992)<\/a> Estados Unidos<\/p>\n<p><a href=\"http:\/\/cartelesmix.es\/cartelesdecine\/?p=10713\" target=\"_blank\" rel=\"noopener\">Retorno al pasado (1947)<\/a> Estados Unidos<\/p>\n<p><a href=\"http:\/\/cartelesmix.es\/cartelesdecine\/?p=10741\" target=\"_blank\" rel=\"noopener\">Rififi (1955)<\/a> Francia<\/p>\n<p><a href=\"http:\/\/cartelesmix.es\/cartelesdecine\/?p=10921\" target=\"_blank\" rel=\"noopener\">Sangre f\u00e1cil (1984)<\/a> Estados Unidos<\/p>\n<p><a href=\"http:\/\/cartelesmix.es\/cartelesdecine\/?p=10945\" target=\"_blank\" rel=\"noopener\">Scarface, el terror del Hampa (1932)<\/a> Estados Unidos<\/p>\n<p><a href=\"http:\/\/cartelesmix.es\/cartelesdecine\/?p=10987\" target=\"_blank\" rel=\"noopener\">Sed de mal (1958)<\/a> Estados Unidos<\/p>\n<p><a href=\"http:\/\/cartelesmix.es\/cartelesdecine\/?p=11037\" target=\"_blank\" rel=\"noopener\">Seven (Se7en) (1995)<\/a> Estados Unidos<\/p>\n<p><a href=\"http:\/\/cartelesmix.es\/cartelesdecine\/?p=11131\" target=\"_blank\" rel=\"noopener\">Sin City (Ciudad del pecado) (2005)<\/a> Estados Unidos<\/p>\n<p><a href=\"http:\/\/cartelesmix.es\/cartelesdecine\/?p=11132\" target=\"_blank\" rel=\"noopener\">Sin conciencia (1951)<\/a> Estados Unidos<\/p>\n<p><a href=\"http:\/\/cartelesmix.es\/cartelesdecine\/?p=11176\" target=\"_blank\" rel=\"noopener\">Snatch. Cerdos y diamantes (2000)<\/a> Reino Unido<\/p>\n<p><a href=\"http:\/\/cartelesmix.es\/cartelesdecine\/?p=11216\" target=\"_blank\" rel=\"noopener\">S\u00f3lo se vive una vez (1937)<\/a> Estados Unidos<\/p>\n<p><a href=\"http:\/\/cartelesmix.es\/cartelesdecine\/?p=11254\" target=\"_blank\" rel=\"noopener\">Sospechosos habituales (1995)<\/a> Estados Unidos<\/p>\n<p><a href=\"http:\/\/cartelesmix.es\/cartelesdecine\/?p=11266\" target=\"_blank\" rel=\"noopener\">Soy un fugitivo (1932)<\/a> Estados Unidos<\/p>\n<p><a href=\"http:\/\/cartelesmix.es\/cartelesdecine\/?p=11678\" target=\"_blank\" rel=\"noopener\">Tener y no tener (1944)<\/a> Estados Unidos<\/p>\n<p><a href=\"http:\/\/cartelesmix.es\/cartelesdecine\/?p=11687\" target=\"_blank\" rel=\"noopener\">Terciopelo azul (1986)<\/a> Estados Unidos<\/p>\n<p><a href=\"http:\/\/cartelesmix.es\/cartelesdecine\/?p=11704\" target=\"_blank\" rel=\"noopener\">Testigo de cargo (1957)<\/a> Estados Unidos<\/p>\n<p><a href=\"http:\/\/cartelesmix.es\/cartelesdecine\/?p=12429\" target=\"_blank\" rel=\"noopener\">Una historia del Bronx (A Bronx Tale) (1993)<\/a> Estados Unidos<\/p>\n<p><a href=\"http:\/\/cartelesmix.es\/cartelesdecine\/?p=12505\" target=\"_blank\" rel=\"noopener\">Uno de los nuestros (1990)<\/a> Estados Unidos<\/p>\n","protected":false},"excerpt":{"rendered":"<p>Al borde del peligro (1950) Estados Unidos Al rojo vivo (1949) Estados Unidos Alma en suplicio (1945) Estados Unidos American Gangster (2007) Estados Unidos \u00c1ngeles con caras sucias (1938) Estados Unidos Ascensor para el cadalso (1958) Francia Atraco perfecto (1956) Estados Unidos Atrapado por su pasado (1993) Estados Unidos Blade Runner (1982) Estados Unidos Camino &hellip; <\/p>\n<p class=\"link-more\"><a href=\"https:\/\/cartelesmix.es\/cartelesdecine\/?page_id=97320\" class=\"more-link\">Continuar leyendo<span class=\"screen-reader-text\"> \u00abCine Negro\u00bb<\/span><\/a><\/p>\n","protected":false},"author":1,"featured_media":149140,"parent":0,"menu_order":0,"comment_status":"closed","ping_status":"closed","template":"","meta":{"footnotes":""},"class_list":["post-97320","page","type-page","status-publish","has-post-thumbnail","hentry"],"_links":{"self":[{"href":"https:\/\/cartelesmix.es\/cartelesdecine\/index.php?rest_route=\/wp\/v2\/pages\/97320","targetHints":{"allow":["GET"]}}],"collection":[{"href":"https:\/\/cartelesmix.es\/cartelesdecine\/index.php?rest_route=\/wp\/v2\/pages"}],"about":[{"href":"https:\/\/cartelesmix.es\/cartelesdecine\/index.php?rest_route=\/wp\/v2\/types\/page"}],"author":[{"embeddable":true,"href":"https:\/\/cartelesmix.es\/cartelesdecine\/index.php?rest_route=\/wp\/v2\/users\/1"}],"replies":[{"embeddable":true,"href":"https:\/\/cartelesmix.es\/cartelesdecine\/index.php?rest_route=%2Fwp%2Fv2%2Fcomments&post=97320"}],"version-history":[{"count":3,"href":"https:\/\/cartelesmix.es\/cartelesdecine\/index.php?rest_route=\/wp\/v2\/pages\/97320\/revisions"}],"predecessor-version":[{"id":149141,"href":"https:\/\/cartelesmix.es\/cartelesdecine\/index.php?rest_route=\/wp\/v2\/pages\/97320\/revisions\/149141"}],"wp:featuredmedia":[{"embeddable":true,"href":"https:\/\/cartelesmix.es\/cartelesdecine\/index.php?rest_route=\/wp\/v2\/media\/149140"}],"wp:attachment":[{"href":"https:\/\/cartelesmix.es\/cartelesdecine\/index.php?rest_route=%2Fwp%2Fv2%2Fmedia&parent=97320"}],"curies":[{"name":"wp","href":"https:\/\/api.w.org\/{rel}","templated":true}]}}