{"id":97322,"date":"2018-05-03T00:10:09","date_gmt":"2018-05-02T22:10:09","guid":{"rendered":"http:\/\/cartelesmix.es\/cartelesdecine\/?page_id=97322"},"modified":"2018-05-03T09:38:34","modified_gmt":"2018-05-03T07:38:34","slug":"peliculas-de-ciencia-ficcion","status":"publish","type":"page","link":"https:\/\/cartelesmix.es\/cartelesdecine\/?page_id=97322","title":{"rendered":"Pel\u00edculas de Ciencia Ficci\u00f3n"},"content":{"rendered":"<p><a href=\"http:\/\/cartelesmix.es\/cartelesdecine\/?p=4982\" target=\"_blank\" rel=\"noopener\">12 monos (1995)<\/a> Estados Unidos<\/p>\n<p><a href=\"http:\/\/cartelesmix.es\/cartelesdecine\/?p=2622\" target=\"_blank\" rel=\"noopener\">2001: Una odisea del espacio (1968)<\/a> Reino Unido<\/p>\n<p><a href=\"http:\/\/cartelesmix.es\/cartelesdecine\/?p=616\" target=\"_blank\" rel=\"noopener\">A.I. Inteligencia Artificial (2001)<\/a> Estados Unidos<\/p>\n<p><a href=\"http:\/\/cartelesmix.es\/cartelesdecine\/?p=636\" target=\"_blank\" rel=\"noopener\">Abyss (1989)<\/a> Estados Unidos<\/p>\n<p><a href=\"http:\/\/cartelesmix.es\/cartelesdecine\/?p=727\" target=\"_blank\" rel=\"noopener\">Akira (1988)<\/a> Jap\u00f3n<\/p>\n<p><a href=\"http:\/\/cartelesmix.es\/cartelesdecine\/?p=148944\" target=\"_blank\" rel=\"noopener\">Al filo del ma\u00f1ana (2014)<\/a> Estados Unidos<\/p>\n<p><a href=\"http:\/\/cartelesmix.es\/cartelesdecine\/?p=811\" target=\"_blank\" rel=\"noopener\">Alien, el octavo pasajero (1979)<\/a> Estados Unidos<\/p>\n<p><a href=\"http:\/\/cartelesmix.es\/cartelesdecine\/?p=810\" target=\"_blank\" rel=\"noopener\">Alien: Resurrecci\u00f3n (1997)<\/a> Estados Unidos<\/p>\n<p><a href=\"http:\/\/cartelesmix.es\/cartelesdecine\/?p=809\" target=\"_blank\" rel=\"noopener\">Alien\u00b3 (1992)<\/a> Estados Unidos<\/p>\n<p><a href=\"http:\/\/cartelesmix.es\/cartelesdecine\/?p=814\" target=\"_blank\" rel=\"noopener\">Aliens: El regreso (1986)<\/a> Estados Unidos<\/p>\n<p><a href=\"http:\/\/cartelesmix.es\/cartelesdecine\/?p=1040\" target=\"_blank\" rel=\"noopener\">Armageddon (1998)<\/a> Estados Unidos<\/p>\n<p><a href=\"http:\/\/cartelesmix.es\/cartelesdecine\/?p=1108\" target=\"_blank\" rel=\"noopener\">Atm\u00f3sfera cero (1981)<\/a> Reino Unido<\/p>\n<p><a href=\"http:\/\/cartelesmix.es\/cartelesdecine\/?p=3681\" target=\"_blank\" rel=\"noopener\">Avatar (2009)<\/a> Estados Unidos<\/p>\n<p><a href=\"http:\/\/cartelesmix.es\/cartelesdecine\/?p=1356\" target=\"_blank\" rel=\"noopener\">Blade Runner (1982)<\/a> Estados Unidos<\/p>\n<p><a href=\"http:\/\/cartelesmix.es\/cartelesdecine\/?p=148656\" target=\"_blank\" rel=\"noopener\">Blade Runner 2049 (2017)<\/a> Estados Unidos<\/p>\n<p><a href=\"http:\/\/cartelesmix.es\/cartelesdecine\/?p=1422\" target=\"_blank\" rel=\"noopener\">Brazil (1985)<\/a> Reino Unido<\/p>\n<p><a href=\"http:\/\/cartelesmix.es\/cartelesdecine\/?p=51040\" target=\"_blank\" rel=\"noopener\">C\u00f3digo Fuente (2011)<\/a> Estados Unidos<\/p>\n<p><a href=\"http:\/\/cartelesmix.es\/cartelesdecine\/?p=2030\" target=\"_blank\" rel=\"noopener\">Contact (1997)<\/a> Estados Unidos<\/p>\n<p><a href=\"http:\/\/cartelesmix.es\/cartelesdecine\/?p=2146\" target=\"_blank\" rel=\"noopener\">Cuando el destino nos alcance (1973)<\/a> Estados Unidos<\/p>\n<p><a href=\"http:\/\/cartelesmix.es\/cartelesdecine\/?p=2179\" target=\"_blank\" rel=\"noopener\">Cube (1997)<\/a> Canad\u00e1<\/p>\n<p><a href=\"http:\/\/cartelesmix.es\/cartelesdecine\/?p=2653\" target=\"_blank\" rel=\"noopener\">Dark City (1998)<\/a> Estados Unidos<\/p>\n<p><a href=\"http:\/\/cartelesmix.es\/cartelesdecine\/?p=3190\" target=\"_blank\" rel=\"noopener\">Depredador (1987)<\/a> Estados Unidos<\/p>\n<p><a href=\"http:\/\/cartelesmix.es\/cartelesdecine\/?p=3199\" target=\"_blank\" rel=\"noopener\">Desaf\u00edo total (1990)<\/a> Estados Unidos<\/p>\n<p><a href=\"http:\/\/cartelesmix.es\/cartelesdecine\/?p=3729\" target=\"_blank\" rel=\"noopener\">Distrito 9 (2009)<\/a> Sud\u00e1frica<\/p>\n<p><a href=\"http:\/\/cartelesmix.es\/cartelesdecine\/?p=5041\" target=\"_blank\" rel=\"noopener\">Donnie Darko (2001)<\/a> Estados Unidos<\/p>\n<p><a href=\"http:\/\/cartelesmix.es\/cartelesdecine\/?p=148946\" target=\"_blank\" rel=\"noopener\">Dune (1984)<\/a> Estados Unidos<\/p>\n<p><a href=\"http:\/\/cartelesmix.es\/cartelesdecine\/?p=5136\" target=\"_blank\" rel=\"noopener\">E.T., el extraterrestre (1982)<\/a> Estados Unidos<\/p>\n<p><a href=\"http:\/\/cartelesmix.es\/cartelesdecine\/?p=5371\" target=\"_blank\" rel=\"noopener\">El caballero oscuro (2008)<\/a> Estados Unidos<\/p>\n<p><a href=\"http:\/\/cartelesmix.es\/cartelesdecine\/?p=7320\" target=\"_blank\" rel=\"noopener\">El efecto mariposa (2004)<\/a> Estados Unidos<\/p>\n<p><a href=\"http:\/\/cartelesmix.es\/cartelesdecine\/?p=7612\" target=\"_blank\" rel=\"noopener\">El incre\u00edble hombre menguante (1957)<\/a> Estados Unidos<\/p>\n<p><a href=\"http:\/\/cartelesmix.es\/cartelesdecine\/?p=59614\" target=\"_blank\" rel=\"noopener\">El origen del planeta de los simios (2011)<\/a> Estados Unidos<\/p>\n<p><a href=\"http:\/\/cartelesmix.es\/cartelesdecine\/?p=7847\" target=\"_blank\" rel=\"noopener\">El planeta de los simios (1968)<\/a> Estados Unidos<\/p>\n<p><a href=\"http:\/\/cartelesmix.es\/cartelesdecine\/?p=7922\" target=\"_blank\" rel=\"noopener\">El quinto elemento (1997)<\/a> Francia<\/p>\n<p><a href=\"http:\/\/cartelesmix.es\/cartelesdecine\/?p=8029\" target=\"_blank\" rel=\"noopener\">El se\u00f1or de los anillos: El retorno del rey (2003)<\/a> Nueva Zelanda<\/p>\n<p><a href=\"http:\/\/cartelesmix.es\/cartelesdecine\/?p=8028\" target=\"_blank\" rel=\"noopener\">El se\u00f1or de los anillos: La comunidad del anillo (2001)<\/a> Nueva Zelanda<\/p>\n<p><a href=\"http:\/\/cartelesmix.es\/cartelesdecine\/?p=8096\" target=\"_blank\" rel=\"noopener\">El tiempo en sus manos (1960)<\/a> Estados Unidos<\/p>\n<p><a href=\"http:\/\/cartelesmix.es\/cartelesdecine\/?p=8350\" target=\"_blank\" rel=\"noopener\">Encuentros en la tercera fase (1977)<\/a> Estados Unidos<\/p>\n<p><a href=\"http:\/\/cartelesmix.es\/cartelesdecine\/?p=148948\" target=\"_blank\" rel=\"noopener\">Equilibrium (2002)<\/a> Estados Unidos<\/p>\n<p><a href=\"http:\/\/cartelesmix.es\/cartelesdecine\/?p=148950\" target=\"_blank\" rel=\"noopener\">Ex Machina (2014)<\/a> Reino Unido<\/p>\n<p><a href=\"http:\/\/cartelesmix.es\/cartelesdecine\/?p=8549\" target=\"_blank\" rel=\"noopener\">Fahrenheit 451 (1966)<\/a> Reino Unido<\/p>\n<p><a href=\"http:\/\/cartelesmix.es\/cartelesdecine\/?p=8759\" target=\"_blank\" rel=\"noopener\">Gattaca (1997)<\/a> Estados Unidos<\/p>\n<p><a href=\"http:\/\/cartelesmix.es\/cartelesdecine\/?p=8789\" target=\"_blank\" rel=\"noopener\">Ghost in the Shell (1995)<\/a> Jap\u00f3n<\/p>\n<p><a href=\"http:\/\/cartelesmix.es\/cartelesdecine\/?p=148952\" target=\"_blank\" rel=\"noopener\">Gravity (2013)<\/a> Estados Unidos<\/p>\n<p><a href=\"http:\/\/cartelesmix.es\/cartelesdecine\/?p=149399\" target=\"_blank\" rel=\"noopener\">Her (2013)<\/a> Estados Unidos<\/p>\n<p><a href=\"http:\/\/cartelesmix.es\/cartelesdecine\/?p=9063\" target=\"_blank\" rel=\"noopener\">Hijos de los hombres (2006)<\/a> Reino Unido<\/p>\n<p><a href=\"http:\/\/cartelesmix.es\/cartelesdecine\/?p=9337\" target=\"_blank\" rel=\"noopener\">Independence Day (1996)<\/a> Estados Unidos<\/p>\n<p><a href=\"http:\/\/cartelesmix.es\/cartelesdecine\/?p=148937\" target=\"_blank\" rel=\"noopener\">Interstellar (2014)<\/a> Estados Unidos<\/p>\n<p><a href=\"http:\/\/cartelesmix.es\/cartelesdecine\/?p=13339\" target=\"_blank\" rel=\"noopener\">La cosa (El enigma de otro mundo) (1982)<\/a> Estados Unidos<\/p>\n<p><a href=\"http:\/\/cartelesmix.es\/cartelesdecine\/?p=11315\" target=\"_blank\" rel=\"noopener\">La guerra de las galaxias. Episodio I: La amenaza fantasma (1999)<\/a> Estados Unidos<\/p>\n<p><a href=\"http:\/\/cartelesmix.es\/cartelesdecine\/?p=11318\" target=\"_blank\" rel=\"noopener\">La guerra de las galaxias. Episodio II: El ataque de los clones (2002)<\/a> Estados Unidos<\/p>\n<p><a href=\"http:\/\/cartelesmix.es\/cartelesdecine\/?p=11312\">La guerra de las galaxias. Episodio III: La venganza de los Sith (2005)<\/a> Estados Unidos<\/p>\n<p><a href=\"http:\/\/cartelesmix.es\/cartelesdecine\/?p=11314\" target=\"_blank\" rel=\"noopener\">La guerra de las galaxias. Episodio IV: Una nueva esperanza (1977)<\/a> Estados Unidos<\/p>\n<p><a href=\"http:\/\/cartelesmix.es\/cartelesdecine\/?p=11317\" target=\"_blank\" rel=\"noopener\">La guerra de las galaxias. Episodio V: El imperio contraataca (1980)<\/a> Estados Unidos<\/p>\n<p><a href=\"http:\/\/cartelesmix.es\/cartelesdecine\/?p=11316\" target=\"_blank\" rel=\"noopener\">La guerra de las galaxias. Episodio VI: El retorno del Jedi (1983)<\/a> Estados Unidos<\/p>\n<p><a href=\"http:\/\/cartelesmix.es\/cartelesdecine\/?p=13516\" target=\"_blank\" rel=\"noopener\">La guerra de los mundos (2005)<\/a> Estados Unidos<\/p>\n<p><a href=\"http:\/\/cartelesmix.es\/cartelesdecine\/?p=13582\" target=\"_blank\" rel=\"noopener\">La invasi\u00f3n de los ladrones de cuerpos (1956)<\/a> Estados Unidos<\/p>\n<p><a href=\"http:\/\/cartelesmix.es\/cartelesdecine\/?p=13586\" target=\"_blank\" rel=\"noopener\">La isla (2005)<\/a> Estados Unidos<\/p>\n<p><a href=\"http:\/\/cartelesmix.es\/cartelesdecine\/?p=149682\" target=\"_blank\" rel=\"noopener\">La llegada (2016)<\/a> Estados Unidos<\/p>\n<p><a href=\"http:\/\/cartelesmix.es\/cartelesdecine\/?p=13738\" target=\"_blank\" rel=\"noopener\">La mosca (1986)<\/a> Estados Unidos<\/p>\n<p><a href=\"http:\/\/cartelesmix.es\/cartelesdecine\/?p=13777\" target=\"_blank\" rel=\"noopener\">La naranja mec\u00e1nica (1971)<\/a> Reino Unido<\/p>\n<p><a href=\"http:\/\/cartelesmix.es\/cartelesdecine\/?p=25873\" target=\"_blank\" rel=\"noopener\">Las vidas posibles de Mr. Nobody (2009)<\/a> B\u00e9lgica<\/p>\n<p><a href=\"http:\/\/cartelesmix.es\/cartelesdecine\/?p=149723\" target=\"_blank\" rel=\"noopener\">Looper (2012)<\/a> Estados Unidos<\/p>\n<p><a href=\"http:\/\/cartelesmix.es\/cartelesdecine\/?p=12621\" target=\"_blank\" rel=\"noopener\">Mad Max, salvajes de la autopista (1979)<\/a> Australia<\/p>\n<p><a href=\"http:\/\/cartelesmix.es\/cartelesdecine\/?p=12619\" target=\"_blank\" rel=\"noopener\">Mad Max 2, el guerrero de la carretera\u00a0 (1981)<\/a> Australia<\/p>\n<p><a href=\"http:\/\/cartelesmix.es\/cartelesdecine\/?p=12620\" target=\"_blank\" rel=\"noopener\">Mad Max III, m\u00e1s all\u00e1 de la c\u00fapula del trueno\u00a0 (1985)<\/a> Australia<\/p>\n<p><a href=\"http:\/\/cartelesmix.es\/cartelesdecine\/?p=149791\" target=\"_blank\" rel=\"noopener\">Mad Max: Furia en la carretera (2015)<\/a> Australia<\/p>\n<p><a href=\"http:\/\/cartelesmix.es\/cartelesdecine\/?p=12602\" target=\"_blank\" rel=\"noopener\">Mars Attacks! (1996)<\/a> Estados Unidos<\/p>\n<p><a href=\"http:\/\/cartelesmix.es\/cartelesdecine\/?p=149837\" target=\"_blank\" rel=\"noopener\">Marte (The Martian) (2015)<\/a> Estados Unidos<\/p>\n<p><a href=\"http:\/\/cartelesmix.es\/cartelesdecine\/?p=12800\" target=\"_blank\" rel=\"noopener\">Matrix (1999)<\/a> Estados Unidos<\/p>\n<p><a href=\"http:\/\/cartelesmix.es\/cartelesdecine\/?p=12801\" target=\"_blank\" rel=\"noopener\">Matrix Reloaded (2003)<\/a> Estados Unidos<\/p>\n<p><a href=\"http:\/\/cartelesmix.es\/cartelesdecine\/?p=12802\" target=\"_blank\" rel=\"noopener\">Matrix Revolutions (2003)<\/a> Estados Unidos<\/p>\n<p><a href=\"http:\/\/cartelesmix.es\/cartelesdecine\/?p=9108\" target=\"_blank\" rel=\"noopener\">Men in Black (Hombres de negro) (1997)<\/a> Estados Unidos<\/p>\n<p><a href=\"http:\/\/cartelesmix.es\/cartelesdecine\/?p=12867\" target=\"_blank\" rel=\"noopener\">Metr\u00f3polis (1927)<\/a> Alemania<\/p>\n<p><a href=\"http:\/\/cartelesmix.es\/cartelesdecine\/?p=12963\" target=\"_blank\" rel=\"noopener\">Minority Report (2002)<\/a> Estados Unidos<\/p>\n<p><a href=\"http:\/\/cartelesmix.es\/cartelesdecine\/?p=14748\" target=\"_blank\" rel=\"noopener\">Moon (2009)<\/a> Reino Unido<\/p>\n<p><a href=\"http:\/\/cartelesmix.es\/cartelesdecine\/?p=9863\" target=\"_blank\" rel=\"noopener\">Nivel 13 (1999)<\/a> Estados Unidos<\/p>\n<p><a href=\"http:\/\/cartelesmix.es\/cartelesdecine\/?p=5644\" target=\"_blank\" rel=\"noopener\">Origen (2010)<\/a> Estados Unidos<\/p>\n<p><a href=\"http:\/\/cartelesmix.es\/cartelesdecine\/?p=10244\" target=\"_blank\" rel=\"noopener\">Parque Jur\u00e1sico (Jurassic Park) (1993)<\/a> Estados Unidos<\/p>\n<p><a href=\"http:\/\/cartelesmix.es\/cartelesdecine\/?p=10385\" target=\"_blank\" rel=\"noopener\">Pitch Black (2000)<\/a> Estados Unidos<\/p>\n<p><a href=\"http:\/\/cartelesmix.es\/cartelesdecine\/?p=10396\" target=\"_blank\" rel=\"noopener\">Planeta prohibido (1956)<\/a> Estados Unidos<\/p>\n<p><a href=\"http:\/\/cartelesmix.es\/cartelesdecine\/?p=148713\" target=\"_blank\" rel=\"noopener\">Prometheus (2012)<\/a> Estados Unidos<\/p>\n<p><a href=\"http:\/\/cartelesmix.es\/cartelesdecine\/?p=10667\" target=\"_blank\" rel=\"noopener\">Regreso al futuro (1985)<\/a> Estados Unidos<\/p>\n<p><a href=\"http:\/\/cartelesmix.es\/cartelesdecine\/?p=10668\" target=\"_blank\" rel=\"noopener\">Regreso al futuro II (1989)<\/a> Estados Unidos<\/p>\n<p><a href=\"http:\/\/cartelesmix.es\/cartelesdecine\/?p=10669\" target=\"_blank\" rel=\"noopener\">Regreso al futuro III (1990)<\/a> Estados Unidos<\/p>\n<p><a href=\"http:\/\/cartelesmix.es\/cartelesdecine\/?p=10785\" target=\"_blank\" rel=\"noopener\">Robocop (1987)<\/a> Estados Unidos<\/p>\n<p><a href=\"http:\/\/cartelesmix.es\/cartelesdecine\/?p=11014\" target=\"_blank\" rel=\"noopener\">Se\u00f1ales (2002)<\/a> Estados Unidos<\/p>\n<p><a href=\"http:\/\/cartelesmix.es\/cartelesdecine\/?p=11192\" target=\"_blank\" rel=\"noopener\">Solaris (1972)<\/a> Uni\u00f3n Sovi\u00e9tica (URSS)<\/p>\n<p><a href=\"http:\/\/cartelesmix.es\/cartelesdecine\/?p=11263\" target=\"_blank\" rel=\"noopener\">Soy leyenda (2007)<\/a> Estados Unidos<\/p>\n<p><a href=\"http:\/\/cartelesmix.es\/cartelesdecine\/?p=150009\" target=\"_blank\" rel=\"noopener\">Stalker (1979)<\/a> Uni\u00f3n Sovi\u00e9tica (URSS)<\/p>\n<p><a href=\"http:\/\/cartelesmix.es\/cartelesdecine\/?p=3830\" target=\"_blank\" rel=\"noopener\">Star Trek (2009)<\/a> Estados Unidos<\/p>\n<p><a href=\"http:\/\/cartelesmix.es\/cartelesdecine\/?p=150017\" target=\"_blank\" rel=\"noopener\">Star Wars: El despertar de la Fuerza (2015)<\/a> Estados Unidos<\/p>\n<p><a href=\"http:\/\/cartelesmix.es\/cartelesdecine\/?p=11322\" target=\"_blank\" rel=\"noopener\">Stargate, puerta a las estrellas (1994)<\/a> Estados Unidos<\/p>\n<p><a href=\"http:\/\/cartelesmix.es\/cartelesdecine\/?p=11324\" target=\"_blank\" rel=\"noopener\">Starship Troopers: Las brigadas del espacio (1997)<\/a> Estados Unidos<\/p>\n<p><a href=\"http:\/\/cartelesmix.es\/cartelesdecine\/?p=11401\" target=\"_blank\" rel=\"noopener\">Sunshine (2007)<\/a> Reino Unido<\/p>\n<p><a href=\"http:\/\/cartelesmix.es\/cartelesdecine\/?p=146918\" target=\"_blank\" rel=\"noopener\">Super 8 (2011)<\/a> Estados Unidos<\/p>\n<p><a href=\"http:\/\/cartelesmix.es\/cartelesdecine\/?p=11690\" target=\"_blank\" rel=\"noopener\">Terminator (1984)<\/a> Estados Unidos<\/p>\n<p><a href=\"http:\/\/cartelesmix.es\/cartelesdecine\/?p=11691\" target=\"_blank\" rel=\"noopener\">Terminator 2: El juicio final (1991)<\/a> Estados Unidos<\/p>\n<p><a href=\"http:\/\/cartelesmix.es\/cartelesdecine\/?p=12234\" target=\"_blank\" rel=\"noopener\">Ultim\u00e1tum a la Tierra (1951)<\/a> Estados Unidos<\/p>\n<p><a href=\"http:\/\/cartelesmix.es\/cartelesdecine\/?p=11464\" target=\"_blank\" rel=\"noopener\">V de Vendetta (2006)<\/a> Estados Unidos<\/p>\n<p><a href=\"http:\/\/cartelesmix.es\/cartelesdecine\/?p=9513\" target=\"_blank\" rel=\"noopener\">WALL\u2022E (2008)<\/a> Estados Unidos<\/p>\n<p><a href=\"http:\/\/cartelesmix.es\/cartelesdecine\/?p=9411\" target=\"_blank\" rel=\"noopener\">X-Men (2000)<\/a> Estados Unidos<\/p>\n<p><a href=\"http:\/\/cartelesmix.es\/cartelesdecine\/?p=9452\" target=\"_blank\" rel=\"noopener\">Yo, robot (2004)<\/a> Estados Unidos<\/p>\n","protected":false},"excerpt":{"rendered":"<p>12 monos (1995) Estados Unidos 2001: Una odisea del espacio (1968) Reino Unido A.I. Inteligencia Artificial (2001) Estados Unidos Abyss (1989) Estados Unidos Akira (1988) Jap\u00f3n Al filo del ma\u00f1ana (2014) Estados Unidos Alien, el octavo pasajero (1979) Estados Unidos Alien: Resurrecci\u00f3n (1997) Estados Unidos Alien\u00b3 (1992) Estados Unidos Aliens: El regreso (1986) Estados Unidos &hellip; <\/p>\n<p class=\"link-more\"><a href=\"https:\/\/cartelesmix.es\/cartelesdecine\/?page_id=97322\" class=\"more-link\">Continuar leyendo<span class=\"screen-reader-text\"> \u00abPel\u00edculas de Ciencia Ficci\u00f3n\u00bb<\/span><\/a><\/p>\n","protected":false},"author":1,"featured_media":150122,"parent":0,"menu_order":0,"comment_status":"closed","ping_status":"closed","template":"","meta":{"footnotes":""},"class_list":["post-97322","page","type-page","status-publish","has-post-thumbnail","hentry"],"_links":{"self":[{"href":"https:\/\/cartelesmix.es\/cartelesdecine\/index.php?rest_route=\/wp\/v2\/pages\/97322","targetHints":{"allow":["GET"]}}],"collection":[{"href":"https:\/\/cartelesmix.es\/cartelesdecine\/index.php?rest_route=\/wp\/v2\/pages"}],"about":[{"href":"https:\/\/cartelesmix.es\/cartelesdecine\/index.php?rest_route=\/wp\/v2\/types\/page"}],"author":[{"embeddable":true,"href":"https:\/\/cartelesmix.es\/cartelesdecine\/index.php?rest_route=\/wp\/v2\/users\/1"}],"replies":[{"embeddable":true,"href":"https:\/\/cartelesmix.es\/cartelesdecine\/index.php?rest_route=%2Fwp%2Fv2%2Fcomments&post=97322"}],"version-history":[{"count":2,"href":"https:\/\/cartelesmix.es\/cartelesdecine\/index.php?rest_route=\/wp\/v2\/pages\/97322\/revisions"}],"predecessor-version":[{"id":150123,"href":"https:\/\/cartelesmix.es\/cartelesdecine\/index.php?rest_route=\/wp\/v2\/pages\/97322\/revisions\/150123"}],"wp:featuredmedia":[{"embeddable":true,"href":"https:\/\/cartelesmix.es\/cartelesdecine\/index.php?rest_route=\/wp\/v2\/media\/150122"}],"wp:attachment":[{"href":"https:\/\/cartelesmix.es\/cartelesdecine\/index.php?rest_route=%2Fwp%2Fv2%2Fmedia&parent=97322"}],"curies":[{"name":"wp","href":"https:\/\/api.w.org\/{rel}","templated":true}]}}